{"id":858,"date":"2024-02-07T20:11:23","date_gmt":"2024-02-07T20:11:23","guid":{"rendered":"https:\/\/andestopacific.cl\/index.php\/trekking-copy\/"},"modified":"2024-04-15T09:53:18","modified_gmt":"2024-04-15T09:53:18","slug":"trekking","status":"publish","type":"page","link":"https:\/\/andestopacific.cl\/en\/trekking\/","title":{"rendered":"Trekking"},"content":{"rendered":"<div data-elementor-type=\"wp-page\" data-elementor-id=\"858\" class=\"elementor elementor-858\" data-elementor-post-type=\"page\">\n\t\t\t\t<div class=\"elementor-element elementor-element-ce3d856 e-flex e-con-boxed e-con e-parent\" data-id=\"ce3d856\" data-element_type=\"container\" data-settings=\"{&quot;background_background&quot;:&quot;classic&quot;}\">\n\t\t\t\t\t<div class=\"e-con-inner\">\n\t\t<div class=\"elementor-element elementor-element-a9588e5 e-flex e-con-boxed e-con e-child\" data-id=\"a9588e5\" data-element_type=\"container\">\n\t\t\t\t\t<div class=\"e-con-inner\">\n\t\t\t\t\t<\/div>\n\t\t\t\t<\/div>\n\t\t\t\t\t<\/div>\n\t\t\t\t<\/div>\n\t\t<div class=\"elementor-element elementor-element-4792ce2 e-con-full e-flex e-con e-parent\" data-id=\"4792ce2\" data-element_type=\"container\" data-settings=\"{&quot;background_background&quot;:&quot;classic&quot;}\">\n\t\t<div class=\"elementor-element elementor-element-8e9c356 e-con-full e-flex e-con e-child\" data-id=\"8e9c356\" data-element_type=\"container\">\n\t\t\t\t<div class=\"elementor-element elementor-element-9d26d4a elementor-widget elementor-widget-heading\" data-id=\"9d26d4a\" data-element_type=\"widget\" data-widget_type=\"heading.default\">\n\t\t\t\t<div class=\"elementor-widget-container\">\n\t\t\t\t\t<h2 class=\"elementor-heading-title elementor-size-default\">Full Day<\/h2>\t\t\t\t<\/div>\n\t\t\t\t<\/div>\n\t\t\t\t<div class=\"elementor-element elementor-element-805ea52 elementor-widget elementor-widget-heading\" data-id=\"805ea52\" data-element_type=\"widget\" data-widget_type=\"heading.default\">\n\t\t\t\t<div class=\"elementor-widget-container\">\n\t\t\t\t\t<h2 class=\"elementor-heading-title elementor-size-default\">Trekking<\/h2>\t\t\t\t<\/div>\n\t\t\t\t<\/div>\n\t\t\t\t<div class=\"elementor-element elementor-element-9af4690 elementor-widget elementor-widget-text-editor\" data-id=\"9af4690\" data-element_type=\"widget\" data-widget_type=\"text-editor.default\">\n\t\t\t\t<div class=\"elementor-widget-container\">\n\t\t\t\t\t\t\t\t\t<p>Enjoy the experience of exploring nature close to Santiago with our guided trekking. From trails through sclerophyllous forests to higher altitude in the Andes terrain.<\/p><p>We take you to discover the best and most impressive landscapes near Santiago. Join us to contemplate the beauty of the Andes Mountains and the island hills of Santiago while you enjoy an authentic and exciting experience a short distance from the city.<\/p>\t\t\t\t\t\t\t\t<\/div>\n\t\t\t\t<\/div>\n\t\t\t\t<\/div>\n\t\t<div class=\"elementor-element elementor-element-c398c1b e-con-full e-flex e-con e-child\" data-id=\"c398c1b\" data-element_type=\"container\">\n\t\t\t\t<\/div>\n\t\t\t\t<\/div>\n\t\t<div class=\"elementor-element elementor-element-ba358d0 e-con-full e-flex e-con e-parent\" data-id=\"ba358d0\" data-element_type=\"container\" data-settings=\"{&quot;background_background&quot;:&quot;classic&quot;}\">\n\t\t\t\t<div class=\"elementor-element elementor-element-92d4dec elementor-widget__width-initial elementor-widget elementor-widget-ucaddon_card_carousel\" data-id=\"92d4dec\" data-element_type=\"widget\" data-widget_type=\"ucaddon_card_carousel.default\">\n\t\t\t\t<div class=\"elementor-widget-container\">\n\t\t\t\t\t\n<!-- start Card Carousel -->\n\t\t<link id='font-awesome-css' href='https:\/\/andestopacific.cl\/wp-content\/plugins\/unlimited-elements-for-elementor\/assets_libraries\/font-awesome6\/fontawesome-all.min.css' type='text\/css' rel='stylesheet' >\n\t\t<link id='font-awesome-4-shim-css' href='https:\/\/andestopacific.cl\/wp-content\/plugins\/unlimited-elements-for-elementor\/assets_libraries\/font-awesome6\/fontawesome-v4-shims.min.css' type='text\/css' rel='stylesheet' >\n\t\t<link id='owl-carousel-css' href='https:\/\/andestopacific.cl\/wp-content\/plugins\/unlimited-elements-for-elementor\/assets_libraries\/owl-carousel-new\/assets\/owl.carousel.css' type='text\/css' rel='stylesheet' >\n\t\t<link id='uc_ac_assets_file_animate_css_77907-css' href='https:\/\/andestopacific.cl\/wp-content\/uploads\/ac_assets\/uc_classic_carousel\/animate.css' type='text\/css' rel='stylesheet' >\n\n<style>\/* widget: Card Carousel *\/\n\n#uc_card_carousel_elementor_92d4dec-wrapper\n{\n  min-height:1px;\n}\n#uc_card_carousel_elementor_92d4dec *{\n\t-webkit-box-sizing: border-box;\n\t-moz-box-sizing: border-box;\n\tbox-sizing: border-box;\n}\n\n#uc_card_carousel_elementor_92d4dec .ue-carousel-item\n{\n  overflow:hidden;\n  transition:0.3s;\n}\n\n#uc_card_carousel_elementor_92d4dec .uc_classic_carousel_container_holder\n{\n\tdisplay:block;\n\tposition:relative;\n\twidth:100%;\n    box-sizing: border-box;\n}\n#uc_card_carousel_elementor_92d4dec .uc_classic_carousel_placeholder{\n   position:relative;\n}\n\n#uc_card_carousel_elementor_92d4dec .uc_classic_carousel_placeholder img, #uc_card_carousel_elementor_92d4dec .ue_card_carousel_image_overlay\n{\n  transition: all 300ms;\n}\n\n.card_carousel_title\n{\n\tfont-size:21px;\n}\n\n.uc_classic_carousel .uc_classic_carousel_border\n{\n\tdisplay:block;\n    margin:0 auto;\n}\n\n.uc_classic_carousel  .uc_classic_carousel_placeholder img\n{\n\twidth:100%;\n    \n    display:inline-flex;\n}\n.uc_classic_carousel .uc_classic_carousel_content\n{\n  display: flex;\n flex-flow: column nowrap;\n}\n\n.uc_classic_carousel .ue_button\n{\n  margin-top:auto;\n\n}\n\n.uc_classic_carousel .uc_classic_carousel_content .uc_more_btn {\n\tdisplay:inline-block;\n\ttext-decoration:none;\n\ttransition: all 0.5s ease;\n}\n\n\n#uc_card_carousel_elementor_92d4dec .owl-dots {\noverflow:hidden;\ntext-align:center;\n}\n\n#uc_card_carousel_elementor_92d4dec .owl-dot {\nborder-radius:50%;\ndisplay:inline-block;\n}\n\n#uc_card_carousel_elementor_92d4dec .owl-nav .owl-prev,\n#uc_card_carousel_elementor_92d4dec .owl-nav .owl-next{\n    position:absolute;\n    display:flex;\n  \tjustify-content: center;\n  \talign-items: center;\n    text-align:center;\n}\n\n\n#uc_card_carousel_elementor_92d4dec .owl-nav .disabled\n{\n    display: none;  \n}\n\n\n#uc_card_carousel_elementor_92d4dec .ue-item-icon\n{\n  line-height:1em;\n  display:inline-flex;\n  justify-content:center;\n  align-items:center;\n  \n}\n\n#uc_card_carousel_elementor_92d4dec .ue-item-icon svg\n{\n  height:1em;\n  width:1em;\n}\n\n#uc_card_carousel_elementor_92d4dec .ue-item-icon-wrapper\n{\n  display:flex;\n}\n\n#uc_card_carousel_elementor_92d4dec .uc_classic_carousel_container_holder {\n\t max-width: ;\n}\n\n\n\n@media screen and (max-width: 1024px) {\n  #uc_card_carousel_elementor_92d4dec .uc_classic_carousel_container_holder {\n\t max-width: ;\n  }\n}\n\n@media screen and (max-width: 767px) {\n  #uc_card_carousel_elementor_92d4dec .uc_classic_carousel_container_holder {\n    max-width: ;\n  }\n}\n\n<\/style>\n\n<div class=\"uc_classic_carousel\" id=\"uc_card_carousel_elementor_92d4dec-wrapper\">\n        <div class=\"uc_carousel owl-carousel uc-items-wrapper\" id=\"uc_card_carousel_elementor_92d4dec\"  >\n          \t<div id=\"uc_card_carousel_elementor_92d4dec_item1\" class=\"uc_classic_carousel_container_holder ue-item elementor-repeater-item-62463f3\" data-hide-item=\"false\">\n  <div class=\"ue-carousel-item\">\n  <span class=\"uc_classic_carousel_border\" style=\"\"><\/span>    <div class=\"uc_classic_carousel_placeholder\">\n    <a href=\"https:\/\/andestopacific.cl\/index.php\/salidas-guiadas\/curso-1-copy-copy-2\/\" title=\"see more\" >      <img fetchpriority=\"high\" decoding=\"async\" src=\"https:\/\/andestopacific.cl\/wp-content\/uploads\/2024\/01\/IMG_2726-768x1024.jpg\"  alt=\"IMG_2726\" width=\"768\" height=\"1024\">\n    <\/a>      <\/div>\n    <div class=\"uc_classic_carousel_content\" style=\"direction:ltr;\">\n    \n    \n        \n          \t\n      <div  class=\"card_carousel_title\">Palestras<\/div>\n          \t\n    \n      \n    <p class=\"card_carousel_text\">Come climb with us in Las Palestras del Manzano with our full day guided tour. Experience climbing some of the iconic routes of the Caj\u00f3n del Maipo<\/p>    \n    \n    \t\n    \n    \n        \t \n              <div class=\"ue_button\"><a class=\"uc_more_btn\" href=\"https:\/\/andestopacific.cl\/index.php\/salidas-guiadas\/curso-1-copy-copy-2\/\" title=\"see more\" >see more<\/a><\/div>\n        \t    \n    \t\n  <\/div>\n  <\/div>\n<\/div>\n<div id=\"uc_card_carousel_elementor_92d4dec_item2\" class=\"uc_classic_carousel_container_holder ue-item elementor-repeater-item-e8f84d2\" data-hide-item=\"false\">\n  <div class=\"ue-carousel-item\">\n  <span class=\"uc_classic_carousel_border\" style=\"\"><\/span>    <div class=\"uc_classic_carousel_placeholder\">\n    <a href=\"https:\/\/andestopacific.cl\/index.php\/salidas-guiadas\/curso-1-copy-copy-2-copy-copy-2\/\" title=\"see more\" >      <img decoding=\"async\" src=\"https:\/\/andestopacific.cl\/wp-content\/uploads\/2024\/01\/A5DD068F-F962-4EB4-A873-FB577F386D9B-768x318.jpeg\"  alt=\"A5DD068F-F962-4EB4-A873-FB577F386D9B\" width=\"768\" height=\"318\">\n    <\/a>      <\/div>\n    <div class=\"uc_classic_carousel_content\" style=\"direction:ltr;\">\n    \n    \n        \n          \t\n      <div  class=\"card_carousel_title\">Pared de Jabbah<\/div>\n          \t\n    \n      \n    <p class=\"card_carousel_text\">Jabbah Wall is a classic multipitch spot in Caj\u00f3n del Maipo which is located over 2,000 meters above sea level.<\/p>    \n    \n    \t\n    \n    \n        \t \n              <div class=\"ue_button\"><a class=\"uc_more_btn\" href=\"https:\/\/andestopacific.cl\/index.php\/salidas-guiadas\/curso-1-copy-copy-2-copy-copy-2\/\" title=\"see more\" >see more<\/a><\/div>\n        \t    \n    \t\n  <\/div>\n  <\/div>\n<\/div>\n<div id=\"uc_card_carousel_elementor_92d4dec_item3\" class=\"uc_classic_carousel_container_holder ue-item elementor-repeater-item-20d9835\" data-hide-item=\"false\">\n  <div class=\"ue-carousel-item\">\n  <span class=\"uc_classic_carousel_border\" style=\"\"><\/span>    <div class=\"uc_classic_carousel_placeholder\">\n    <a href=\"https:\/\/andestopacific.cl\/index.php\/salidas-guiadas\/curso-1-copy-copy-2-copy-copy\/\" title=\"see more\" >      <img decoding=\"async\" src=\"https:\/\/andestopacific.cl\/wp-content\/uploads\/2024\/01\/6D81E366-34FD-427A-8435-FA96B08EF55C-768x408.jpeg\"  alt=\"6D81E366-34FD-427A-8435-FA96B08EF55C\" width=\"768\" height=\"408\">\n    <\/a>      <\/div>\n    <div class=\"uc_classic_carousel_content\" style=\"direction:ltr;\">\n    \n    \n        \n          \t\n      <div  class=\"card_carousel_title\">Placa Roja north ridge<\/div>\n          \t\n    \n      \n    <p class=\"card_carousel_text\">Come climb with us to a must-see of the great walls in the Caj\u00f3n del Maipo.<\/p>    \n    \n    \t\n    \n    \n        \t \n              <div class=\"ue_button\"><a class=\"uc_more_btn\" href=\"https:\/\/andestopacific.cl\/index.php\/salidas-guiadas\/curso-1-copy-copy-2-copy-copy\/\" title=\"see more\" >see more<\/a><\/div>\n        \t    \n    \t\n  <\/div>\n  <\/div>\n<\/div>\n<div id=\"uc_card_carousel_elementor_92d4dec_item4\" class=\"uc_classic_carousel_container_holder ue-item elementor-repeater-item-9ce6133\" data-hide-item=\"false\">\n  <div class=\"ue-carousel-item\">\n  <span class=\"uc_classic_carousel_border\" style=\"\"><\/span>    <div class=\"uc_classic_carousel_placeholder\">\n    <a href=\"https:\/\/andestopacific.cl\/index.php\/salidas-guiadas\/curso-1-copy-copy-2-copy\/\" title=\"see more\" >      <img loading=\"lazy\" decoding=\"async\" src=\"https:\/\/andestopacific.cl\/wp-content\/uploads\/2024\/01\/20230701_1731002-768x472.jpg\"  alt=\"20230701_173100~2\" width=\"768\" height=\"472\">\n    <\/a>      <\/div>\n    <div class=\"uc_classic_carousel_content\" style=\"direction:ltr;\">\n    \n    \n        \n          \t\n      <div  class=\"card_carousel_title\">Torrecillas<\/div>\n          \t\n    \n      \n    <p class=\"card_carousel_text\">Come climb with us in one of the most emblematic multi-pitch sectors in Chile with more than 100 climbs.<\/p>    \n    \n    \t\n    \n    \n        \t \n              <div class=\"ue_button\"><a class=\"uc_more_btn\" href=\"https:\/\/andestopacific.cl\/index.php\/salidas-guiadas\/curso-1-copy-copy-2-copy\/\" title=\"see more\" >see more<\/a><\/div>\n        \t    \n    \t\n  <\/div>\n  <\/div>\n<\/div>\n\n      <\/div>\n<\/div>\n<!-- end Card Carousel -->\t\t\t\t<\/div>\n\t\t\t\t<\/div>\n\t\t\t\t<\/div>\n\t\t\t\t<\/div>","protected":false},"excerpt":{"rendered":"<p>salidas guiadas Trekking Vive la experiencia de explorar la naturaleza a las puertas de Santiago con nuestros trekking guiados. Desde senderos entre bosques escler\u00f3filos hasta terrenos andinos de mayor altitud. Te llevamos a conocer los mejores paisajes m\u00e1s impresionantes a las cercan\u00edas De Santiago. Acompa\u00f1anos a contemplar de la belleza de la Cordillera de los [&hellip;]<\/p>","protected":false},"author":1,"featured_media":0,"parent":0,"menu_order":0,"comment_status":"closed","ping_status":"closed","template":"","meta":{"footnotes":""},"class_list":["post-858","page","type-page","status-publish","hentry"],"yoast_head":"<!-- This site is optimized with the Yoast SEO plugin v24.4 - https:\/\/yoast.com\/wordpress\/plugins\/seo\/ -->\n<title>Trekking - Andes to pacific<\/title>\n<meta name=\"robots\" content=\"index, follow, max-snippet:-1, max-image-preview:large, max-video-preview:-1\" \/>\n<link rel=\"canonical\" href=\"https:\/\/andestopacific.cl\/en\/trekking\/\" \/>\n<meta property=\"og:locale\" content=\"en_US\" \/>\n<meta property=\"og:type\" content=\"article\" \/>\n<meta property=\"og:title\" content=\"Trekking - Andes to pacific\" \/>\n<meta property=\"og:description\" content=\"salidas guiadas Trekking Vive la experiencia de explorar la naturaleza a las puertas de Santiago con nuestros trekking guiados. Desde senderos entre bosques escler\u00f3filos hasta terrenos andinos de mayor altitud. Te llevamos a conocer los mejores paisajes m\u00e1s impresionantes a las cercan\u00edas De Santiago. Acompa\u00f1anos a contemplar de la belleza de la Cordillera de los [&hellip;]\" \/>\n<meta property=\"og:url\" content=\"https:\/\/andestopacific.cl\/en\/trekking\/\" \/>\n<meta property=\"og:site_name\" content=\"Andes to pacific\" \/>\n<meta property=\"article:modified_time\" content=\"2024-04-15T09:53:18+00:00\" \/>\n<meta property=\"og:image\" content=\"https:\/\/andestopacific.cl\/wp-content\/uploads\/2024\/01\/IMG_2726-768x1024.jpg\" \/>\n<meta name=\"twitter:card\" content=\"summary_large_image\" \/>\n<meta name=\"twitter:label1\" content=\"Est. reading time\" \/>\n\t<meta name=\"twitter:data1\" content=\"3 minutes\" \/>\n<script type=\"application\/ld+json\" class=\"yoast-schema-graph\">{\"@context\":\"https:\/\/schema.org\",\"@graph\":[{\"@type\":\"WebPage\",\"@id\":\"https:\/\/andestopacific.cl\/trekking\/\",\"url\":\"https:\/\/andestopacific.cl\/trekking\/\",\"name\":\"Trekking - Andes to pacific\",\"isPartOf\":{\"@id\":\"https:\/\/andestopacific.cl\/#website\"},\"primaryImageOfPage\":{\"@id\":\"https:\/\/andestopacific.cl\/trekking\/#primaryimage\"},\"image\":{\"@id\":\"https:\/\/andestopacific.cl\/trekking\/#primaryimage\"},\"thumbnailUrl\":\"https:\/\/andestopacific.cl\/wp-content\/uploads\/2024\/01\/IMG_2726-768x1024.jpg\",\"datePublished\":\"2024-02-07T20:11:23+00:00\",\"dateModified\":\"2024-04-15T09:53:18+00:00\",\"breadcrumb\":{\"@id\":\"https:\/\/andestopacific.cl\/trekking\/#breadcrumb\"},\"inLanguage\":\"en-US\",\"potentialAction\":[{\"@type\":\"ReadAction\",\"target\":[\"https:\/\/andestopacific.cl\/trekking\/\"]}]},{\"@type\":\"ImageObject\",\"inLanguage\":\"en-US\",\"@id\":\"https:\/\/andestopacific.cl\/trekking\/#primaryimage\",\"url\":\"https:\/\/andestopacific.cl\/wp-content\/uploads\/2024\/01\/IMG_2726-768x1024.jpg\",\"contentUrl\":\"https:\/\/andestopacific.cl\/wp-content\/uploads\/2024\/01\/IMG_2726-768x1024.jpg\"},{\"@type\":\"BreadcrumbList\",\"@id\":\"https:\/\/andestopacific.cl\/trekking\/#breadcrumb\",\"itemListElement\":[{\"@type\":\"ListItem\",\"position\":1,\"name\":\"Portada\",\"item\":\"https:\/\/andestopacific.cl\/\"},{\"@type\":\"ListItem\",\"position\":2,\"name\":\"Trekking\"}]},{\"@type\":\"WebSite\",\"@id\":\"https:\/\/andestopacific.cl\/#website\",\"url\":\"https:\/\/andestopacific.cl\/\",\"name\":\"Andes to pacific\",\"description\":\"\",\"publisher\":{\"@id\":\"https:\/\/andestopacific.cl\/#organization\"},\"potentialAction\":[{\"@type\":\"SearchAction\",\"target\":{\"@type\":\"EntryPoint\",\"urlTemplate\":\"https:\/\/andestopacific.cl\/?s={search_term_string}\"},\"query-input\":{\"@type\":\"PropertyValueSpecification\",\"valueRequired\":true,\"valueName\":\"search_term_string\"}}],\"inLanguage\":\"en-US\"},{\"@type\":\"Organization\",\"@id\":\"https:\/\/andestopacific.cl\/#organization\",\"name\":\"Andes to pacific\",\"url\":\"https:\/\/andestopacific.cl\/\",\"logo\":{\"@type\":\"ImageObject\",\"inLanguage\":\"en-US\",\"@id\":\"https:\/\/andestopacific.cl\/#\/schema\/logo\/image\/\",\"url\":\"https:\/\/andestopacific.cl\/wp-content\/uploads\/2024\/01\/faviconandes.png\",\"contentUrl\":\"https:\/\/andestopacific.cl\/wp-content\/uploads\/2024\/01\/faviconandes.png\",\"width\":512,\"height\":512,\"caption\":\"Andes to pacific\"},\"image\":{\"@id\":\"https:\/\/andestopacific.cl\/#\/schema\/logo\/image\/\"}}]}<\/script>\n<!-- \/ Yoast SEO plugin. -->","yoast_head_json":{"title":"Trekking - Andes to pacific","robots":{"index":"index","follow":"follow","max-snippet":"max-snippet:-1","max-image-preview":"max-image-preview:large","max-video-preview":"max-video-preview:-1"},"canonical":"https:\/\/andestopacific.cl\/en\/trekking\/","og_locale":"en_US","og_type":"article","og_title":"Trekking - Andes to pacific","og_description":"salidas guiadas Trekking Vive la experiencia de explorar la naturaleza a las puertas de Santiago con nuestros trekking guiados. Desde senderos entre bosques escler\u00f3filos hasta terrenos andinos de mayor altitud. Te llevamos a conocer los mejores paisajes m\u00e1s impresionantes a las cercan\u00edas De Santiago. Acompa\u00f1anos a contemplar de la belleza de la Cordillera de los [&hellip;]","og_url":"https:\/\/andestopacific.cl\/en\/trekking\/","og_site_name":"Andes to pacific","article_modified_time":"2024-04-15T09:53:18+00:00","og_image":[{"url":"https:\/\/andestopacific.cl\/wp-content\/uploads\/2024\/01\/IMG_2726-768x1024.jpg","type":"","width":"","height":""}],"twitter_card":"summary_large_image","twitter_misc":{"Est. reading time":"3 minutes"},"schema":{"@context":"https:\/\/schema.org","@graph":[{"@type":"WebPage","@id":"https:\/\/andestopacific.cl\/trekking\/","url":"https:\/\/andestopacific.cl\/trekking\/","name":"Trekking - Andes to pacific","isPartOf":{"@id":"https:\/\/andestopacific.cl\/#website"},"primaryImageOfPage":{"@id":"https:\/\/andestopacific.cl\/trekking\/#primaryimage"},"image":{"@id":"https:\/\/andestopacific.cl\/trekking\/#primaryimage"},"thumbnailUrl":"https:\/\/andestopacific.cl\/wp-content\/uploads\/2024\/01\/IMG_2726-768x1024.jpg","datePublished":"2024-02-07T20:11:23+00:00","dateModified":"2024-04-15T09:53:18+00:00","breadcrumb":{"@id":"https:\/\/andestopacific.cl\/trekking\/#breadcrumb"},"inLanguage":"en-US","potentialAction":[{"@type":"ReadAction","target":["https:\/\/andestopacific.cl\/trekking\/"]}]},{"@type":"ImageObject","inLanguage":"en-US","@id":"https:\/\/andestopacific.cl\/trekking\/#primaryimage","url":"https:\/\/andestopacific.cl\/wp-content\/uploads\/2024\/01\/IMG_2726-768x1024.jpg","contentUrl":"https:\/\/andestopacific.cl\/wp-content\/uploads\/2024\/01\/IMG_2726-768x1024.jpg"},{"@type":"BreadcrumbList","@id":"https:\/\/andestopacific.cl\/trekking\/#breadcrumb","itemListElement":[{"@type":"ListItem","position":1,"name":"Portada","item":"https:\/\/andestopacific.cl\/"},{"@type":"ListItem","position":2,"name":"Trekking"}]},{"@type":"WebSite","@id":"https:\/\/andestopacific.cl\/#website","url":"https:\/\/andestopacific.cl\/","name":"Andes to pacific","description":"","publisher":{"@id":"https:\/\/andestopacific.cl\/#organization"},"potentialAction":[{"@type":"SearchAction","target":{"@type":"EntryPoint","urlTemplate":"https:\/\/andestopacific.cl\/?s={search_term_string}"},"query-input":{"@type":"PropertyValueSpecification","valueRequired":true,"valueName":"search_term_string"}}],"inLanguage":"en-US"},{"@type":"Organization","@id":"https:\/\/andestopacific.cl\/#organization","name":"Andes to pacific","url":"https:\/\/andestopacific.cl\/","logo":{"@type":"ImageObject","inLanguage":"en-US","@id":"https:\/\/andestopacific.cl\/#\/schema\/logo\/image\/","url":"https:\/\/andestopacific.cl\/wp-content\/uploads\/2024\/01\/faviconandes.png","contentUrl":"https:\/\/andestopacific.cl\/wp-content\/uploads\/2024\/01\/faviconandes.png","width":512,"height":512,"caption":"Andes to pacific"},"image":{"@id":"https:\/\/andestopacific.cl\/#\/schema\/logo\/image\/"}}]}},"_links":{"self":[{"href":"https:\/\/andestopacific.cl\/en\/wp-json\/wp\/v2\/pages\/858","targetHints":{"allow":["GET"]}}],"collection":[{"href":"https:\/\/andestopacific.cl\/en\/wp-json\/wp\/v2\/pages"}],"about":[{"href":"https:\/\/andestopacific.cl\/en\/wp-json\/wp\/v2\/types\/page"}],"author":[{"embeddable":true,"href":"https:\/\/andestopacific.cl\/en\/wp-json\/wp\/v2\/users\/1"}],"replies":[{"embeddable":true,"href":"https:\/\/andestopacific.cl\/en\/wp-json\/wp\/v2\/comments?post=858"}],"version-history":[{"count":14,"href":"https:\/\/andestopacific.cl\/en\/wp-json\/wp\/v2\/pages\/858\/revisions"}],"predecessor-version":[{"id":1538,"href":"https:\/\/andestopacific.cl\/en\/wp-json\/wp\/v2\/pages\/858\/revisions\/1538"}],"wp:attachment":[{"href":"https:\/\/andestopacific.cl\/en\/wp-json\/wp\/v2\/media?parent=858"}],"curies":[{"name":"wp","href":"https:\/\/api.w.org\/{rel}","templated":true}]}}