{"id":747,"date":"2024-02-03T14:37:52","date_gmt":"2024-02-03T14:37:52","guid":{"rendered":"https:\/\/andestopacific.cl\/index.php\/contacto-copy\/"},"modified":"2024-03-28T17:58:03","modified_gmt":"2024-03-28T17:58:03","slug":"contacto-copy","status":"publish","type":"page","link":"https:\/\/andestopacific.cl\/en\/contacto-copy\/","title":{"rendered":"About us"},"content":{"rendered":"<div data-elementor-type=\"wp-page\" data-elementor-id=\"747\" class=\"elementor elementor-747\" data-elementor-post-type=\"page\">\n\t\t\t\t<div class=\"elementor-element elementor-element-d6dbae0 e-flex e-con-boxed e-con e-parent\" data-id=\"d6dbae0\" data-element_type=\"container\" data-settings=\"{&quot;background_background&quot;:&quot;classic&quot;}\">\n\t\t\t\t\t<div class=\"e-con-inner\">\n\t\t<div class=\"elementor-element elementor-element-8404eff e-flex e-con-boxed e-con e-child\" data-id=\"8404eff\" data-element_type=\"container\">\n\t\t\t\t\t<div class=\"e-con-inner\">\n\t\t\t\t\t<\/div>\n\t\t\t\t<\/div>\n\t\t\t\t\t<\/div>\n\t\t\t\t<\/div>\n\t\t<div class=\"elementor-element elementor-element-0211541 e-con-full e-flex e-con e-parent\" data-id=\"0211541\" data-element_type=\"container\" data-settings=\"{&quot;background_background&quot;:&quot;classic&quot;}\">\n\t\t<div class=\"elementor-element elementor-element-fc9bc68 e-con-full e-flex e-con e-child\" data-id=\"fc9bc68\" data-element_type=\"container\">\n\t\t\t\t<div class=\"elementor-element elementor-element-2970a1a elementor-widget elementor-widget-heading\" data-id=\"2970a1a\" data-element_type=\"widget\" data-widget_type=\"heading.default\">\n\t\t\t\t<div class=\"elementor-widget-container\">\n\t\t\t\t\t<h2 class=\"elementor-heading-title elementor-size-default\">About us <\/h2>\t\t\t\t<\/div>\n\t\t\t\t<\/div>\n\t\t\t\t<div class=\"elementor-element elementor-element-b32104c elementor-widget elementor-widget-heading\" data-id=\"b32104c\" data-element_type=\"widget\" data-widget_type=\"heading.default\">\n\t\t\t\t<div class=\"elementor-widget-container\">\n\t\t\t\t\t<h2 class=\"elementor-heading-title elementor-size-default\">\u00a1Descubre Andes to Pacific!\n<\/h2>\t\t\t\t<\/div>\n\t\t\t\t<\/div>\n\t\t\t\t<div class=\"elementor-element elementor-element-87fd143 elementor-widget elementor-widget-text-editor\" data-id=\"87fd143\" data-element_type=\"widget\" data-widget_type=\"text-editor.default\">\n\t\t\t\t<div class=\"elementor-widget-container\">\n\t\t\t\t\t\t\t\t\t<p>En el coraz\u00f3n de Chile, nace Andes to Pacific con la firme convicci\u00f3n de mostrar\u00a0 este maravilloso pa\u00eds que desde la cordillera de los Andes al oc\u00e9ano Pac\u00edfico podemos encontrar un gran parque de diversiones para los deportes outdoor. \u00danete a nuestras actividades para disfrutar la aventura!<\/p>\t\t\t\t\t\t\t\t<\/div>\n\t\t\t\t<\/div>\n\t\t\t\t<\/div>\n\t\t<div class=\"elementor-element elementor-element-aee7f33 e-con-full e-flex e-con e-child\" data-id=\"aee7f33\" data-element_type=\"container\">\n\t\t\t\t<div class=\"elementor-element elementor-element-b202c7f elementor--h-position-center elementor--v-position-middle elementor-arrows-position-inside elementor-pagination-position-inside elementor-widget elementor-widget-slides\" data-id=\"b202c7f\" data-element_type=\"widget\" data-settings=\"{&quot;navigation&quot;:&quot;both&quot;,&quot;autoplay&quot;:&quot;yes&quot;,&quot;pause_on_hover&quot;:&quot;yes&quot;,&quot;pause_on_interaction&quot;:&quot;yes&quot;,&quot;autoplay_speed&quot;:5000,&quot;infinite&quot;:&quot;yes&quot;,&quot;transition&quot;:&quot;slide&quot;,&quot;transition_speed&quot;:500}\" data-widget_type=\"slides.default\">\n\t\t\t\t<div class=\"elementor-widget-container\">\n\t\t\t\t\t\t\t\t\t<div class=\"elementor-swiper\">\n\t\t\t\t\t<div class=\"elementor-slides-wrapper elementor-main-swiper swiper\" role=\"region\" aria-roledescription=\"carousel\" aria-label=\"Slides\" dir=\"ltr\" data-animation=\"fadeInUp\" data-no-translation-aria-label=\"\">\n\t\t\t\t<div class=\"swiper-wrapper elementor-slides\">\n\t\t\t\t\t\t\t\t\t\t<div class=\"elementor-repeater-item-8164311 swiper-slide\" role=\"group\" aria-roledescription=\"slide\"><div class=\"swiper-slide-bg\" role=\"img\"><\/div><div class=\"swiper-slide-inner\" ><div class=\"swiper-slide-contents\"><\/div><\/div><\/div><div class=\"elementor-repeater-item-623bc4a swiper-slide\" role=\"group\" aria-roledescription=\"slide\"><div class=\"swiper-slide-bg\" role=\"img\"><\/div><div class=\"swiper-slide-inner\" ><div class=\"swiper-slide-contents\"><\/div><\/div><\/div><div class=\"elementor-repeater-item-6e49e11 swiper-slide\" role=\"group\" aria-roledescription=\"slide\"><div class=\"swiper-slide-bg\" role=\"img\"><\/div><div class=\"swiper-slide-inner\" ><div class=\"swiper-slide-contents\"><\/div><\/div><\/div><div class=\"elementor-repeater-item-17b47ef swiper-slide\" role=\"group\" aria-roledescription=\"slide\"><div class=\"swiper-slide-bg\" role=\"img\"><\/div><div class=\"swiper-slide-inner\" ><div class=\"swiper-slide-contents\"><\/div><\/div><\/div>\t\t\t\t<\/div>\n\t\t\t\t\t\t\t\t\t\t\t\t\t\t\t<div class=\"elementor-swiper-button elementor-swiper-button-prev\" role=\"button\" tabindex=\"0\" aria-label=\"Previous slide\" data-no-translation-aria-label=\"\">\n\t\t\t\t\t\t\t<i aria-hidden=\"true\" class=\"eicon-chevron-left\"><\/i>\t\t\t\t\t\t<\/div>\n\t\t\t\t\t\t<div class=\"elementor-swiper-button elementor-swiper-button-next\" role=\"button\" tabindex=\"0\" aria-label=\"Next slide\" data-no-translation-aria-label=\"\">\n\t\t\t\t\t\t\t<i aria-hidden=\"true\" class=\"eicon-chevron-right\"><\/i>\t\t\t\t\t\t<\/div>\n\t\t\t\t\t\t\t\t\t\t\t\t\t\t\t\t<div class=\"swiper-pagination\"><\/div>\n\t\t\t\t\t\t\t\t\t\t\t\t<\/div>\n\t\t\t\t<\/div>\n\t\t\t\t\t\t\t\t<\/div>\n\t\t\t\t<\/div>\n\t\t\t\t<\/div>\n\t\t\t\t<\/div>\n\t\t<div class=\"elementor-element elementor-element-1f28d49d e-con-full e-flex e-con e-parent\" data-id=\"1f28d49d\" data-element_type=\"container\" data-settings=\"{&quot;background_background&quot;:&quot;classic&quot;}\">\n\t\t\t\t<div class=\"elementor-element elementor-element-432666a elementor-widget elementor-widget-heading\" data-id=\"432666a\" data-element_type=\"widget\" data-widget_type=\"heading.default\">\n\t\t\t\t<div class=\"elementor-widget-container\">\n\t\t\t\t\t<h2 class=\"elementor-heading-title elementor-size-default\">Misi\u00f3n<\/h2>\t\t\t\t<\/div>\n\t\t\t\t<\/div>\n\t\t<div class=\"elementor-element elementor-element-5c8afaa3 e-con-full e-flex e-con e-child\" data-id=\"5c8afaa3\" data-element_type=\"container\">\n\t\t\t\t<div class=\"elementor-element elementor-element-14dd7472 elementor-widget__width-initial elementor-widget-tablet__width-inherit elementor-widget elementor-widget-heading\" data-id=\"14dd7472\" data-element_type=\"widget\" data-widget_type=\"heading.default\">\n\t\t\t\t<div class=\"elementor-widget-container\">\n\t\t\t\t\t<h2 class=\"elementor-heading-title elementor-size-default\">Brindar experiencias al aire libre de calidad, personalizadas y locales en Chile<\/h2>\t\t\t\t<\/div>\n\t\t\t\t<\/div>\n\t\t\t\t<\/div>\n\t\t<div class=\"elementor-element elementor-element-48324a63 e-flex e-con-boxed e-con e-child\" data-id=\"48324a63\" data-element_type=\"container\">\n\t\t\t\t\t<div class=\"e-con-inner\">\n\t\t\t\t<div class=\"elementor-element elementor-element-6a00d0c5 elementor-widget elementor-widget-icon-box\" data-id=\"6a00d0c5\" data-element_type=\"widget\" data-widget_type=\"icon-box.default\">\n\t\t\t\t<div class=\"elementor-widget-container\">\n\t\t\t\t\t\t\t<div class=\"elementor-icon-box-wrapper\">\n\n\t\t\t\n\t\t\t\t\t\t<div class=\"elementor-icon-box-content\">\n\n\t\t\t\t\t\t\t\t\t<h3 class=\"elementor-icon-box-title\">\n\t\t\t\t\t\t<span  >\n\t\t\t\t\t\t\tNuestra visi\u00f3n\t\t\t\t\t\t<\/span>\n\t\t\t\t\t<\/h3>\n\t\t\t\t\n\t\t\t\t\t\t\t\t\t<p class=\"elementor-icon-box-description\">\n\t\t\t\t\t\t Ser l\u00edderes en la industria del turismo de aventura en Chile, destac\u00e1ndonos por nuestra excelencia en servicios personalizados, nuestra pasi\u00f3n por los deportes en la naturaleza y nuestro compromiso con la sostenibilidad y el desarrollo local.\t\t\t\t\t<\/p>\n\t\t\t\t\n\t\t\t<\/div>\n\t\t\t\n\t\t<\/div>\n\t\t\t\t\t\t<\/div>\n\t\t\t\t<\/div>\n\t\t\t\t<div class=\"elementor-element elementor-element-4ba19be2 elementor-widget elementor-widget-icon-box\" data-id=\"4ba19be2\" data-element_type=\"widget\" data-widget_type=\"icon-box.default\">\n\t\t\t\t<div class=\"elementor-widget-container\">\n\t\t\t\t\t\t\t<div class=\"elementor-icon-box-wrapper\">\n\n\t\t\t\n\t\t\t\t\t\t<div class=\"elementor-icon-box-content\">\n\n\t\t\t\t\t\t\t\t\t<h3 class=\"elementor-icon-box-title\">\n\t\t\t\t\t\t<span  >\n\t\t\t\t\t\t\t\u00bfQu\u00e9 nos hace \u00fanicos?\t\t\t\t\t\t<\/span>\n\t\t\t\t\t<\/h3>\n\t\t\t\t\n\t\t\t\t\t\t\t\t\t<p class=\"elementor-icon-box-description\">\n\t\t\t\t\t\tDamos un servicio personalizado, de calidad y cercano con el cliente, donde nos preocupamos de cada de talle de tu experiencia y aprendizaje.\t\t\t\t\t<\/p>\n\t\t\t\t\n\t\t\t<\/div>\n\t\t\t\n\t\t<\/div>\n\t\t\t\t\t\t<\/div>\n\t\t\t\t<\/div>\n\t\t\t\t\t<\/div>\n\t\t\t\t<\/div>\n\t\t\t\t<\/div>\n\t\t<div class=\"elementor-element elementor-element-29987dfc e-con-full e-flex e-con e-parent\" data-id=\"29987dfc\" data-element_type=\"container\" data-settings=\"{&quot;background_background&quot;:&quot;classic&quot;}\">\n\t\t<div class=\"elementor-element elementor-element-680c0171 e-con-full e-flex e-con e-child\" data-id=\"680c0171\" data-element_type=\"container\">\n\t\t\t\t<div class=\"elementor-element elementor-element-7076096 elementor-widget elementor-widget-heading\" data-id=\"7076096\" data-element_type=\"widget\" data-widget_type=\"heading.default\">\n\t\t\t\t<div class=\"elementor-widget-container\">\n\t\t\t\t\t<p class=\"elementor-heading-title elementor-size-default\">Equipo<\/p>\t\t\t\t<\/div>\n\t\t\t\t<\/div>\n\t\t\t\t<div class=\"elementor-element elementor-element-4fe5c118 elementor-widget__width-initial elementor-widget-tablet__width-inherit elementor-widget elementor-widget-heading\" data-id=\"4fe5c118\" data-element_type=\"widget\" data-widget_type=\"heading.default\">\n\t\t\t\t<div class=\"elementor-widget-container\">\n\t\t\t\t\t<h2 class=\"elementor-heading-title elementor-size-default\">Conoce a nuestro equipo<\/h2>\t\t\t\t<\/div>\n\t\t\t\t<\/div>\n\t\t\t\t<\/div>\n\t\t<div class=\"elementor-element elementor-element-612780 e-con-full e-flex e-con e-child\" data-id=\"612780\" data-element_type=\"container\">\n\t\t\t\t<div class=\"elementor-element elementor-element-6241cd18 elementor-widget__width-initial elementor-widget-tablet__width-initial elementor-widget-mobile__width-inherit elementor-cta--layout-image-above elementor-cta--skin-classic elementor-animated-content elementor-invisible elementor-widget elementor-widget-call-to-action\" data-id=\"6241cd18\" data-element_type=\"widget\" data-settings=\"{&quot;_animation&quot;:&quot;fadeInUp&quot;}\" data-widget_type=\"call-to-action.default\">\n\t\t\t\t<div class=\"elementor-widget-container\">\n\t\t\t\t\t\t\t<div class=\"elementor-cta\">\n\t\t\t\t\t<div class=\"elementor-cta__bg-wrapper\">\n\t\t\t\t<div class=\"elementor-cta__bg elementor-bg\" style=\"background-image: url(https:\/\/andestopacific.cl\/wp-content\/uploads\/2024\/03\/WhatsApp-Image-2024-03-28-at-14.53.10.jpeg);\" role=\"img\" aria-label=\"WhatsApp Image 2024-03-28 at 14.53.10\"><\/div>\n\t\t\t\t<div class=\"elementor-cta__bg-overlay\"><\/div>\n\t\t\t<\/div>\n\t\t\t\t\t\t\t<div class=\"elementor-cta__content\">\n\t\t\t\t\n\t\t\t\t\t\t\t\t\t<span class=\"elementor-cta__title elementor-cta__content-item elementor-content-item\">\n\t\t\t\t\t\tAlan winter<br><p style=\"margin: 0px; font-variant-numeric: normal; font-variant-east-asian: normal; font-variant-alternates: normal; font-kerning: auto; font-optical-sizing: auto; font-feature-settings: normal; font-variation-settings: normal; font-variant-position: normal; font-weight: 400; font-stretch: normal; font-size: 13px; line-height: normal; font-family: &quot;Helvetica Neue&quot;; color: rgb(0, 0, 0); text-transform: none; white-space-collapse: collapse;\">Es el creador de Andes to pacific, apasionado de los deportes al aire libre y un fan\u00e1tico de la escalada en roca y snowboard.<\/p><p style=\"margin: 0px; font-variant-numeric: normal; font-variant-east-asian: normal; font-variant-alternates: normal; font-kerning: auto; font-optical-sizing: auto; font-feature-settings: normal; font-variation-settings: normal; font-variant-position: normal; font-weight: 400; font-stretch: normal; font-size: 13px; line-height: normal; font-family: &quot;Helvetica Neue&quot;; min-height: 15px; color: rgb(0, 0, 0); text-transform: none; white-space-collapse: collapse;\"><br><\/p><p style=\"margin: 0px; font-variant-numeric: normal; font-variant-east-asian: normal; font-variant-alternates: normal; font-kerning: auto; font-optical-sizing: auto; font-feature-settings: normal; font-variation-settings: normal; font-variant-position: normal; font-stretch: normal; line-height: normal;\"><font color=\"#000000\" face=\"Helvetica Neue\"><span style=\"font-size: 13px; font-weight: 400; text-transform: none; white-space-collapse: collapse;\">Algunas certificaciones y t\u00edtulos:<\/span><\/font><br><\/p><br><ul style=\"list-style-type: &quot;\u2014&nbsp;&nbsp;&quot;; color: rgb(0, 0, 0); font-size: medium; font-weight: 400; text-transform: none; white-space-collapse: collapse;\"><li class=\"li1\" style=\"margin: 0px; font-variant-numeric: normal; font-variant-east-asian: normal; font-variant-alternates: normal; font-kerning: auto; font-optical-sizing: auto; font-feature-settings: normal; font-variation-settings: normal; font-variant-position: normal; font-stretch: normal; font-size: 13px; line-height: normal; font-family: &quot;Helvetica Neue&quot;;\"><span class=\"s1\" style=\"font-variant-numeric: normal; font-variant-east-asian: normal; font-variant-alternates: normal; font-kerning: auto; font-optical-sizing: auto; font-feature-settings: normal; font-variation-settings: normal; font-variant-position: normal; font-stretch: normal; font-size: 12px; line-height: normal;\"><\/span>T\u00edtulo profesional de Ingeniero en expediciones y ecoturismo con menci\u00f3n en<\/li><p class=\"p1\" style=\"margin: 0px; font-variant-numeric: normal; font-variant-east-asian: normal; font-variant-alternates: normal; font-kerning: auto; font-optical-sizing: auto; font-feature-settings: normal; font-variation-settings: normal; font-variant-position: normal; font-stretch: normal; font-size: 13px; line-height: normal; font-family: &quot;Helvetica Neue&quot;;\">monta\u00f1a, Universidad San Sebasti\u00e1n, Chile<\/p><li style=\"margin: 0px; font-variant-numeric: normal; font-variant-east-asian: normal; font-variant-alternates: normal; font-kerning: auto; font-optical-sizing: auto; font-feature-settings: normal; font-variation-settings: normal; font-variant-position: normal; font-stretch: normal; font-size: 13px; line-height: normal; font-family: &quot;Helvetica Neue&quot;;\"><span style=\"font-variant-numeric: normal; font-variant-east-asian: normal; font-variant-alternates: normal; font-kerning: auto; font-optical-sizing: auto; font-feature-settings: normal; font-variation-settings: normal; font-variant-position: normal; font-stretch: normal; font-size: 12px; line-height: normal;\"><\/span>Guia especializado en turismo aventura SERNATUR<\/li><li style=\"margin: 0px; font-variant-numeric: normal; font-variant-east-asian: normal; font-variant-alternates: normal; font-kerning: auto; font-optical-sizing: auto; font-feature-settings: normal; font-variation-settings: normal; font-variant-position: normal; font-stretch: normal; font-size: 13px; line-height: normal; font-family: &quot;Helvetica Neue&quot;;\"><span style=\"font-variant-numeric: normal; font-variant-east-asian: normal; font-variant-alternates: normal; font-kerning: auto; font-optical-sizing: auto; font-feature-settings: normal; font-variation-settings: normal; font-variant-position: normal; font-stretch: normal; font-size: 12px; line-height: normal;\"><\/span>Level 2 Snowboarding Instructor from the Canadian Association of Snowboard<\/li><li style=\"margin: 0px; font-variant-numeric: normal; font-variant-east-asian: normal; font-variant-alternates: normal; font-kerning: auto; font-optical-sizing: auto; font-feature-settings: normal; font-variation-settings: normal; font-variant-position: normal; font-stretch: normal; font-size: 13px; line-height: normal; font-family: &quot;Helvetica Neue&quot;;\"><span style=\"font-variant-numeric: normal; font-variant-east-asian: normal; font-variant-alternates: normal; font-kerning: auto; font-optical-sizing: auto; font-feature-settings: normal; font-variation-settings: normal; font-variant-position: normal; font-stretch: normal; font-size: 12px; line-height: normal;\"><\/span>Instructors.<\/li><li style=\"margin: 0px; font-variant-numeric: normal; font-variant-east-asian: normal; font-variant-alternates: normal; font-kerning: auto; font-optical-sizing: auto; font-feature-settings: normal; font-variation-settings: normal; font-variant-position: normal; font-stretch: normal; font-size: 13px; line-height: normal; font-family: &quot;Helvetica Neue&quot;;\"><span style=\"font-variant-numeric: normal; font-variant-east-asian: normal; font-variant-alternates: normal; font-kerning: auto; font-optical-sizing: auto; font-feature-settings: normal; font-variation-settings: normal; font-variant-position: normal; font-stretch: normal; font-size: 12px; line-height: normal;\"><\/span>Wilderness First Responder certificaci\u00f3n internacional NASAR.<\/li><li style=\"margin: 0px; font-variant-numeric: normal; font-variant-east-asian: normal; font-variant-alternates: normal; font-kerning: auto; font-optical-sizing: auto; font-feature-settings: normal; font-variation-settings: normal; font-variant-position: normal; font-stretch: normal; font-size: 13px; line-height: normal; font-family: &quot;Helvetica Neue&quot;;\"><span style=\"font-variant-numeric: normal; font-variant-east-asian: normal; font-variant-alternates: normal; font-kerning: auto; font-optical-sizing: auto; font-feature-settings: normal; font-variation-settings: normal; font-variant-position: normal; font-stretch: normal; font-size: 12px; line-height: normal;\"><\/span>Swift water rescue por Internacional Rescue Instructors Association<\/li><\/ul>\t\t\t\t\t<\/span>\n\t\t\t\t\n\t\t\t\t\n\t\t\t\t\t\t\t<\/div>\n\t\t\t\t\t\t<\/div>\n\t\t\t\t\t\t<\/div>\n\t\t\t\t<\/div>\n\t\t\t\t<\/div>\n\t\t\t\t<\/div>\n\t\t\t\t<\/div>","protected":false},"excerpt":{"rendered":"<p>Quienes somos \u00a1Descubre Andes to Pacific! En el coraz\u00f3n de Chile, nace Andes to Pacific con la firme convicci\u00f3n de mostrar\u00a0 este maravilloso pa\u00eds que desde la cordillera de los Andes al oc\u00e9ano Pac\u00edfico podemos encontrar un gran parque de diversiones para los deportes outdoor. \u00danete a nuestras actividades para disfrutar la aventura! Diapositiva anterior [&hellip;]<\/p>","protected":false},"author":1,"featured_media":0,"parent":0,"menu_order":0,"comment_status":"closed","ping_status":"closed","template":"","meta":{"footnotes":""},"class_list":["post-747","page","type-page","status-publish","hentry"],"yoast_head":"<!-- This site is optimized with the Yoast SEO plugin v24.4 - https:\/\/yoast.com\/wordpress\/plugins\/seo\/ -->\n<title>Quienes somos - Andes to pacific<\/title>\n<meta name=\"robots\" content=\"index, follow, max-snippet:-1, max-image-preview:large, max-video-preview:-1\" \/>\n<link rel=\"canonical\" href=\"https:\/\/andestopacific.cl\/en\/contacto-copy\/\" \/>\n<meta property=\"og:locale\" content=\"en_US\" \/>\n<meta property=\"og:type\" content=\"article\" \/>\n<meta property=\"og:title\" content=\"Quienes somos - Andes to pacific\" \/>\n<meta property=\"og:description\" content=\"Quienes somos \u00a1Descubre Andes to Pacific! En el coraz\u00f3n de Chile, nace Andes to Pacific con la firme convicci\u00f3n de mostrar\u00a0 este maravilloso pa\u00eds que desde la cordillera de los Andes al oc\u00e9ano Pac\u00edfico podemos encontrar un gran parque de diversiones para los deportes outdoor. \u00danete a nuestras actividades para disfrutar la aventura! Diapositiva anterior [&hellip;]\" \/>\n<meta property=\"og:url\" content=\"https:\/\/andestopacific.cl\/en\/contacto-copy\/\" \/>\n<meta property=\"og:site_name\" content=\"Andes to pacific\" \/>\n<meta property=\"article:modified_time\" content=\"2024-03-28T17:58:03+00:00\" \/>\n<meta property=\"og:image\" content=\"https:\/\/andestopacific.cl\/wp-content\/uploads\/2024\/01\/faviconandes.png\" \/>\n\t<meta property=\"og:image:width\" content=\"512\" \/>\n\t<meta property=\"og:image:height\" content=\"512\" \/>\n\t<meta property=\"og:image:type\" content=\"image\/png\" \/>\n<meta name=\"twitter:card\" content=\"summary_large_image\" \/>\n<meta name=\"twitter:label1\" content=\"Est. reading time\" \/>\n\t<meta name=\"twitter:data1\" content=\"1 minute\" \/>\n<script type=\"application\/ld+json\" class=\"yoast-schema-graph\">{\"@context\":\"https:\/\/schema.org\",\"@graph\":[{\"@type\":\"WebPage\",\"@id\":\"https:\/\/andestopacific.cl\/contacto-copy\/\",\"url\":\"https:\/\/andestopacific.cl\/contacto-copy\/\",\"name\":\"Quienes somos - Andes to pacific\",\"isPartOf\":{\"@id\":\"https:\/\/andestopacific.cl\/#website\"},\"datePublished\":\"2024-02-03T14:37:52+00:00\",\"dateModified\":\"2024-03-28T17:58:03+00:00\",\"breadcrumb\":{\"@id\":\"https:\/\/andestopacific.cl\/contacto-copy\/#breadcrumb\"},\"inLanguage\":\"en-US\",\"potentialAction\":[{\"@type\":\"ReadAction\",\"target\":[\"https:\/\/andestopacific.cl\/contacto-copy\/\"]}]},{\"@type\":\"BreadcrumbList\",\"@id\":\"https:\/\/andestopacific.cl\/contacto-copy\/#breadcrumb\",\"itemListElement\":[{\"@type\":\"ListItem\",\"position\":1,\"name\":\"Portada\",\"item\":\"https:\/\/andestopacific.cl\/\"},{\"@type\":\"ListItem\",\"position\":2,\"name\":\"Quienes somos\"}]},{\"@type\":\"WebSite\",\"@id\":\"https:\/\/andestopacific.cl\/#website\",\"url\":\"https:\/\/andestopacific.cl\/\",\"name\":\"Andes to pacific\",\"description\":\"\",\"publisher\":{\"@id\":\"https:\/\/andestopacific.cl\/#organization\"},\"potentialAction\":[{\"@type\":\"SearchAction\",\"target\":{\"@type\":\"EntryPoint\",\"urlTemplate\":\"https:\/\/andestopacific.cl\/?s={search_term_string}\"},\"query-input\":{\"@type\":\"PropertyValueSpecification\",\"valueRequired\":true,\"valueName\":\"search_term_string\"}}],\"inLanguage\":\"en-US\"},{\"@type\":\"Organization\",\"@id\":\"https:\/\/andestopacific.cl\/#organization\",\"name\":\"Andes to pacific\",\"url\":\"https:\/\/andestopacific.cl\/\",\"logo\":{\"@type\":\"ImageObject\",\"inLanguage\":\"en-US\",\"@id\":\"https:\/\/andestopacific.cl\/#\/schema\/logo\/image\/\",\"url\":\"https:\/\/andestopacific.cl\/wp-content\/uploads\/2024\/01\/faviconandes.png\",\"contentUrl\":\"https:\/\/andestopacific.cl\/wp-content\/uploads\/2024\/01\/faviconandes.png\",\"width\":512,\"height\":512,\"caption\":\"Andes to pacific\"},\"image\":{\"@id\":\"https:\/\/andestopacific.cl\/#\/schema\/logo\/image\/\"}}]}<\/script>\n<!-- \/ Yoast SEO plugin. -->","yoast_head_json":{"title":"Quienes somos - Andes to pacific","robots":{"index":"index","follow":"follow","max-snippet":"max-snippet:-1","max-image-preview":"max-image-preview:large","max-video-preview":"max-video-preview:-1"},"canonical":"https:\/\/andestopacific.cl\/en\/contacto-copy\/","og_locale":"en_US","og_type":"article","og_title":"Quienes somos - Andes to pacific","og_description":"Quienes somos \u00a1Descubre Andes to Pacific! En el coraz\u00f3n de Chile, nace Andes to Pacific con la firme convicci\u00f3n de mostrar\u00a0 este maravilloso pa\u00eds que desde la cordillera de los Andes al oc\u00e9ano Pac\u00edfico podemos encontrar un gran parque de diversiones para los deportes outdoor. \u00danete a nuestras actividades para disfrutar la aventura! Diapositiva anterior [&hellip;]","og_url":"https:\/\/andestopacific.cl\/en\/contacto-copy\/","og_site_name":"Andes to pacific","article_modified_time":"2024-03-28T17:58:03+00:00","og_image":[{"width":512,"height":512,"url":"https:\/\/andestopacific.cl\/wp-content\/uploads\/2024\/01\/faviconandes.png","type":"image\/png"}],"twitter_card":"summary_large_image","twitter_misc":{"Est. reading time":"1 minute"},"schema":{"@context":"https:\/\/schema.org","@graph":[{"@type":"WebPage","@id":"https:\/\/andestopacific.cl\/contacto-copy\/","url":"https:\/\/andestopacific.cl\/contacto-copy\/","name":"Quienes somos - Andes to pacific","isPartOf":{"@id":"https:\/\/andestopacific.cl\/#website"},"datePublished":"2024-02-03T14:37:52+00:00","dateModified":"2024-03-28T17:58:03+00:00","breadcrumb":{"@id":"https:\/\/andestopacific.cl\/contacto-copy\/#breadcrumb"},"inLanguage":"en-US","potentialAction":[{"@type":"ReadAction","target":["https:\/\/andestopacific.cl\/contacto-copy\/"]}]},{"@type":"BreadcrumbList","@id":"https:\/\/andestopacific.cl\/contacto-copy\/#breadcrumb","itemListElement":[{"@type":"ListItem","position":1,"name":"Portada","item":"https:\/\/andestopacific.cl\/"},{"@type":"ListItem","position":2,"name":"Quienes somos"}]},{"@type":"WebSite","@id":"https:\/\/andestopacific.cl\/#website","url":"https:\/\/andestopacific.cl\/","name":"Andes to pacific","description":"","publisher":{"@id":"https:\/\/andestopacific.cl\/#organization"},"potentialAction":[{"@type":"SearchAction","target":{"@type":"EntryPoint","urlTemplate":"https:\/\/andestopacific.cl\/?s={search_term_string}"},"query-input":{"@type":"PropertyValueSpecification","valueRequired":true,"valueName":"search_term_string"}}],"inLanguage":"en-US"},{"@type":"Organization","@id":"https:\/\/andestopacific.cl\/#organization","name":"Andes to pacific","url":"https:\/\/andestopacific.cl\/","logo":{"@type":"ImageObject","inLanguage":"en-US","@id":"https:\/\/andestopacific.cl\/#\/schema\/logo\/image\/","url":"https:\/\/andestopacific.cl\/wp-content\/uploads\/2024\/01\/faviconandes.png","contentUrl":"https:\/\/andestopacific.cl\/wp-content\/uploads\/2024\/01\/faviconandes.png","width":512,"height":512,"caption":"Andes to pacific"},"image":{"@id":"https:\/\/andestopacific.cl\/#\/schema\/logo\/image\/"}}]}},"_links":{"self":[{"href":"https:\/\/andestopacific.cl\/en\/wp-json\/wp\/v2\/pages\/747","targetHints":{"allow":["GET"]}}],"collection":[{"href":"https:\/\/andestopacific.cl\/en\/wp-json\/wp\/v2\/pages"}],"about":[{"href":"https:\/\/andestopacific.cl\/en\/wp-json\/wp\/v2\/types\/page"}],"author":[{"embeddable":true,"href":"https:\/\/andestopacific.cl\/en\/wp-json\/wp\/v2\/users\/1"}],"replies":[{"embeddable":true,"href":"https:\/\/andestopacific.cl\/en\/wp-json\/wp\/v2\/comments?post=747"}],"version-history":[{"count":37,"href":"https:\/\/andestopacific.cl\/en\/wp-json\/wp\/v2\/pages\/747\/revisions"}],"predecessor-version":[{"id":1415,"href":"https:\/\/andestopacific.cl\/en\/wp-json\/wp\/v2\/pages\/747\/revisions\/1415"}],"wp:attachment":[{"href":"https:\/\/andestopacific.cl\/en\/wp-json\/wp\/v2\/media?parent=747"}],"curies":[{"name":"wp","href":"https:\/\/api.w.org\/{rel}","templated":true}]}}