{"id":502,"date":"2024-01-29T22:55:57","date_gmt":"2024-01-29T22:55:57","guid":{"rendered":"https:\/\/andestopacific.cl\/index.php\/salidas-guiadas\/curso-1-copy-copy-2-copy-copy-2\/"},"modified":"2024-01-29T23:46:10","modified_gmt":"2024-01-29T23:46:10","slug":"curso-1-copy-copy-2-copy-copy-2","status":"publish","type":"page","link":"https:\/\/andestopacific.cl\/en\/escalada\/curso-1-copy-copy-2-copy-copy-2\/","title":{"rendered":"Pared de Jabbah"},"content":{"rendered":"<p>Pared de Jabbah es un sector cl\u00e1sico de multilargos en el Caj\u00f3n del Maipo el cual se encuentra sobre los  2.000 mts sobre el nivel del mar tiene rutas de hasta 5 largos con vistas impresionantes a la alta monta\u00f1a del valle Las Arenas, Volc\u00e1n San Jos\u00e9 y las grandes paredes de Lo Valdes.<\/p>\n\n\n\n<p><strong>Requirements<\/strong><\/p>\n\n\n\n<ul class=\"wp-block-list\">\n<li>Health, physical and mental state compatible with the activity.<\/li>\n\n\n\n<li>Escalar 5.10a o 6a.<\/li>\n<\/ul>\n\n\n\n<p><strong>What you need to bring?<\/strong><\/p>\n\n\n\n<ul class=\"wp-block-list\">\n<li>Comfortable clothing, appropriate for the activity and weather conditions of the day<\/li>\n\n\n\n<li>Equipo personal de escalada. (arnes, zapatillas, magnesera, casco)<\/li>\n\n\n\n<li>Backpack of 20-30 liters<\/li>\n\n\n\n<li>Food for the day<\/li>\n\n\n\n<li>At least 2 liters of water<\/li>\n\n\n\n<li>Trekking or approach shoes<\/li>\n<\/ul>\n\n\n\n<p><strong>Incluye<\/strong><\/p>\n\n\n\n<ul class=\"wp-block-list\">\n<li>Gu\u00eda<\/li>\n\n\n\n<li>Botiqu\u00edn<\/li>\n\n\n\n<li>Equipo t\u00e9cnico de escalada<\/li>\n\n\n\n<li>Equipo Inreach con sistema SOS<\/li>\n\n\n\n<li>Entrada al lugar.<\/li>\n<\/ul>\n\n\n\n<p><strong>No incluye:<\/strong><\/p>\n\n\n\n<ul class=\"wp-block-list\">\n<li>Transporte.<\/li>\n\n\n\n<li>Alimentaci\u00f3n.<\/li>\n\n\n\n<li>Seguro de accidentes<\/li>\n<\/ul>","protected":false},"excerpt":{"rendered":"<p>Pared de Jabbah es un sector cl\u00e1sico de multilargos en el Caj\u00f3n del Maipo el cual se encuentra sobre los 2.000 mts sobre el nivel del mar tiene rutas de hasta 5 largos con vistas impresionantes a la alta monta\u00f1a del valle Las Arenas, Volc\u00e1n San Jos\u00e9 y las grandes paredes de Lo Valdes. Requisitos [&hellip;]<\/p>","protected":false},"author":1,"featured_media":0,"parent":24,"menu_order":0,"comment_status":"closed","ping_status":"closed","template":"","meta":{"footnotes":""},"class_list":["post-502","page","type-page","status-publish","hentry"],"yoast_head":"<!-- This site is optimized with the Yoast SEO plugin v24.4 - https:\/\/yoast.com\/wordpress\/plugins\/seo\/ -->\n<title>Pared de Jabbah - Andes to pacific<\/title>\n<meta name=\"robots\" content=\"index, follow, max-snippet:-1, max-image-preview:large, max-video-preview:-1\" \/>\n<link rel=\"canonical\" href=\"https:\/\/andestopacific.cl\/en\/escalada\/curso-1-copy-copy-2-copy-copy-2\/\" \/>\n<meta property=\"og:locale\" content=\"en_US\" \/>\n<meta property=\"og:type\" content=\"article\" \/>\n<meta property=\"og:title\" content=\"Pared de Jabbah - Andes to pacific\" \/>\n<meta property=\"og:description\" content=\"Pared de Jabbah es un sector cl\u00e1sico de multilargos en el Caj\u00f3n del Maipo el cual se encuentra sobre los 2.000 mts sobre el nivel del mar tiene rutas de hasta 5 largos con vistas impresionantes a la alta monta\u00f1a del valle Las Arenas, Volc\u00e1n San Jos\u00e9 y las grandes paredes de Lo Valdes. Requisitos [&hellip;]\" \/>\n<meta property=\"og:url\" content=\"https:\/\/andestopacific.cl\/en\/escalada\/curso-1-copy-copy-2-copy-copy-2\/\" \/>\n<meta property=\"og:site_name\" content=\"Andes to pacific\" \/>\n<meta property=\"article:modified_time\" content=\"2024-01-29T23:46:10+00:00\" \/>\n<meta property=\"og:image\" content=\"https:\/\/andestopacific.cl\/wp-content\/uploads\/2024\/01\/faviconandes.png\" \/>\n\t<meta property=\"og:image:width\" content=\"512\" \/>\n\t<meta property=\"og:image:height\" content=\"512\" \/>\n\t<meta property=\"og:image:type\" content=\"image\/png\" \/>\n<meta name=\"twitter:card\" content=\"summary_large_image\" \/>\n<meta name=\"twitter:label1\" content=\"Est. reading time\" \/>\n\t<meta name=\"twitter:data1\" content=\"1 minute\" \/>\n<script type=\"application\/ld+json\" class=\"yoast-schema-graph\">{\"@context\":\"https:\/\/schema.org\",\"@graph\":[{\"@type\":\"WebPage\",\"@id\":\"https:\/\/andestopacific.cl\/escalada\/curso-1-copy-copy-2-copy-copy-2\/\",\"url\":\"https:\/\/andestopacific.cl\/escalada\/curso-1-copy-copy-2-copy-copy-2\/\",\"name\":\"Pared de Jabbah - Andes to pacific\",\"isPartOf\":{\"@id\":\"https:\/\/andestopacific.cl\/#website\"},\"datePublished\":\"2024-01-29T22:55:57+00:00\",\"dateModified\":\"2024-01-29T23:46:10+00:00\",\"breadcrumb\":{\"@id\":\"https:\/\/andestopacific.cl\/escalada\/curso-1-copy-copy-2-copy-copy-2\/#breadcrumb\"},\"inLanguage\":\"en-US\",\"potentialAction\":[{\"@type\":\"ReadAction\",\"target\":[\"https:\/\/andestopacific.cl\/escalada\/curso-1-copy-copy-2-copy-copy-2\/\"]}]},{\"@type\":\"BreadcrumbList\",\"@id\":\"https:\/\/andestopacific.cl\/escalada\/curso-1-copy-copy-2-copy-copy-2\/#breadcrumb\",\"itemListElement\":[{\"@type\":\"ListItem\",\"position\":1,\"name\":\"Portada\",\"item\":\"https:\/\/andestopacific.cl\/\"},{\"@type\":\"ListItem\",\"position\":2,\"name\":\"Escalada\",\"item\":\"https:\/\/andestopacific.cl\/escalada\/\"},{\"@type\":\"ListItem\",\"position\":3,\"name\":\"Pared de Jabbah\"}]},{\"@type\":\"WebSite\",\"@id\":\"https:\/\/andestopacific.cl\/#website\",\"url\":\"https:\/\/andestopacific.cl\/\",\"name\":\"Andes to pacific\",\"description\":\"\",\"publisher\":{\"@id\":\"https:\/\/andestopacific.cl\/#organization\"},\"potentialAction\":[{\"@type\":\"SearchAction\",\"target\":{\"@type\":\"EntryPoint\",\"urlTemplate\":\"https:\/\/andestopacific.cl\/?s={search_term_string}\"},\"query-input\":{\"@type\":\"PropertyValueSpecification\",\"valueRequired\":true,\"valueName\":\"search_term_string\"}}],\"inLanguage\":\"en-US\"},{\"@type\":\"Organization\",\"@id\":\"https:\/\/andestopacific.cl\/#organization\",\"name\":\"Andes to pacific\",\"url\":\"https:\/\/andestopacific.cl\/\",\"logo\":{\"@type\":\"ImageObject\",\"inLanguage\":\"en-US\",\"@id\":\"https:\/\/andestopacific.cl\/#\/schema\/logo\/image\/\",\"url\":\"https:\/\/andestopacific.cl\/wp-content\/uploads\/2024\/01\/faviconandes.png\",\"contentUrl\":\"https:\/\/andestopacific.cl\/wp-content\/uploads\/2024\/01\/faviconandes.png\",\"width\":512,\"height\":512,\"caption\":\"Andes to pacific\"},\"image\":{\"@id\":\"https:\/\/andestopacific.cl\/#\/schema\/logo\/image\/\"}}]}<\/script>\n<!-- \/ Yoast SEO plugin. -->","yoast_head_json":{"title":"Pared de Jabbah - Andes to pacific","robots":{"index":"index","follow":"follow","max-snippet":"max-snippet:-1","max-image-preview":"max-image-preview:large","max-video-preview":"max-video-preview:-1"},"canonical":"https:\/\/andestopacific.cl\/en\/escalada\/curso-1-copy-copy-2-copy-copy-2\/","og_locale":"en_US","og_type":"article","og_title":"Pared de Jabbah - Andes to pacific","og_description":"Pared de Jabbah es un sector cl\u00e1sico de multilargos en el Caj\u00f3n del Maipo el cual se encuentra sobre los 2.000 mts sobre el nivel del mar tiene rutas de hasta 5 largos con vistas impresionantes a la alta monta\u00f1a del valle Las Arenas, Volc\u00e1n San Jos\u00e9 y las grandes paredes de Lo Valdes. Requisitos [&hellip;]","og_url":"https:\/\/andestopacific.cl\/en\/escalada\/curso-1-copy-copy-2-copy-copy-2\/","og_site_name":"Andes to pacific","article_modified_time":"2024-01-29T23:46:10+00:00","og_image":[{"width":512,"height":512,"url":"https:\/\/andestopacific.cl\/wp-content\/uploads\/2024\/01\/faviconandes.png","type":"image\/png"}],"twitter_card":"summary_large_image","twitter_misc":{"Est. reading time":"1 minute"},"schema":{"@context":"https:\/\/schema.org","@graph":[{"@type":"WebPage","@id":"https:\/\/andestopacific.cl\/escalada\/curso-1-copy-copy-2-copy-copy-2\/","url":"https:\/\/andestopacific.cl\/escalada\/curso-1-copy-copy-2-copy-copy-2\/","name":"Pared de Jabbah - Andes to pacific","isPartOf":{"@id":"https:\/\/andestopacific.cl\/#website"},"datePublished":"2024-01-29T22:55:57+00:00","dateModified":"2024-01-29T23:46:10+00:00","breadcrumb":{"@id":"https:\/\/andestopacific.cl\/escalada\/curso-1-copy-copy-2-copy-copy-2\/#breadcrumb"},"inLanguage":"en-US","potentialAction":[{"@type":"ReadAction","target":["https:\/\/andestopacific.cl\/escalada\/curso-1-copy-copy-2-copy-copy-2\/"]}]},{"@type":"BreadcrumbList","@id":"https:\/\/andestopacific.cl\/escalada\/curso-1-copy-copy-2-copy-copy-2\/#breadcrumb","itemListElement":[{"@type":"ListItem","position":1,"name":"Portada","item":"https:\/\/andestopacific.cl\/"},{"@type":"ListItem","position":2,"name":"Escalada","item":"https:\/\/andestopacific.cl\/escalada\/"},{"@type":"ListItem","position":3,"name":"Pared de Jabbah"}]},{"@type":"WebSite","@id":"https:\/\/andestopacific.cl\/#website","url":"https:\/\/andestopacific.cl\/","name":"Andes to pacific","description":"","publisher":{"@id":"https:\/\/andestopacific.cl\/#organization"},"potentialAction":[{"@type":"SearchAction","target":{"@type":"EntryPoint","urlTemplate":"https:\/\/andestopacific.cl\/?s={search_term_string}"},"query-input":{"@type":"PropertyValueSpecification","valueRequired":true,"valueName":"search_term_string"}}],"inLanguage":"en-US"},{"@type":"Organization","@id":"https:\/\/andestopacific.cl\/#organization","name":"Andes to pacific","url":"https:\/\/andestopacific.cl\/","logo":{"@type":"ImageObject","inLanguage":"en-US","@id":"https:\/\/andestopacific.cl\/#\/schema\/logo\/image\/","url":"https:\/\/andestopacific.cl\/wp-content\/uploads\/2024\/01\/faviconandes.png","contentUrl":"https:\/\/andestopacific.cl\/wp-content\/uploads\/2024\/01\/faviconandes.png","width":512,"height":512,"caption":"Andes to pacific"},"image":{"@id":"https:\/\/andestopacific.cl\/#\/schema\/logo\/image\/"}}]}},"_links":{"self":[{"href":"https:\/\/andestopacific.cl\/en\/wp-json\/wp\/v2\/pages\/502","targetHints":{"allow":["GET"]}}],"collection":[{"href":"https:\/\/andestopacific.cl\/en\/wp-json\/wp\/v2\/pages"}],"about":[{"href":"https:\/\/andestopacific.cl\/en\/wp-json\/wp\/v2\/types\/page"}],"author":[{"embeddable":true,"href":"https:\/\/andestopacific.cl\/en\/wp-json\/wp\/v2\/users\/1"}],"replies":[{"embeddable":true,"href":"https:\/\/andestopacific.cl\/en\/wp-json\/wp\/v2\/comments?post=502"}],"version-history":[{"count":4,"href":"https:\/\/andestopacific.cl\/en\/wp-json\/wp\/v2\/pages\/502\/revisions"}],"predecessor-version":[{"id":515,"href":"https:\/\/andestopacific.cl\/en\/wp-json\/wp\/v2\/pages\/502\/revisions\/515"}],"up":[{"embeddable":true,"href":"https:\/\/andestopacific.cl\/en\/wp-json\/wp\/v2\/pages\/24"}],"wp:attachment":[{"href":"https:\/\/andestopacific.cl\/en\/wp-json\/wp\/v2\/media?parent=502"}],"curies":[{"name":"wp","href":"https:\/\/api.w.org\/{rel}","templated":true}]}}