{"id":457,"date":"2024-01-25T14:34:23","date_gmt":"2024-01-25T14:34:23","guid":{"rendered":"https:\/\/andestopacific.cl\/index.php\/salidas-guiadas\/curso-1-copy-copy-2-copy-copy\/"},"modified":"2025-11-12T21:18:52","modified_gmt":"2025-11-12T21:18:52","slug":"placa-roja","status":"publish","type":"page","link":"https:\/\/andestopacific.cl\/en\/escalada\/placa-roja\/","title":{"rendered":"Placa Roja north ridge"},"content":{"rendered":"<p><strong>Placa Roja<\/strong><\/p>\n\n\n\n<p>Come climb with us to a must-see of the great walls in the Caj\u00f3n del Maipo.<\/p>\n\n\n\n<p>El Filo Norte de la Placa roja es uno de los multilargos m\u00e1s cl\u00e1sicos de Chile, esta impresionante formaci\u00f3n geol\u00f3gica recorre 200 metros de filo hasta llegar a la cumbre, con una de las mejores vistas del Caj\u00f3n del Maipo.<\/p>\n\n\n\n<p>Esta es una salida guiada donde te llevaremos de forma segura y eficiente a escalar esta gran pared, acompa\u00f1\u00e1ndote a lograr tus objetivos.<\/p>\n\n\n\n<p><strong>Requirements<\/strong><\/p>\n\n\n\n<ul class=\"wp-block-list\">\n<li>Health, physical and mental state compatible with the activity.<\/li>\n\n\n\n<li>Escalar 5.10a o 6a.<\/li>\n<\/ul>\n\n\n\n<p><strong>What you need to bring?<\/strong><\/p>\n\n\n\n<ul class=\"wp-block-list\">\n<li>Comfortable clothing, appropriate for the activity and weather conditions of the day<\/li>\n\n\n\n<li>Equipo personal de escalada. (arnes, zapatillas, magnesera, casco)<\/li>\n\n\n\n<li>Backpack of 20-30 liters<\/li>\n\n\n\n<li>Food for the day<\/li>\n\n\n\n<li>At least 2 liters of water<\/li>\n\n\n\n<li>Trekking or approach shoes<\/li>\n<\/ul>\n\n\n\n<p><strong>Incluye<\/strong><\/p>\n\n\n\n<ul class=\"wp-block-list\">\n<li>Gu\u00eda<\/li>\n\n\n\n<li>Transport<\/li>\n\n\n\n<li>Botiqu\u00edn<\/li>\n\n\n\n<li>Equipo t\u00e9cnico de escalada<\/li>\n\n\n\n<li>Equipo Inreach con sistema SOS<\/li>\n\n\n\n<li>Entrada al lugar.<\/li>\n<\/ul>\n\n\n\n<p><strong>No incluye:<\/strong><\/p>\n\n\n\n<ul class=\"wp-block-list\">\n<li>Alimentaci\u00f3n.<\/li>\n\n\n\n<li>Seguro de accidentes<\/li>\n<\/ul>","protected":false},"excerpt":{"rendered":"<p>Placa Roja Ven a escalar junto a nosotros a un imperdible de las grandes paredes en el Caj\u00f3n del Maipo. El Filo Norte de la Placa roja es uno de los multilargos m\u00e1s cl\u00e1sicos de Chile, esta impresionante formaci\u00f3n geol\u00f3gica recorre 200 metros de filo hasta llegar a la cumbre, con una de las mejores [&hellip;]<\/p>","protected":false},"author":1,"featured_media":0,"parent":24,"menu_order":0,"comment_status":"closed","ping_status":"closed","template":"","meta":{"footnotes":""},"class_list":["post-457","page","type-page","status-publish","hentry"],"yoast_head":"<!-- This site is optimized with the Yoast SEO plugin v24.4 - https:\/\/yoast.com\/wordpress\/plugins\/seo\/ -->\n<title>Placa Roja Filo Norte - Andes to pacific<\/title>\n<meta name=\"robots\" content=\"index, follow, max-snippet:-1, max-image-preview:large, max-video-preview:-1\" \/>\n<link rel=\"canonical\" href=\"https:\/\/andestopacific.cl\/en\/escalada\/placa-roja\/\" \/>\n<meta property=\"og:locale\" content=\"en_US\" \/>\n<meta property=\"og:type\" content=\"article\" \/>\n<meta property=\"og:title\" content=\"Placa Roja Filo Norte - Andes to pacific\" \/>\n<meta property=\"og:description\" content=\"Placa Roja Ven a escalar junto a nosotros a un imperdible de las grandes paredes en el Caj\u00f3n del Maipo. El Filo Norte de la Placa roja es uno de los multilargos m\u00e1s cl\u00e1sicos de Chile, esta impresionante formaci\u00f3n geol\u00f3gica recorre 200 metros de filo hasta llegar a la cumbre, con una de las mejores [&hellip;]\" \/>\n<meta property=\"og:url\" content=\"https:\/\/andestopacific.cl\/en\/escalada\/placa-roja\/\" \/>\n<meta property=\"og:site_name\" content=\"Andes to pacific\" \/>\n<meta property=\"article:modified_time\" content=\"2025-11-12T21:18:52+00:00\" \/>\n<meta property=\"og:image\" content=\"https:\/\/andestopacific.cl\/wp-content\/uploads\/2024\/01\/faviconandes.png\" \/>\n\t<meta property=\"og:image:width\" content=\"512\" \/>\n\t<meta property=\"og:image:height\" content=\"512\" \/>\n\t<meta property=\"og:image:type\" content=\"image\/png\" \/>\n<meta name=\"twitter:card\" content=\"summary_large_image\" \/>\n<meta name=\"twitter:label1\" content=\"Est. reading time\" \/>\n\t<meta name=\"twitter:data1\" content=\"1 minute\" \/>\n<script type=\"application\/ld+json\" class=\"yoast-schema-graph\">{\"@context\":\"https:\/\/schema.org\",\"@graph\":[{\"@type\":\"WebPage\",\"@id\":\"https:\/\/andestopacific.cl\/escalada\/placa-roja\/\",\"url\":\"https:\/\/andestopacific.cl\/escalada\/placa-roja\/\",\"name\":\"Placa Roja Filo Norte - Andes to pacific\",\"isPartOf\":{\"@id\":\"https:\/\/andestopacific.cl\/#website\"},\"datePublished\":\"2024-01-25T14:34:23+00:00\",\"dateModified\":\"2025-11-12T21:18:52+00:00\",\"breadcrumb\":{\"@id\":\"https:\/\/andestopacific.cl\/escalada\/placa-roja\/#breadcrumb\"},\"inLanguage\":\"en-US\",\"potentialAction\":[{\"@type\":\"ReadAction\",\"target\":[\"https:\/\/andestopacific.cl\/escalada\/placa-roja\/\"]}]},{\"@type\":\"BreadcrumbList\",\"@id\":\"https:\/\/andestopacific.cl\/escalada\/placa-roja\/#breadcrumb\",\"itemListElement\":[{\"@type\":\"ListItem\",\"position\":1,\"name\":\"Portada\",\"item\":\"https:\/\/andestopacific.cl\/\"},{\"@type\":\"ListItem\",\"position\":2,\"name\":\"Escalada\",\"item\":\"https:\/\/andestopacific.cl\/escalada\/\"},{\"@type\":\"ListItem\",\"position\":3,\"name\":\"Placa Roja Filo Norte\"}]},{\"@type\":\"WebSite\",\"@id\":\"https:\/\/andestopacific.cl\/#website\",\"url\":\"https:\/\/andestopacific.cl\/\",\"name\":\"Andes to pacific\",\"description\":\"\",\"publisher\":{\"@id\":\"https:\/\/andestopacific.cl\/#organization\"},\"potentialAction\":[{\"@type\":\"SearchAction\",\"target\":{\"@type\":\"EntryPoint\",\"urlTemplate\":\"https:\/\/andestopacific.cl\/?s={search_term_string}\"},\"query-input\":{\"@type\":\"PropertyValueSpecification\",\"valueRequired\":true,\"valueName\":\"search_term_string\"}}],\"inLanguage\":\"en-US\"},{\"@type\":\"Organization\",\"@id\":\"https:\/\/andestopacific.cl\/#organization\",\"name\":\"Andes to pacific\",\"url\":\"https:\/\/andestopacific.cl\/\",\"logo\":{\"@type\":\"ImageObject\",\"inLanguage\":\"en-US\",\"@id\":\"https:\/\/andestopacific.cl\/#\/schema\/logo\/image\/\",\"url\":\"https:\/\/andestopacific.cl\/wp-content\/uploads\/2024\/01\/faviconandes.png\",\"contentUrl\":\"https:\/\/andestopacific.cl\/wp-content\/uploads\/2024\/01\/faviconandes.png\",\"width\":512,\"height\":512,\"caption\":\"Andes to pacific\"},\"image\":{\"@id\":\"https:\/\/andestopacific.cl\/#\/schema\/logo\/image\/\"}}]}<\/script>\n<!-- \/ Yoast SEO plugin. -->","yoast_head_json":{"title":"Placa Roja Filo Norte - Andes to pacific","robots":{"index":"index","follow":"follow","max-snippet":"max-snippet:-1","max-image-preview":"max-image-preview:large","max-video-preview":"max-video-preview:-1"},"canonical":"https:\/\/andestopacific.cl\/en\/escalada\/placa-roja\/","og_locale":"en_US","og_type":"article","og_title":"Placa Roja Filo Norte - Andes to pacific","og_description":"Placa Roja Ven a escalar junto a nosotros a un imperdible de las grandes paredes en el Caj\u00f3n del Maipo. El Filo Norte de la Placa roja es uno de los multilargos m\u00e1s cl\u00e1sicos de Chile, esta impresionante formaci\u00f3n geol\u00f3gica recorre 200 metros de filo hasta llegar a la cumbre, con una de las mejores [&hellip;]","og_url":"https:\/\/andestopacific.cl\/en\/escalada\/placa-roja\/","og_site_name":"Andes to pacific","article_modified_time":"2025-11-12T21:18:52+00:00","og_image":[{"width":512,"height":512,"url":"https:\/\/andestopacific.cl\/wp-content\/uploads\/2024\/01\/faviconandes.png","type":"image\/png"}],"twitter_card":"summary_large_image","twitter_misc":{"Est. reading time":"1 minute"},"schema":{"@context":"https:\/\/schema.org","@graph":[{"@type":"WebPage","@id":"https:\/\/andestopacific.cl\/escalada\/placa-roja\/","url":"https:\/\/andestopacific.cl\/escalada\/placa-roja\/","name":"Placa Roja Filo Norte - Andes to pacific","isPartOf":{"@id":"https:\/\/andestopacific.cl\/#website"},"datePublished":"2024-01-25T14:34:23+00:00","dateModified":"2025-11-12T21:18:52+00:00","breadcrumb":{"@id":"https:\/\/andestopacific.cl\/escalada\/placa-roja\/#breadcrumb"},"inLanguage":"en-US","potentialAction":[{"@type":"ReadAction","target":["https:\/\/andestopacific.cl\/escalada\/placa-roja\/"]}]},{"@type":"BreadcrumbList","@id":"https:\/\/andestopacific.cl\/escalada\/placa-roja\/#breadcrumb","itemListElement":[{"@type":"ListItem","position":1,"name":"Portada","item":"https:\/\/andestopacific.cl\/"},{"@type":"ListItem","position":2,"name":"Escalada","item":"https:\/\/andestopacific.cl\/escalada\/"},{"@type":"ListItem","position":3,"name":"Placa Roja Filo Norte"}]},{"@type":"WebSite","@id":"https:\/\/andestopacific.cl\/#website","url":"https:\/\/andestopacific.cl\/","name":"Andes to pacific","description":"","publisher":{"@id":"https:\/\/andestopacific.cl\/#organization"},"potentialAction":[{"@type":"SearchAction","target":{"@type":"EntryPoint","urlTemplate":"https:\/\/andestopacific.cl\/?s={search_term_string}"},"query-input":{"@type":"PropertyValueSpecification","valueRequired":true,"valueName":"search_term_string"}}],"inLanguage":"en-US"},{"@type":"Organization","@id":"https:\/\/andestopacific.cl\/#organization","name":"Andes to pacific","url":"https:\/\/andestopacific.cl\/","logo":{"@type":"ImageObject","inLanguage":"en-US","@id":"https:\/\/andestopacific.cl\/#\/schema\/logo\/image\/","url":"https:\/\/andestopacific.cl\/wp-content\/uploads\/2024\/01\/faviconandes.png","contentUrl":"https:\/\/andestopacific.cl\/wp-content\/uploads\/2024\/01\/faviconandes.png","width":512,"height":512,"caption":"Andes to pacific"},"image":{"@id":"https:\/\/andestopacific.cl\/#\/schema\/logo\/image\/"}}]}},"_links":{"self":[{"href":"https:\/\/andestopacific.cl\/en\/wp-json\/wp\/v2\/pages\/457","targetHints":{"allow":["GET"]}}],"collection":[{"href":"https:\/\/andestopacific.cl\/en\/wp-json\/wp\/v2\/pages"}],"about":[{"href":"https:\/\/andestopacific.cl\/en\/wp-json\/wp\/v2\/types\/page"}],"author":[{"embeddable":true,"href":"https:\/\/andestopacific.cl\/en\/wp-json\/wp\/v2\/users\/1"}],"replies":[{"embeddable":true,"href":"https:\/\/andestopacific.cl\/en\/wp-json\/wp\/v2\/comments?post=457"}],"version-history":[{"count":17,"href":"https:\/\/andestopacific.cl\/en\/wp-json\/wp\/v2\/pages\/457\/revisions"}],"predecessor-version":[{"id":2090,"href":"https:\/\/andestopacific.cl\/en\/wp-json\/wp\/v2\/pages\/457\/revisions\/2090"}],"up":[{"embeddable":true,"href":"https:\/\/andestopacific.cl\/en\/wp-json\/wp\/v2\/pages\/24"}],"wp:attachment":[{"href":"https:\/\/andestopacific.cl\/en\/wp-json\/wp\/v2\/media?parent=457"}],"curies":[{"name":"wp","href":"https:\/\/api.w.org\/{rel}","templated":true}]}}