{"id":438,"date":"2024-01-19T23:07:22","date_gmt":"2024-01-19T23:07:22","guid":{"rendered":"https:\/\/andestopacific.cl\/index.php\/salidas-guiadas\/curso-1-copy-copy-2-copy\/"},"modified":"2026-04-20T15:20:09","modified_gmt":"2026-04-20T15:20:09","slug":"torrecillas","status":"publish","type":"page","link":"https:\/\/andestopacific.cl\/en\/escalada\/torrecillas\/","title":{"rendered":"Torrecillas"},"content":{"rendered":"<p>Ven a escalar junto a nosotros a uno de los sectores m\u00e1s emblem\u00e1ticos de multilargos de Chile, Torrecillas.<\/p>\n\n\n\n<p>A tan solo 36 km de Santiago, Torrecillas se destaca por su incre\u00edble pared en el cerro Las Bandurrias, ofreciendo rutas de hasta 260 metros de recorrido con vistas panor\u00e1micas hacia la Sierra de Ram\u00f3n y el bosque esclerofilo que la rodea.&nbsp;<\/p>\n\n\n\n<p>Se destaca por su estilo de placas de adherencia, microrregletas, desplomes con agujeros, t\u00faneles, chimeneas y fisuras. Esta formaci\u00f3n es de roca volc\u00e1nica toba, destaca por su textura adherente, compacta y s\u00f3lida.<\/p>\n\n\n\n<p>Este sector cuenta con m\u00e1s de 100 rutas de multilargos en su mayor\u00eda de deportiva pero tambi\u00e9n hay varios de tradicional<\/p>\n\n\n\n<p>Para llegar al sector se debe caminar una distancia de 5km para llegar a los pies de la pared.<\/p>\n\n\n\n<p><strong>Requirements<\/strong><\/p>\n\n\n\n<ul class=\"wp-block-list\">\n<li>Health, physical and mental state compatible with the activity.<\/li>\n\n\n\n<li>Escalar 5.10a o 6a.<\/li>\n<\/ul>\n\n\n\n<p><\/p>\n\n\n\n<p><strong>What you need to bring?<\/strong><\/p>\n\n\n\n<ul class=\"wp-block-list\">\n<li>Comfortable clothing, appropriate for the activity and weather conditions of the day<\/li>\n\n\n\n<li>Equipo personal de escalada. (arnes, zapatillas, magnesera, casco)<\/li>\n\n\n\n<li>Backpack of 20-30 liters<\/li>\n\n\n\n<li>Food for the day<\/li>\n\n\n\n<li>At least 2 liters of water<\/li>\n\n\n\n<li>Trekking or approach shoes<\/li>\n<\/ul>\n\n\n\n<p><\/p>","protected":false},"excerpt":{"rendered":"<p>Torrecillas, ubicado en El Manzano en el Caj\u00f3n del Maipo y es un para\u00edso de escalada de multilargos. Ven a escalar junto a nosotros las mejores rutas de Torrecillas!<\/p>","protected":false},"author":1,"featured_media":1295,"parent":24,"menu_order":0,"comment_status":"closed","ping_status":"closed","template":"","meta":{"footnotes":""},"class_list":["post-438","page","type-page","status-publish","has-post-thumbnail","hentry"],"yoast_head":"<!-- This site is optimized with the Yoast SEO plugin v24.4 - https:\/\/yoast.com\/wordpress\/plugins\/seo\/ -->\n<title>Torrecillas - Andes to pacific<\/title>\n<meta name=\"description\" content=\"Torrecillas, ubicado en El Manzano en el Caj\u00f3n del Maipo y es uno de los sectores de multilargos m\u00e1s cl\u00e1sicos en Chile, siendo un para\u00edso de escalada. Ven a escalar junto a nosotros las mejores rutas de Torrecillas!\" \/>\n<meta name=\"robots\" content=\"index, follow, max-snippet:-1, max-image-preview:large, max-video-preview:-1\" \/>\n<link rel=\"canonical\" href=\"https:\/\/andestopacific.cl\/en\/escalada\/torrecillas\/\" \/>\n<meta property=\"og:locale\" content=\"en_US\" \/>\n<meta property=\"og:type\" content=\"article\" \/>\n<meta property=\"og:title\" content=\"Torrecillas - Andes to pacific\" \/>\n<meta property=\"og:description\" content=\"Torrecillas, ubicado en El Manzano en el Caj\u00f3n del Maipo y es uno de los sectores de multilargos m\u00e1s cl\u00e1sicos en Chile, siendo un para\u00edso de escalada. Ven a escalar junto a nosotros las mejores rutas de Torrecillas!\" \/>\n<meta property=\"og:url\" content=\"https:\/\/andestopacific.cl\/en\/escalada\/torrecillas\/\" \/>\n<meta property=\"og:site_name\" content=\"Andes to pacific\" \/>\n<meta property=\"article:modified_time\" content=\"2026-04-20T15:20:09+00:00\" \/>\n<meta property=\"og:image\" content=\"https:\/\/andestopacific.cl\/wp-content\/uploads\/2024\/03\/IMG_7497-scaled.jpg\" \/>\n\t<meta property=\"og:image:width\" content=\"2560\" \/>\n\t<meta property=\"og:image:height\" content=\"1920\" \/>\n\t<meta property=\"og:image:type\" content=\"image\/jpeg\" \/>\n<meta name=\"twitter:card\" content=\"summary_large_image\" \/>\n<meta name=\"twitter:label1\" content=\"Est. reading time\" \/>\n\t<meta name=\"twitter:data1\" content=\"2 minutes\" \/>\n<script type=\"application\/ld+json\" class=\"yoast-schema-graph\">{\"@context\":\"https:\/\/schema.org\",\"@graph\":[{\"@type\":\"WebPage\",\"@id\":\"https:\/\/andestopacific.cl\/escalada\/torrecillas\/\",\"url\":\"https:\/\/andestopacific.cl\/escalada\/torrecillas\/\",\"name\":\"Torrecillas - Andes to pacific\",\"isPartOf\":{\"@id\":\"https:\/\/andestopacific.cl\/#website\"},\"primaryImageOfPage\":{\"@id\":\"https:\/\/andestopacific.cl\/escalada\/torrecillas\/#primaryimage\"},\"image\":{\"@id\":\"https:\/\/andestopacific.cl\/escalada\/torrecillas\/#primaryimage\"},\"thumbnailUrl\":\"https:\/\/andestopacific.cl\/wp-content\/uploads\/2024\/03\/IMG_7497-scaled.jpg\",\"datePublished\":\"2024-01-19T23:07:22+00:00\",\"dateModified\":\"2026-04-20T15:20:09+00:00\",\"description\":\"Torrecillas, ubicado en El Manzano en el Caj\u00f3n del Maipo y es uno de los sectores de multilargos m\u00e1s cl\u00e1sicos en Chile, siendo un para\u00edso de escalada. Ven a escalar junto a nosotros las mejores rutas de Torrecillas!\",\"breadcrumb\":{\"@id\":\"https:\/\/andestopacific.cl\/escalada\/torrecillas\/#breadcrumb\"},\"inLanguage\":\"en-US\",\"potentialAction\":[{\"@type\":\"ReadAction\",\"target\":[\"https:\/\/andestopacific.cl\/escalada\/torrecillas\/\"]}]},{\"@type\":\"ImageObject\",\"inLanguage\":\"en-US\",\"@id\":\"https:\/\/andestopacific.cl\/escalada\/torrecillas\/#primaryimage\",\"url\":\"https:\/\/andestopacific.cl\/wp-content\/uploads\/2024\/03\/IMG_7497-scaled.jpg\",\"contentUrl\":\"https:\/\/andestopacific.cl\/wp-content\/uploads\/2024\/03\/IMG_7497-scaled.jpg\",\"width\":2560,\"height\":1920},{\"@type\":\"BreadcrumbList\",\"@id\":\"https:\/\/andestopacific.cl\/escalada\/torrecillas\/#breadcrumb\",\"itemListElement\":[{\"@type\":\"ListItem\",\"position\":1,\"name\":\"Portada\",\"item\":\"https:\/\/andestopacific.cl\/\"},{\"@type\":\"ListItem\",\"position\":2,\"name\":\"Escalada\",\"item\":\"https:\/\/andestopacific.cl\/escalada\/\"},{\"@type\":\"ListItem\",\"position\":3,\"name\":\"Torrecillas\"}]},{\"@type\":\"WebSite\",\"@id\":\"https:\/\/andestopacific.cl\/#website\",\"url\":\"https:\/\/andestopacific.cl\/\",\"name\":\"Andes to pacific\",\"description\":\"\",\"publisher\":{\"@id\":\"https:\/\/andestopacific.cl\/#organization\"},\"potentialAction\":[{\"@type\":\"SearchAction\",\"target\":{\"@type\":\"EntryPoint\",\"urlTemplate\":\"https:\/\/andestopacific.cl\/?s={search_term_string}\"},\"query-input\":{\"@type\":\"PropertyValueSpecification\",\"valueRequired\":true,\"valueName\":\"search_term_string\"}}],\"inLanguage\":\"en-US\"},{\"@type\":\"Organization\",\"@id\":\"https:\/\/andestopacific.cl\/#organization\",\"name\":\"Andes to pacific\",\"url\":\"https:\/\/andestopacific.cl\/\",\"logo\":{\"@type\":\"ImageObject\",\"inLanguage\":\"en-US\",\"@id\":\"https:\/\/andestopacific.cl\/#\/schema\/logo\/image\/\",\"url\":\"https:\/\/andestopacific.cl\/wp-content\/uploads\/2024\/01\/faviconandes.png\",\"contentUrl\":\"https:\/\/andestopacific.cl\/wp-content\/uploads\/2024\/01\/faviconandes.png\",\"width\":512,\"height\":512,\"caption\":\"Andes to pacific\"},\"image\":{\"@id\":\"https:\/\/andestopacific.cl\/#\/schema\/logo\/image\/\"}}]}<\/script>\n<!-- \/ Yoast SEO plugin. -->","yoast_head_json":{"title":"Torrecillas - Andes to pacific","description":"Torrecillas, ubicado en El Manzano en el Caj\u00f3n del Maipo y es uno de los sectores de multilargos m\u00e1s cl\u00e1sicos en Chile, siendo un para\u00edso de escalada. Ven a escalar junto a nosotros las mejores rutas de Torrecillas!","robots":{"index":"index","follow":"follow","max-snippet":"max-snippet:-1","max-image-preview":"max-image-preview:large","max-video-preview":"max-video-preview:-1"},"canonical":"https:\/\/andestopacific.cl\/en\/escalada\/torrecillas\/","og_locale":"en_US","og_type":"article","og_title":"Torrecillas - Andes to pacific","og_description":"Torrecillas, ubicado en El Manzano en el Caj\u00f3n del Maipo y es uno de los sectores de multilargos m\u00e1s cl\u00e1sicos en Chile, siendo un para\u00edso de escalada. Ven a escalar junto a nosotros las mejores rutas de Torrecillas!","og_url":"https:\/\/andestopacific.cl\/en\/escalada\/torrecillas\/","og_site_name":"Andes to pacific","article_modified_time":"2026-04-20T15:20:09+00:00","og_image":[{"width":2560,"height":1920,"url":"https:\/\/andestopacific.cl\/wp-content\/uploads\/2024\/03\/IMG_7497-scaled.jpg","type":"image\/jpeg"}],"twitter_card":"summary_large_image","twitter_misc":{"Est. reading time":"2 minutes"},"schema":{"@context":"https:\/\/schema.org","@graph":[{"@type":"WebPage","@id":"https:\/\/andestopacific.cl\/escalada\/torrecillas\/","url":"https:\/\/andestopacific.cl\/escalada\/torrecillas\/","name":"Torrecillas - Andes to pacific","isPartOf":{"@id":"https:\/\/andestopacific.cl\/#website"},"primaryImageOfPage":{"@id":"https:\/\/andestopacific.cl\/escalada\/torrecillas\/#primaryimage"},"image":{"@id":"https:\/\/andestopacific.cl\/escalada\/torrecillas\/#primaryimage"},"thumbnailUrl":"https:\/\/andestopacific.cl\/wp-content\/uploads\/2024\/03\/IMG_7497-scaled.jpg","datePublished":"2024-01-19T23:07:22+00:00","dateModified":"2026-04-20T15:20:09+00:00","description":"Torrecillas, ubicado en El Manzano en el Caj\u00f3n del Maipo y es uno de los sectores de multilargos m\u00e1s cl\u00e1sicos en Chile, siendo un para\u00edso de escalada. Ven a escalar junto a nosotros las mejores rutas de Torrecillas!","breadcrumb":{"@id":"https:\/\/andestopacific.cl\/escalada\/torrecillas\/#breadcrumb"},"inLanguage":"en-US","potentialAction":[{"@type":"ReadAction","target":["https:\/\/andestopacific.cl\/escalada\/torrecillas\/"]}]},{"@type":"ImageObject","inLanguage":"en-US","@id":"https:\/\/andestopacific.cl\/escalada\/torrecillas\/#primaryimage","url":"https:\/\/andestopacific.cl\/wp-content\/uploads\/2024\/03\/IMG_7497-scaled.jpg","contentUrl":"https:\/\/andestopacific.cl\/wp-content\/uploads\/2024\/03\/IMG_7497-scaled.jpg","width":2560,"height":1920},{"@type":"BreadcrumbList","@id":"https:\/\/andestopacific.cl\/escalada\/torrecillas\/#breadcrumb","itemListElement":[{"@type":"ListItem","position":1,"name":"Portada","item":"https:\/\/andestopacific.cl\/"},{"@type":"ListItem","position":2,"name":"Escalada","item":"https:\/\/andestopacific.cl\/escalada\/"},{"@type":"ListItem","position":3,"name":"Torrecillas"}]},{"@type":"WebSite","@id":"https:\/\/andestopacific.cl\/#website","url":"https:\/\/andestopacific.cl\/","name":"Andes to pacific","description":"","publisher":{"@id":"https:\/\/andestopacific.cl\/#organization"},"potentialAction":[{"@type":"SearchAction","target":{"@type":"EntryPoint","urlTemplate":"https:\/\/andestopacific.cl\/?s={search_term_string}"},"query-input":{"@type":"PropertyValueSpecification","valueRequired":true,"valueName":"search_term_string"}}],"inLanguage":"en-US"},{"@type":"Organization","@id":"https:\/\/andestopacific.cl\/#organization","name":"Andes to pacific","url":"https:\/\/andestopacific.cl\/","logo":{"@type":"ImageObject","inLanguage":"en-US","@id":"https:\/\/andestopacific.cl\/#\/schema\/logo\/image\/","url":"https:\/\/andestopacific.cl\/wp-content\/uploads\/2024\/01\/faviconandes.png","contentUrl":"https:\/\/andestopacific.cl\/wp-content\/uploads\/2024\/01\/faviconandes.png","width":512,"height":512,"caption":"Andes to pacific"},"image":{"@id":"https:\/\/andestopacific.cl\/#\/schema\/logo\/image\/"}}]}},"_links":{"self":[{"href":"https:\/\/andestopacific.cl\/en\/wp-json\/wp\/v2\/pages\/438","targetHints":{"allow":["GET"]}}],"collection":[{"href":"https:\/\/andestopacific.cl\/en\/wp-json\/wp\/v2\/pages"}],"about":[{"href":"https:\/\/andestopacific.cl\/en\/wp-json\/wp\/v2\/types\/page"}],"author":[{"embeddable":true,"href":"https:\/\/andestopacific.cl\/en\/wp-json\/wp\/v2\/users\/1"}],"replies":[{"embeddable":true,"href":"https:\/\/andestopacific.cl\/en\/wp-json\/wp\/v2\/comments?post=438"}],"version-history":[{"count":29,"href":"https:\/\/andestopacific.cl\/en\/wp-json\/wp\/v2\/pages\/438\/revisions"}],"predecessor-version":[{"id":2151,"href":"https:\/\/andestopacific.cl\/en\/wp-json\/wp\/v2\/pages\/438\/revisions\/2151"}],"up":[{"embeddable":true,"href":"https:\/\/andestopacific.cl\/en\/wp-json\/wp\/v2\/pages\/24"}],"wp:featuredmedia":[{"embeddable":true,"href":"https:\/\/andestopacific.cl\/en\/wp-json\/wp\/v2\/media\/1295"}],"wp:attachment":[{"href":"https:\/\/andestopacific.cl\/en\/wp-json\/wp\/v2\/media?parent=438"}],"curies":[{"name":"wp","href":"https:\/\/api.w.org\/{rel}","templated":true}]}}