{"id":229,"date":"2024-01-11T13:29:01","date_gmt":"2024-01-11T13:29:01","guid":{"rendered":"https:\/\/andestopacific.cl\/index.php\/cursos\/curso-1-copy-copy-copy-copy\/"},"modified":"2024-05-12T02:17:23","modified_gmt":"2024-05-12T02:17:23","slug":"taller-de-iniciacion","status":"publish","type":"page","link":"https:\/\/andestopacific.cl\/en\/cursos\/taller-de-iniciacion\/","title":{"rendered":"Taller de iniciaci\u00f3n a la escalada en roca"},"content":{"rendered":"<p>Este taller ha sido dise\u00f1ado especialmente para aquellos que nunca han incursionado en la escalada en roca, as\u00ed como para aquellos que han estado practicando en boulder y desean dar el siguiente paso. En este taller aprender\u00e1s las bases de la escalada en roca de manera segura, entretenida y personalizada. <\/p>\n\n\n\n<p><strong>Objetivo<\/strong><\/p>\n\n\n\n<p>Se tiene como objetivo que los alumnos puedan tener una primera experiencia en la escalada en roca donde aprenda sobre el equipo t\u00e9cnico y asegurar con los sistemas de aseguramientos m\u00e1s utilizados<\/p>\n\n\n\n<p><strong>Contenidos<\/strong><\/p>\n\n\n\n<ul class=\"wp-block-list\">\n<li>Seguridad y gesti\u00f3n del riesgo en un sector de escalada.<\/li>\n\n\n\n<li>Presentaci\u00f3n de equipo a utilizar en la escalada deportiva.<\/li>\n\n\n\n<li>Escalada en Top.<\/li>\n\n\n\n<li>Nudos.<\/li>\n\n\n\n<li>T\u00e9cnicas de aseguramiento con ATC y Grigri.<\/li>\n\n\n\n<li>T\u00e9cnica de escalada.<\/li>\n\n\n\n<li>Lectura de topos de sectores de escalada.<\/li>\n\n\n\n<li>C\u00f3mo seguir progresando en la escalada.<\/li>\n<\/ul>\n\n\n\n<p><strong>Recomendaciones<\/strong><\/p>\n\n\n\n<ul class=\"wp-block-list\">\n<li>Ropa adecuada a la meteorolog\u00eda.<\/li>\n\n\n\n<li>Zapatos de trekking con ca\u00f1a.<\/li>\n\n\n\n<li>Gorro de sol.<\/li>\n\n\n\n<li>Lentes y bloqueador solar.<\/li>\n\n\n\n<li>Raci\u00f3n de marcha o snack liviano para.<\/li>\n\n\n\n<li>comer durante las clases.<\/li>\n\n\n\n<li>Almuerzo y snack r\u00e1pido de hacer para<\/li>\n\n\n\n<li>los break.<\/li>\n\n\n\n<li>2 lts de agua m\u00ednimo.<\/li>\n<\/ul>\n\n\n\n<p><br><\/p>\n\n\n\n<p>Para agendar el taller se tiene que pagar un 50% y el otro 50% se<br>deber\u00e1 pagar el d\u00eda previo al taller con plazo m\u00e1ximo el d\u00eda 1 antes de la<br>fecha agendada.<\/p>\n\n\n\n<p><br>Si ya pagaste y decides no realizar el taller tienes que solicitar el<br>50% depositado como m\u00ednimo 48 horas previos a la fecha<br>agendada, del caso contrario no se devolver\u00e1 el 50%. Sin embargo<br>se da la opci\u00f3n de reagendar el taller.<\/p>\n\n\n\n<p><br>La fecha esta sujeta a cambios por malas condiciones<br>meteorol\u00f3gicas<\/p>","protected":false},"excerpt":{"rendered":"<p>Este taller ha sido dise\u00f1ado especialmente para aquellos que nunca han incursionado en la escalada en roca, as\u00ed como para aquellos que han estado practicando en boulder y desean dar el siguiente paso. En este taller aprender\u00e1s las bases de la escalada en roca de manera segura, entretenida y personalizada. Objetivo Se tiene como objetivo [&hellip;]<\/p>","protected":false},"author":1,"featured_media":0,"parent":22,"menu_order":0,"comment_status":"closed","ping_status":"closed","template":"","meta":{"footnotes":""},"class_list":["post-229","page","type-page","status-publish","hentry"],"yoast_head":"<!-- This site is optimized with the Yoast SEO plugin v24.4 - https:\/\/yoast.com\/wordpress\/plugins\/seo\/ -->\n<title>Taller de iniciaci\u00f3n a la escalada en roca - Andes to pacific<\/title>\n<meta name=\"robots\" content=\"index, follow, max-snippet:-1, max-image-preview:large, max-video-preview:-1\" \/>\n<link rel=\"canonical\" href=\"https:\/\/andestopacific.cl\/en\/cursos\/taller-de-iniciacion\/\" \/>\n<meta property=\"og:locale\" content=\"en_US\" \/>\n<meta property=\"og:type\" content=\"article\" \/>\n<meta property=\"og:title\" content=\"Taller de iniciaci\u00f3n a la escalada en roca - Andes to pacific\" \/>\n<meta property=\"og:description\" content=\"Este taller ha sido dise\u00f1ado especialmente para aquellos que nunca han incursionado en la escalada en roca, as\u00ed como para aquellos que han estado practicando en boulder y desean dar el siguiente paso. En este taller aprender\u00e1s las bases de la escalada en roca de manera segura, entretenida y personalizada. Objetivo Se tiene como objetivo [&hellip;]\" \/>\n<meta property=\"og:url\" content=\"https:\/\/andestopacific.cl\/en\/cursos\/taller-de-iniciacion\/\" \/>\n<meta property=\"og:site_name\" content=\"Andes to pacific\" \/>\n<meta property=\"article:modified_time\" content=\"2024-05-12T02:17:23+00:00\" \/>\n<meta property=\"og:image\" content=\"https:\/\/andestopacific.cl\/wp-content\/uploads\/2024\/01\/faviconandes.png\" \/>\n\t<meta property=\"og:image:width\" content=\"512\" \/>\n\t<meta property=\"og:image:height\" content=\"512\" \/>\n\t<meta property=\"og:image:type\" content=\"image\/png\" \/>\n<meta name=\"twitter:card\" content=\"summary_large_image\" \/>\n<meta name=\"twitter:label1\" content=\"Est. reading time\" \/>\n\t<meta name=\"twitter:data1\" content=\"2 minutes\" \/>\n<script type=\"application\/ld+json\" class=\"yoast-schema-graph\">{\"@context\":\"https:\/\/schema.org\",\"@graph\":[{\"@type\":\"WebPage\",\"@id\":\"https:\/\/andestopacific.cl\/cursos\/taller-de-iniciacion\/\",\"url\":\"https:\/\/andestopacific.cl\/cursos\/taller-de-iniciacion\/\",\"name\":\"Taller de iniciaci\u00f3n a la escalada en roca - Andes to pacific\",\"isPartOf\":{\"@id\":\"https:\/\/andestopacific.cl\/#website\"},\"datePublished\":\"2024-01-11T13:29:01+00:00\",\"dateModified\":\"2024-05-12T02:17:23+00:00\",\"breadcrumb\":{\"@id\":\"https:\/\/andestopacific.cl\/cursos\/taller-de-iniciacion\/#breadcrumb\"},\"inLanguage\":\"en-US\",\"potentialAction\":[{\"@type\":\"ReadAction\",\"target\":[\"https:\/\/andestopacific.cl\/cursos\/taller-de-iniciacion\/\"]}]},{\"@type\":\"BreadcrumbList\",\"@id\":\"https:\/\/andestopacific.cl\/cursos\/taller-de-iniciacion\/#breadcrumb\",\"itemListElement\":[{\"@type\":\"ListItem\",\"position\":1,\"name\":\"Portada\",\"item\":\"https:\/\/andestopacific.cl\/\"},{\"@type\":\"ListItem\",\"position\":2,\"name\":\"Cursos\",\"item\":\"https:\/\/andestopacific.cl\/cursos\/\"},{\"@type\":\"ListItem\",\"position\":3,\"name\":\"Taller de iniciaci\u00f3n a la escalada en roca\"}]},{\"@type\":\"WebSite\",\"@id\":\"https:\/\/andestopacific.cl\/#website\",\"url\":\"https:\/\/andestopacific.cl\/\",\"name\":\"Andes to pacific\",\"description\":\"\",\"publisher\":{\"@id\":\"https:\/\/andestopacific.cl\/#organization\"},\"potentialAction\":[{\"@type\":\"SearchAction\",\"target\":{\"@type\":\"EntryPoint\",\"urlTemplate\":\"https:\/\/andestopacific.cl\/?s={search_term_string}\"},\"query-input\":{\"@type\":\"PropertyValueSpecification\",\"valueRequired\":true,\"valueName\":\"search_term_string\"}}],\"inLanguage\":\"en-US\"},{\"@type\":\"Organization\",\"@id\":\"https:\/\/andestopacific.cl\/#organization\",\"name\":\"Andes to pacific\",\"url\":\"https:\/\/andestopacific.cl\/\",\"logo\":{\"@type\":\"ImageObject\",\"inLanguage\":\"en-US\",\"@id\":\"https:\/\/andestopacific.cl\/#\/schema\/logo\/image\/\",\"url\":\"https:\/\/andestopacific.cl\/wp-content\/uploads\/2024\/01\/faviconandes.png\",\"contentUrl\":\"https:\/\/andestopacific.cl\/wp-content\/uploads\/2024\/01\/faviconandes.png\",\"width\":512,\"height\":512,\"caption\":\"Andes to pacific\"},\"image\":{\"@id\":\"https:\/\/andestopacific.cl\/#\/schema\/logo\/image\/\"}}]}<\/script>\n<!-- \/ Yoast SEO plugin. -->","yoast_head_json":{"title":"Taller de iniciaci\u00f3n a la escalada en roca - Andes to pacific","robots":{"index":"index","follow":"follow","max-snippet":"max-snippet:-1","max-image-preview":"max-image-preview:large","max-video-preview":"max-video-preview:-1"},"canonical":"https:\/\/andestopacific.cl\/en\/cursos\/taller-de-iniciacion\/","og_locale":"en_US","og_type":"article","og_title":"Taller de iniciaci\u00f3n a la escalada en roca - Andes to pacific","og_description":"Este taller ha sido dise\u00f1ado especialmente para aquellos que nunca han incursionado en la escalada en roca, as\u00ed como para aquellos que han estado practicando en boulder y desean dar el siguiente paso. En este taller aprender\u00e1s las bases de la escalada en roca de manera segura, entretenida y personalizada. Objetivo Se tiene como objetivo [&hellip;]","og_url":"https:\/\/andestopacific.cl\/en\/cursos\/taller-de-iniciacion\/","og_site_name":"Andes to pacific","article_modified_time":"2024-05-12T02:17:23+00:00","og_image":[{"width":512,"height":512,"url":"https:\/\/andestopacific.cl\/wp-content\/uploads\/2024\/01\/faviconandes.png","type":"image\/png"}],"twitter_card":"summary_large_image","twitter_misc":{"Est. reading time":"2 minutes"},"schema":{"@context":"https:\/\/schema.org","@graph":[{"@type":"WebPage","@id":"https:\/\/andestopacific.cl\/cursos\/taller-de-iniciacion\/","url":"https:\/\/andestopacific.cl\/cursos\/taller-de-iniciacion\/","name":"Taller de iniciaci\u00f3n a la escalada en roca - Andes to pacific","isPartOf":{"@id":"https:\/\/andestopacific.cl\/#website"},"datePublished":"2024-01-11T13:29:01+00:00","dateModified":"2024-05-12T02:17:23+00:00","breadcrumb":{"@id":"https:\/\/andestopacific.cl\/cursos\/taller-de-iniciacion\/#breadcrumb"},"inLanguage":"en-US","potentialAction":[{"@type":"ReadAction","target":["https:\/\/andestopacific.cl\/cursos\/taller-de-iniciacion\/"]}]},{"@type":"BreadcrumbList","@id":"https:\/\/andestopacific.cl\/cursos\/taller-de-iniciacion\/#breadcrumb","itemListElement":[{"@type":"ListItem","position":1,"name":"Portada","item":"https:\/\/andestopacific.cl\/"},{"@type":"ListItem","position":2,"name":"Cursos","item":"https:\/\/andestopacific.cl\/cursos\/"},{"@type":"ListItem","position":3,"name":"Taller de iniciaci\u00f3n a la escalada en roca"}]},{"@type":"WebSite","@id":"https:\/\/andestopacific.cl\/#website","url":"https:\/\/andestopacific.cl\/","name":"Andes to pacific","description":"","publisher":{"@id":"https:\/\/andestopacific.cl\/#organization"},"potentialAction":[{"@type":"SearchAction","target":{"@type":"EntryPoint","urlTemplate":"https:\/\/andestopacific.cl\/?s={search_term_string}"},"query-input":{"@type":"PropertyValueSpecification","valueRequired":true,"valueName":"search_term_string"}}],"inLanguage":"en-US"},{"@type":"Organization","@id":"https:\/\/andestopacific.cl\/#organization","name":"Andes to pacific","url":"https:\/\/andestopacific.cl\/","logo":{"@type":"ImageObject","inLanguage":"en-US","@id":"https:\/\/andestopacific.cl\/#\/schema\/logo\/image\/","url":"https:\/\/andestopacific.cl\/wp-content\/uploads\/2024\/01\/faviconandes.png","contentUrl":"https:\/\/andestopacific.cl\/wp-content\/uploads\/2024\/01\/faviconandes.png","width":512,"height":512,"caption":"Andes to pacific"},"image":{"@id":"https:\/\/andestopacific.cl\/#\/schema\/logo\/image\/"}}]}},"_links":{"self":[{"href":"https:\/\/andestopacific.cl\/en\/wp-json\/wp\/v2\/pages\/229","targetHints":{"allow":["GET"]}}],"collection":[{"href":"https:\/\/andestopacific.cl\/en\/wp-json\/wp\/v2\/pages"}],"about":[{"href":"https:\/\/andestopacific.cl\/en\/wp-json\/wp\/v2\/types\/page"}],"author":[{"embeddable":true,"href":"https:\/\/andestopacific.cl\/en\/wp-json\/wp\/v2\/users\/1"}],"replies":[{"embeddable":true,"href":"https:\/\/andestopacific.cl\/en\/wp-json\/wp\/v2\/comments?post=229"}],"version-history":[{"count":15,"href":"https:\/\/andestopacific.cl\/en\/wp-json\/wp\/v2\/pages\/229\/revisions"}],"predecessor-version":[{"id":1689,"href":"https:\/\/andestopacific.cl\/en\/wp-json\/wp\/v2\/pages\/229\/revisions\/1689"}],"up":[{"embeddable":true,"href":"https:\/\/andestopacific.cl\/en\/wp-json\/wp\/v2\/pages\/22"}],"wp:attachment":[{"href":"https:\/\/andestopacific.cl\/en\/wp-json\/wp\/v2\/media?parent=229"}],"curies":[{"name":"wp","href":"https:\/\/api.w.org\/{rel}","templated":true}]}}