{"id":227,"date":"2024-01-11T13:27:34","date_gmt":"2024-01-11T13:27:34","guid":{"rendered":"https:\/\/andestopacific.cl\/index.php\/cursos\/curso-1-copy-copy-copy\/"},"modified":"2026-04-27T20:50:48","modified_gmt":"2026-04-27T20:50:48","slug":"curso-auto-rescate","status":"publish","type":"page","link":"https:\/\/andestopacific.cl\/en\/cursos\/curso-auto-rescate\/","title":{"rendered":"Curso de Autorrescate en Escalada de Multilargos"},"content":{"rendered":"<p><\/p>\n\n\n\n<p>\u00bfSabr\u00edas qu\u00e9 hacer si tu compa\u00f1ero se accidenta durante una escalada de multilargos?<\/p>\n\n\n\n<p>Este curso est\u00e1 dise\u00f1ado para que aprendas las maniobras necesarias para resolver distintos problemas en la pared bajo los est\u00e1ndares de la <strong>ACMG (Association of Canadian Mountain Guides)<\/strong>.<br>El objetivo es que salgas con la <strong>confianza y autonom\u00eda<\/strong> para actuar con seguridad en caso de emergencias reales.<\/p>\n\n\n\n<hr class=\"wp-block-separator has-alpha-channel-opacity\"\/>\n\n\n\n<p><strong>Contenidos del curso<\/strong><\/p>\n\n\n\n<ul class=\"wp-block-list\">\n<li>Equipo espec\u00edfico a utilizar en el autorrescate<\/li>\n\n\n\n<li>Nudos aplicados al autorrescate<\/li>\n\n\n\n<li>Sistemas de polipastos 2:1, 3:1 <\/li>\n\n\n\n<li>4 t\u00e9cnicas para descender a un accidentado<\/li>\n\n\n\n<li>Distintas formas de r\u00e1pel en t\u00e1ndem con un accidentado<\/li>\n\n\n\n<li>R\u00e1peles improvisados<\/li>\n\n\n\n<li>Traspaso de cargas<\/li>\n\n\n\n<li>Ascenso por cuerda<\/li>\n<\/ul>\n\n\n\n<p><strong>Metodolog\u00eda<\/strong><\/p>\n\n\n\n<ul class=\"wp-block-list\">\n<li><strong>Enfoque 100% pr\u00e1ctico:<\/strong> Aprender\u00e1s las maniobras en terreno, aplicando cada t\u00e9cnica paso a paso.<\/li>\n\n\n\n<li><strong>Grupos reducidos:<\/strong> Nos enfocamos en una ense\u00f1anza personalizada para garantizar que cada alumno domine los contenidos.<\/li>\n\n\n\n<li><strong>Estandarizaci\u00f3n internacional:<\/strong> Siguiendo la metodolog\u00eda ACMG para entregar un aprendizaje seguro y efectivo.<\/li>\n<\/ul>\n\n\n\n<p><\/p>\n\n\n\n<p><strong>Beneficios del Curso de Autorrescate<\/strong><\/p>\n\n\n\n<ul class=\"wp-block-list\">\n<li>Aprender\u00e1s maniobras avanzadas que marcan la diferencia en situaciones reales.<\/li>\n\n\n\n<li>Ganar\u00e1s seguridad y confianza para escalar multilargos con autonom\u00eda.<\/li>\n\n\n\n<li>Curso <strong>personalizado<\/strong> con grupos reducidos para maximizar tu aprendizaje.<\/li>\n\n\n\n<li><strong>Descuentos exclusivos<\/strong> en marcas como <strong>Petzl<\/strong> y <strong>Totem<\/strong> al tomar el curso.<\/li>\n\n\n\n<li>Acceso a nuestra <strong>comunidad exclusiva Andes to Pacific<\/strong>, donde podr\u00e1s:\n<ul class=\"wp-block-list\">\n<li>Seguir aprendiendo con contenido actualizado.<\/li>\n\n\n\n<li>Conectar con otros escaladores que ya tomaron cursos.<\/li>\n\n\n\n<li>Organizar salidas y seguir progresando acompa\u00f1ado.<\/li>\n<\/ul>\n<\/li>\n<\/ul>","protected":false},"excerpt":{"rendered":"<p>Aprende autorrescate en multilargos con un curso pr\u00e1ctico y personalizado. Escala m\u00e1s seguro y con autonom\u00eda real en la roca.<\/p>","protected":false},"author":1,"featured_media":1060,"parent":22,"menu_order":0,"comment_status":"closed","ping_status":"closed","template":"","meta":{"footnotes":""},"class_list":["post-227","page","type-page","status-publish","has-post-thumbnail","hentry"],"yoast_head":"<!-- This site is optimized with the Yoast SEO plugin v24.4 - https:\/\/yoast.com\/wordpress\/plugins\/seo\/ -->\n<title>Curso de Autorrescate en Escalada de Multilargos - Andes to pacific<\/title>\n<meta name=\"description\" content=\"Aprende autorrescate en multilargos con un curso pr\u00e1ctico y personalizado. Escala m\u00e1s seguro y con autonom\u00eda real en la roca.\" \/>\n<meta name=\"robots\" content=\"index, follow, max-snippet:-1, max-image-preview:large, max-video-preview:-1\" \/>\n<link rel=\"canonical\" href=\"https:\/\/andestopacific.cl\/en\/cursos\/curso-auto-rescate\/\" \/>\n<meta property=\"og:locale\" content=\"en_US\" \/>\n<meta property=\"og:type\" content=\"article\" \/>\n<meta property=\"og:title\" content=\"Curso de Autorrescate en Escalada de Multilargos - Andes to pacific\" \/>\n<meta property=\"og:description\" content=\"Aprende autorrescate en multilargos con un curso pr\u00e1ctico y personalizado. Escala m\u00e1s seguro y con autonom\u00eda real en la roca.\" \/>\n<meta property=\"og:url\" content=\"https:\/\/andestopacific.cl\/en\/cursos\/curso-auto-rescate\/\" \/>\n<meta property=\"og:site_name\" content=\"Andes to pacific\" \/>\n<meta property=\"article:modified_time\" content=\"2026-04-27T20:50:48+00:00\" \/>\n<meta property=\"og:image\" content=\"https:\/\/andestopacific.cl\/wp-content\/uploads\/2024\/02\/IMG_8265-1-scaled-e1709745017496.jpg\" \/>\n\t<meta property=\"og:image:width\" content=\"1698\" \/>\n\t<meta property=\"og:image:height\" content=\"1698\" \/>\n\t<meta property=\"og:image:type\" content=\"image\/jpeg\" \/>\n<meta name=\"twitter:card\" content=\"summary_large_image\" \/>\n<meta name=\"twitter:label1\" content=\"Est. reading time\" \/>\n\t<meta name=\"twitter:data1\" content=\"2 minutes\" \/>\n<script type=\"application\/ld+json\" class=\"yoast-schema-graph\">{\"@context\":\"https:\/\/schema.org\",\"@graph\":[{\"@type\":\"WebPage\",\"@id\":\"https:\/\/andestopacific.cl\/cursos\/curso-auto-rescate\/\",\"url\":\"https:\/\/andestopacific.cl\/cursos\/curso-auto-rescate\/\",\"name\":\"Curso de Autorrescate en Escalada de Multilargos - Andes to pacific\",\"isPartOf\":{\"@id\":\"https:\/\/andestopacific.cl\/#website\"},\"primaryImageOfPage\":{\"@id\":\"https:\/\/andestopacific.cl\/cursos\/curso-auto-rescate\/#primaryimage\"},\"image\":{\"@id\":\"https:\/\/andestopacific.cl\/cursos\/curso-auto-rescate\/#primaryimage\"},\"thumbnailUrl\":\"https:\/\/andestopacific.cl\/wp-content\/uploads\/2024\/02\/IMG_8265-1-scaled-e1709745017496.jpg\",\"datePublished\":\"2024-01-11T13:27:34+00:00\",\"dateModified\":\"2026-04-27T20:50:48+00:00\",\"description\":\"Aprende autorrescate en multilargos con un curso pr\u00e1ctico y personalizado. Escala m\u00e1s seguro y con autonom\u00eda real en la roca.\",\"breadcrumb\":{\"@id\":\"https:\/\/andestopacific.cl\/cursos\/curso-auto-rescate\/#breadcrumb\"},\"inLanguage\":\"en-US\",\"potentialAction\":[{\"@type\":\"ReadAction\",\"target\":[\"https:\/\/andestopacific.cl\/cursos\/curso-auto-rescate\/\"]}]},{\"@type\":\"ImageObject\",\"inLanguage\":\"en-US\",\"@id\":\"https:\/\/andestopacific.cl\/cursos\/curso-auto-rescate\/#primaryimage\",\"url\":\"https:\/\/andestopacific.cl\/wp-content\/uploads\/2024\/02\/IMG_8265-1-scaled-e1709745017496.jpg\",\"contentUrl\":\"https:\/\/andestopacific.cl\/wp-content\/uploads\/2024\/02\/IMG_8265-1-scaled-e1709745017496.jpg\",\"width\":1698,\"height\":1698},{\"@type\":\"BreadcrumbList\",\"@id\":\"https:\/\/andestopacific.cl\/cursos\/curso-auto-rescate\/#breadcrumb\",\"itemListElement\":[{\"@type\":\"ListItem\",\"position\":1,\"name\":\"Portada\",\"item\":\"https:\/\/andestopacific.cl\/\"},{\"@type\":\"ListItem\",\"position\":2,\"name\":\"Cursos\",\"item\":\"https:\/\/andestopacific.cl\/cursos\/\"},{\"@type\":\"ListItem\",\"position\":3,\"name\":\"Curso de Autorrescate en Escalada de Multilargos\"}]},{\"@type\":\"WebSite\",\"@id\":\"https:\/\/andestopacific.cl\/#website\",\"url\":\"https:\/\/andestopacific.cl\/\",\"name\":\"Andes to pacific\",\"description\":\"\",\"publisher\":{\"@id\":\"https:\/\/andestopacific.cl\/#organization\"},\"potentialAction\":[{\"@type\":\"SearchAction\",\"target\":{\"@type\":\"EntryPoint\",\"urlTemplate\":\"https:\/\/andestopacific.cl\/?s={search_term_string}\"},\"query-input\":{\"@type\":\"PropertyValueSpecification\",\"valueRequired\":true,\"valueName\":\"search_term_string\"}}],\"inLanguage\":\"en-US\"},{\"@type\":\"Organization\",\"@id\":\"https:\/\/andestopacific.cl\/#organization\",\"name\":\"Andes to pacific\",\"url\":\"https:\/\/andestopacific.cl\/\",\"logo\":{\"@type\":\"ImageObject\",\"inLanguage\":\"en-US\",\"@id\":\"https:\/\/andestopacific.cl\/#\/schema\/logo\/image\/\",\"url\":\"https:\/\/andestopacific.cl\/wp-content\/uploads\/2024\/01\/faviconandes.png\",\"contentUrl\":\"https:\/\/andestopacific.cl\/wp-content\/uploads\/2024\/01\/faviconandes.png\",\"width\":512,\"height\":512,\"caption\":\"Andes to pacific\"},\"image\":{\"@id\":\"https:\/\/andestopacific.cl\/#\/schema\/logo\/image\/\"}}]}<\/script>\n<!-- \/ Yoast SEO plugin. -->","yoast_head_json":{"title":"Curso de Autorrescate en Escalada de Multilargos - Andes to pacific","description":"Aprende autorrescate en multilargos con un curso pr\u00e1ctico y personalizado. Escala m\u00e1s seguro y con autonom\u00eda real en la roca.","robots":{"index":"index","follow":"follow","max-snippet":"max-snippet:-1","max-image-preview":"max-image-preview:large","max-video-preview":"max-video-preview:-1"},"canonical":"https:\/\/andestopacific.cl\/en\/cursos\/curso-auto-rescate\/","og_locale":"en_US","og_type":"article","og_title":"Curso de Autorrescate en Escalada de Multilargos - Andes to pacific","og_description":"Aprende autorrescate en multilargos con un curso pr\u00e1ctico y personalizado. Escala m\u00e1s seguro y con autonom\u00eda real en la roca.","og_url":"https:\/\/andestopacific.cl\/en\/cursos\/curso-auto-rescate\/","og_site_name":"Andes to pacific","article_modified_time":"2026-04-27T20:50:48+00:00","og_image":[{"width":1698,"height":1698,"url":"https:\/\/andestopacific.cl\/wp-content\/uploads\/2024\/02\/IMG_8265-1-scaled-e1709745017496.jpg","type":"image\/jpeg"}],"twitter_card":"summary_large_image","twitter_misc":{"Est. reading time":"2 minutes"},"schema":{"@context":"https:\/\/schema.org","@graph":[{"@type":"WebPage","@id":"https:\/\/andestopacific.cl\/cursos\/curso-auto-rescate\/","url":"https:\/\/andestopacific.cl\/cursos\/curso-auto-rescate\/","name":"Curso de Autorrescate en Escalada de Multilargos - Andes to pacific","isPartOf":{"@id":"https:\/\/andestopacific.cl\/#website"},"primaryImageOfPage":{"@id":"https:\/\/andestopacific.cl\/cursos\/curso-auto-rescate\/#primaryimage"},"image":{"@id":"https:\/\/andestopacific.cl\/cursos\/curso-auto-rescate\/#primaryimage"},"thumbnailUrl":"https:\/\/andestopacific.cl\/wp-content\/uploads\/2024\/02\/IMG_8265-1-scaled-e1709745017496.jpg","datePublished":"2024-01-11T13:27:34+00:00","dateModified":"2026-04-27T20:50:48+00:00","description":"Aprende autorrescate en multilargos con un curso pr\u00e1ctico y personalizado. Escala m\u00e1s seguro y con autonom\u00eda real en la roca.","breadcrumb":{"@id":"https:\/\/andestopacific.cl\/cursos\/curso-auto-rescate\/#breadcrumb"},"inLanguage":"en-US","potentialAction":[{"@type":"ReadAction","target":["https:\/\/andestopacific.cl\/cursos\/curso-auto-rescate\/"]}]},{"@type":"ImageObject","inLanguage":"en-US","@id":"https:\/\/andestopacific.cl\/cursos\/curso-auto-rescate\/#primaryimage","url":"https:\/\/andestopacific.cl\/wp-content\/uploads\/2024\/02\/IMG_8265-1-scaled-e1709745017496.jpg","contentUrl":"https:\/\/andestopacific.cl\/wp-content\/uploads\/2024\/02\/IMG_8265-1-scaled-e1709745017496.jpg","width":1698,"height":1698},{"@type":"BreadcrumbList","@id":"https:\/\/andestopacific.cl\/cursos\/curso-auto-rescate\/#breadcrumb","itemListElement":[{"@type":"ListItem","position":1,"name":"Portada","item":"https:\/\/andestopacific.cl\/"},{"@type":"ListItem","position":2,"name":"Cursos","item":"https:\/\/andestopacific.cl\/cursos\/"},{"@type":"ListItem","position":3,"name":"Curso de Autorrescate en Escalada de Multilargos"}]},{"@type":"WebSite","@id":"https:\/\/andestopacific.cl\/#website","url":"https:\/\/andestopacific.cl\/","name":"Andes to pacific","description":"","publisher":{"@id":"https:\/\/andestopacific.cl\/#organization"},"potentialAction":[{"@type":"SearchAction","target":{"@type":"EntryPoint","urlTemplate":"https:\/\/andestopacific.cl\/?s={search_term_string}"},"query-input":{"@type":"PropertyValueSpecification","valueRequired":true,"valueName":"search_term_string"}}],"inLanguage":"en-US"},{"@type":"Organization","@id":"https:\/\/andestopacific.cl\/#organization","name":"Andes to pacific","url":"https:\/\/andestopacific.cl\/","logo":{"@type":"ImageObject","inLanguage":"en-US","@id":"https:\/\/andestopacific.cl\/#\/schema\/logo\/image\/","url":"https:\/\/andestopacific.cl\/wp-content\/uploads\/2024\/01\/faviconandes.png","contentUrl":"https:\/\/andestopacific.cl\/wp-content\/uploads\/2024\/01\/faviconandes.png","width":512,"height":512,"caption":"Andes to pacific"},"image":{"@id":"https:\/\/andestopacific.cl\/#\/schema\/logo\/image\/"}}]}},"_links":{"self":[{"href":"https:\/\/andestopacific.cl\/en\/wp-json\/wp\/v2\/pages\/227","targetHints":{"allow":["GET"]}}],"collection":[{"href":"https:\/\/andestopacific.cl\/en\/wp-json\/wp\/v2\/pages"}],"about":[{"href":"https:\/\/andestopacific.cl\/en\/wp-json\/wp\/v2\/types\/page"}],"author":[{"embeddable":true,"href":"https:\/\/andestopacific.cl\/en\/wp-json\/wp\/v2\/users\/1"}],"replies":[{"embeddable":true,"href":"https:\/\/andestopacific.cl\/en\/wp-json\/wp\/v2\/comments?post=227"}],"version-history":[{"count":31,"href":"https:\/\/andestopacific.cl\/en\/wp-json\/wp\/v2\/pages\/227\/revisions"}],"predecessor-version":[{"id":2157,"href":"https:\/\/andestopacific.cl\/en\/wp-json\/wp\/v2\/pages\/227\/revisions\/2157"}],"up":[{"embeddable":true,"href":"https:\/\/andestopacific.cl\/en\/wp-json\/wp\/v2\/pages\/22"}],"wp:featuredmedia":[{"embeddable":true,"href":"https:\/\/andestopacific.cl\/en\/wp-json\/wp\/v2\/media\/1060"}],"wp:attachment":[{"href":"https:\/\/andestopacific.cl\/en\/wp-json\/wp\/v2\/media?parent=227"}],"curies":[{"name":"wp","href":"https:\/\/api.w.org\/{rel}","templated":true}]}}