{"id":204,"date":"2024-01-10T22:51:08","date_gmt":"2024-01-10T22:51:08","guid":{"rendered":"https:\/\/andestopacific.cl\/index.php\/cursos\/curso-1-copy-copy\/"},"modified":"2025-08-26T17:56:32","modified_gmt":"2025-08-26T17:56:32","slug":"curso-escalda-tradicional","status":"publish","type":"page","link":"https:\/\/andestopacific.cl\/en\/cursos\/curso-escalda-tradicional\/","title":{"rendered":"Traditional climbing course"},"content":{"rendered":"<h2 class=\"wp-block-heading\">Traditional climbing course<\/h2>\n\n\n\n<p>La escalada tradicional es un tipo de escalada con seguros m\u00f3viles, donde necesitas un conocimiento m\u00e1s avanzado para realizarla de forma segura. Este tipo de escalada te abre la puerta para iniciarte en ascensos en grandes paredes, proporcion\u00e1ndote una nueva gama de movimientos de empotre aplicables tanto a la escalada tradicional como a la deportiva.<\/p>\n\n\n\n<p>Este curso de escalada tradicional est\u00e1 dise\u00f1ado para escaladores avanzados con conocimientos s\u00f3lidos sobre la escalada deportiva que quieren llevar su escalada a otro nivel e introducirse a la escalada tradicional de forma segura y eficiente.<\/p>\n\n\n\n<p><\/p>\n\n\n\n<p><strong>Objetivo<\/strong><br>Se tiene como objetivo que al t\u00e9rmino del curso los alumnos puedan iniciarse a practicar escalada tradicional de forma aut\u00f3noma, segura y eficiente.<\/p>\n\n\n\n<p><strong>Requisitos:<\/strong> Salud, estado f\u00edsico y mental compatible con la actividad. Tener experiencia escalando deportiva y haber escalado m\u00ednimo una ruta de graduaci\u00f3n 5.10b.<\/p>\n\n\n\n<p><strong>Contenidos<\/strong><br>Para lograr el objetivo del curso se pasar\u00e1n estos contenidos que luego se evaluar\u00e1n personalmente por alumno<\/p>\n\n\n\n<ul class=\"wp-block-list\">\n<li>Seguridad y gesti\u00f3n del riesgo en un sector de<br>escalada.<\/li>\n\n\n\n<li>Presentaci\u00f3n de equipo a utilizar en la escalada<br>tradicional.<\/li>\n\n\n\n<li>Correcta forma de colocar seguros m\u00f3viles (camalots<br>y stoppers).<\/li>\n\n\n\n<li>C\u00f3mo retirar camalots o stoppers atascados.<\/li>\n\n\n\n<li>Distintos tipos de reuniones m\u00f3viles con anillas, cordin<br>y cuerda.<\/li>\n\n\n\n<li>Protecci\u00f3n en cachos de roca y \u00e1rboles.<\/li>\n\n\n\n<li>Orden de equipo.<\/li>\n\n\n\n<li>Escalada de primero.<\/li>\n\n\n\n<li>Escalada artificial (m\u00e1ximo A1).<\/li>\n\n\n\n<li>T\u00e9cnica de fisuras.<\/li>\n<\/ul>\n\n\n\n<p><\/p>\n\n\n\n<p><strong>Equipo personal b\u00e1sico que debes tener:<\/strong><\/p>\n\n\n\n<ul class=\"wp-block-list\">\n<li>Casco<\/li>\n\n\n\n<li>Arn\u00e9s<\/li>\n\n\n\n<li>Zapatillas escalada<\/li>\n\n\n\n<li>L\u00ednea de vida<\/li>\n\n\n\n<li>Magnesera<\/li>\n\n\n\n<li>Sistema de aseguramiento; ATC o grigri.<\/li>\n\n\n\n<li>Dos mosquetones con seguro HMS<\/li>\n\n\n\n<li>Cordin de 5mts de 7mm.<\/li>\n\n\n\n<li>Cintas expres (opcional)<\/li>\n\n\n\n<li>Cuerda simple (opcional)<\/li>\n\n\n\n<li>Reuni\u00f3n; Anilla cosida m\u00ednimo de 120 mm, 4 mosquetones con seguro&nbsp;<\/li>\n\n\n\n<li>Mochila 30-40 lts<\/li>\n\n\n\n<li>Ropa adecuada para la actividad<\/li>\n<\/ul>\n\n\n\n<p><\/p>\n\n\n\n<p><strong>Reglas del curso<\/strong><\/p>\n\n\n\n<ul class=\"wp-block-list\">\n<li>Est\u00e1 prohibido consumir cualquier tipo de droga&nbsp; y alcohol durante las horas pedag\u00f3gicas.<\/li>\n\n\n\n<li>Se exige puntualidad para el buen desarrollo de las clases.<\/li>\n\n\n\n<li>Cada alumno es responsable de estudiar el material de apoyo y resolver sus dudas con el profesor.<\/li>\n\n\n\n<li>Si el alumno no se presenta a clases y no da aviso con anticipaci\u00f3n, ser\u00e1 su responsabilidad ponerse al d\u00eda con los contenidos pasados.<\/li>\n<\/ul>\n\n\n\n<p><strong>Pago<\/strong><\/p>\n\n\n\n<ul class=\"wp-block-list\">\n<li>Para agendar el curso de escalada tradicional, se tiene que pagar un 50% y el otro 50% se deber\u00e1 pagar con plazo m\u00e1ximo de 48hrs previo al curso.<\/li>\n\n\n\n<li>Si ya pagaste y decides no realizar el curso de escalada tradicional, tienes que solicitar el 50% depositado como m\u00ednimo 10 previos, del caso contrario no se devolver\u00e1 el 50%.<\/li>\n\n\n\n<li>&nbsp;Si por motivos de fuerza mayor como lluvias, cortes de camino, cat\u00e1strofes ambientales, etc, Andes to Pacific se reserva el derecho de cambiar el lugar para realizar el curso de escalada o cancelarlo con opci\u00f3n de reagendar.<\/li>\n<\/ul>","protected":false},"excerpt":{"rendered":"<p>Curso de escalada tradicional La escalada tradicional es un tipo de escalada con seguros m\u00f3viles, donde necesitas un conocimiento m\u00e1s avanzado para realizarla de forma segura. Este tipo de escalada te abre la puerta para iniciarte en ascensos en grandes paredes, proporcion\u00e1ndote una nueva gama de movimientos de empotre aplicables tanto a la escalada tradicional [&hellip;]<\/p>","protected":false},"author":1,"featured_media":1775,"parent":22,"menu_order":0,"comment_status":"closed","ping_status":"closed","template":"","meta":{"footnotes":""},"class_list":["post-204","page","type-page","status-publish","has-post-thumbnail","hentry"],"yoast_head":"<!-- This site is optimized with the Yoast SEO plugin v24.4 - https:\/\/yoast.com\/wordpress\/plugins\/seo\/ -->\n<title>Curso de escalada tradicional - Andes to pacific<\/title>\n<meta name=\"description\" content=\"Da el salto a la escalada tradicional. Cursos intensivos y personalizados en Chile para ganar seguridad y autonom\u00eda\" \/>\n<meta name=\"robots\" content=\"index, follow, max-snippet:-1, max-image-preview:large, max-video-preview:-1\" \/>\n<link rel=\"canonical\" href=\"https:\/\/andestopacific.cl\/en\/cursos\/curso-escalda-tradicional\/\" \/>\n<meta property=\"og:locale\" content=\"en_US\" \/>\n<meta property=\"og:type\" content=\"article\" \/>\n<meta property=\"og:title\" content=\"Curso de escalada tradicional - Andes to pacific\" \/>\n<meta property=\"og:description\" content=\"Da el salto a la escalada tradicional. Cursos intensivos y personalizados en Chile para ganar seguridad y autonom\u00eda\" \/>\n<meta property=\"og:url\" content=\"https:\/\/andestopacific.cl\/en\/cursos\/curso-escalda-tradicional\/\" \/>\n<meta property=\"og:site_name\" content=\"Andes to pacific\" \/>\n<meta property=\"article:modified_time\" content=\"2025-08-26T17:56:32+00:00\" \/>\n<meta property=\"og:image\" content=\"https:\/\/andestopacific.cl\/wp-content\/uploads\/2024\/05\/IMG_7946-scaled.jpg\" \/>\n\t<meta property=\"og:image:width\" content=\"2560\" \/>\n\t<meta property=\"og:image:height\" content=\"1707\" \/>\n\t<meta property=\"og:image:type\" content=\"image\/jpeg\" \/>\n<meta name=\"twitter:card\" content=\"summary_large_image\" \/>\n<meta name=\"twitter:label1\" content=\"Est. reading time\" \/>\n\t<meta name=\"twitter:data1\" content=\"3 minutes\" \/>\n<script type=\"application\/ld+json\" class=\"yoast-schema-graph\">{\"@context\":\"https:\/\/schema.org\",\"@graph\":[{\"@type\":\"WebPage\",\"@id\":\"https:\/\/andestopacific.cl\/cursos\/curso-escalda-tradicional\/\",\"url\":\"https:\/\/andestopacific.cl\/cursos\/curso-escalda-tradicional\/\",\"name\":\"Curso de escalada tradicional - Andes to pacific\",\"isPartOf\":{\"@id\":\"https:\/\/andestopacific.cl\/#website\"},\"primaryImageOfPage\":{\"@id\":\"https:\/\/andestopacific.cl\/cursos\/curso-escalda-tradicional\/#primaryimage\"},\"image\":{\"@id\":\"https:\/\/andestopacific.cl\/cursos\/curso-escalda-tradicional\/#primaryimage\"},\"thumbnailUrl\":\"https:\/\/andestopacific.cl\/wp-content\/uploads\/2024\/05\/IMG_7946-scaled.jpg\",\"datePublished\":\"2024-01-10T22:51:08+00:00\",\"dateModified\":\"2025-08-26T17:56:32+00:00\",\"description\":\"Da el salto a la escalada tradicional. Cursos intensivos y personalizados en Chile para ganar seguridad y autonom\u00eda\",\"breadcrumb\":{\"@id\":\"https:\/\/andestopacific.cl\/cursos\/curso-escalda-tradicional\/#breadcrumb\"},\"inLanguage\":\"en-US\",\"potentialAction\":[{\"@type\":\"ReadAction\",\"target\":[\"https:\/\/andestopacific.cl\/cursos\/curso-escalda-tradicional\/\"]}]},{\"@type\":\"ImageObject\",\"inLanguage\":\"en-US\",\"@id\":\"https:\/\/andestopacific.cl\/cursos\/curso-escalda-tradicional\/#primaryimage\",\"url\":\"https:\/\/andestopacific.cl\/wp-content\/uploads\/2024\/05\/IMG_7946-scaled.jpg\",\"contentUrl\":\"https:\/\/andestopacific.cl\/wp-content\/uploads\/2024\/05\/IMG_7946-scaled.jpg\",\"width\":2560,\"height\":1707,\"caption\":\"Sea heartbreak 5.12-\"},{\"@type\":\"BreadcrumbList\",\"@id\":\"https:\/\/andestopacific.cl\/cursos\/curso-escalda-tradicional\/#breadcrumb\",\"itemListElement\":[{\"@type\":\"ListItem\",\"position\":1,\"name\":\"Portada\",\"item\":\"https:\/\/andestopacific.cl\/\"},{\"@type\":\"ListItem\",\"position\":2,\"name\":\"Cursos\",\"item\":\"https:\/\/andestopacific.cl\/cursos\/\"},{\"@type\":\"ListItem\",\"position\":3,\"name\":\"Curso de escalada tradicional\"}]},{\"@type\":\"WebSite\",\"@id\":\"https:\/\/andestopacific.cl\/#website\",\"url\":\"https:\/\/andestopacific.cl\/\",\"name\":\"Andes to pacific\",\"description\":\"\",\"publisher\":{\"@id\":\"https:\/\/andestopacific.cl\/#organization\"},\"potentialAction\":[{\"@type\":\"SearchAction\",\"target\":{\"@type\":\"EntryPoint\",\"urlTemplate\":\"https:\/\/andestopacific.cl\/?s={search_term_string}\"},\"query-input\":{\"@type\":\"PropertyValueSpecification\",\"valueRequired\":true,\"valueName\":\"search_term_string\"}}],\"inLanguage\":\"en-US\"},{\"@type\":\"Organization\",\"@id\":\"https:\/\/andestopacific.cl\/#organization\",\"name\":\"Andes to pacific\",\"url\":\"https:\/\/andestopacific.cl\/\",\"logo\":{\"@type\":\"ImageObject\",\"inLanguage\":\"en-US\",\"@id\":\"https:\/\/andestopacific.cl\/#\/schema\/logo\/image\/\",\"url\":\"https:\/\/andestopacific.cl\/wp-content\/uploads\/2024\/01\/faviconandes.png\",\"contentUrl\":\"https:\/\/andestopacific.cl\/wp-content\/uploads\/2024\/01\/faviconandes.png\",\"width\":512,\"height\":512,\"caption\":\"Andes to pacific\"},\"image\":{\"@id\":\"https:\/\/andestopacific.cl\/#\/schema\/logo\/image\/\"}}]}<\/script>\n<!-- \/ Yoast SEO plugin. -->","yoast_head_json":{"title":"Curso de escalada tradicional - Andes to pacific","description":"Da el salto a la escalada tradicional. Cursos intensivos y personalizados en Chile para ganar seguridad y autonom\u00eda","robots":{"index":"index","follow":"follow","max-snippet":"max-snippet:-1","max-image-preview":"max-image-preview:large","max-video-preview":"max-video-preview:-1"},"canonical":"https:\/\/andestopacific.cl\/en\/cursos\/curso-escalda-tradicional\/","og_locale":"en_US","og_type":"article","og_title":"Curso de escalada tradicional - Andes to pacific","og_description":"Da el salto a la escalada tradicional. Cursos intensivos y personalizados en Chile para ganar seguridad y autonom\u00eda","og_url":"https:\/\/andestopacific.cl\/en\/cursos\/curso-escalda-tradicional\/","og_site_name":"Andes to pacific","article_modified_time":"2025-08-26T17:56:32+00:00","og_image":[{"width":2560,"height":1707,"url":"https:\/\/andestopacific.cl\/wp-content\/uploads\/2024\/05\/IMG_7946-scaled.jpg","type":"image\/jpeg"}],"twitter_card":"summary_large_image","twitter_misc":{"Est. reading time":"3 minutes"},"schema":{"@context":"https:\/\/schema.org","@graph":[{"@type":"WebPage","@id":"https:\/\/andestopacific.cl\/cursos\/curso-escalda-tradicional\/","url":"https:\/\/andestopacific.cl\/cursos\/curso-escalda-tradicional\/","name":"Curso de escalada tradicional - Andes to pacific","isPartOf":{"@id":"https:\/\/andestopacific.cl\/#website"},"primaryImageOfPage":{"@id":"https:\/\/andestopacific.cl\/cursos\/curso-escalda-tradicional\/#primaryimage"},"image":{"@id":"https:\/\/andestopacific.cl\/cursos\/curso-escalda-tradicional\/#primaryimage"},"thumbnailUrl":"https:\/\/andestopacific.cl\/wp-content\/uploads\/2024\/05\/IMG_7946-scaled.jpg","datePublished":"2024-01-10T22:51:08+00:00","dateModified":"2025-08-26T17:56:32+00:00","description":"Da el salto a la escalada tradicional. Cursos intensivos y personalizados en Chile para ganar seguridad y autonom\u00eda","breadcrumb":{"@id":"https:\/\/andestopacific.cl\/cursos\/curso-escalda-tradicional\/#breadcrumb"},"inLanguage":"en-US","potentialAction":[{"@type":"ReadAction","target":["https:\/\/andestopacific.cl\/cursos\/curso-escalda-tradicional\/"]}]},{"@type":"ImageObject","inLanguage":"en-US","@id":"https:\/\/andestopacific.cl\/cursos\/curso-escalda-tradicional\/#primaryimage","url":"https:\/\/andestopacific.cl\/wp-content\/uploads\/2024\/05\/IMG_7946-scaled.jpg","contentUrl":"https:\/\/andestopacific.cl\/wp-content\/uploads\/2024\/05\/IMG_7946-scaled.jpg","width":2560,"height":1707,"caption":"Sea heartbreak 5.12-"},{"@type":"BreadcrumbList","@id":"https:\/\/andestopacific.cl\/cursos\/curso-escalda-tradicional\/#breadcrumb","itemListElement":[{"@type":"ListItem","position":1,"name":"Portada","item":"https:\/\/andestopacific.cl\/"},{"@type":"ListItem","position":2,"name":"Cursos","item":"https:\/\/andestopacific.cl\/cursos\/"},{"@type":"ListItem","position":3,"name":"Curso de escalada tradicional"}]},{"@type":"WebSite","@id":"https:\/\/andestopacific.cl\/#website","url":"https:\/\/andestopacific.cl\/","name":"Andes to pacific","description":"","publisher":{"@id":"https:\/\/andestopacific.cl\/#organization"},"potentialAction":[{"@type":"SearchAction","target":{"@type":"EntryPoint","urlTemplate":"https:\/\/andestopacific.cl\/?s={search_term_string}"},"query-input":{"@type":"PropertyValueSpecification","valueRequired":true,"valueName":"search_term_string"}}],"inLanguage":"en-US"},{"@type":"Organization","@id":"https:\/\/andestopacific.cl\/#organization","name":"Andes to pacific","url":"https:\/\/andestopacific.cl\/","logo":{"@type":"ImageObject","inLanguage":"en-US","@id":"https:\/\/andestopacific.cl\/#\/schema\/logo\/image\/","url":"https:\/\/andestopacific.cl\/wp-content\/uploads\/2024\/01\/faviconandes.png","contentUrl":"https:\/\/andestopacific.cl\/wp-content\/uploads\/2024\/01\/faviconandes.png","width":512,"height":512,"caption":"Andes to pacific"},"image":{"@id":"https:\/\/andestopacific.cl\/#\/schema\/logo\/image\/"}}]}},"_links":{"self":[{"href":"https:\/\/andestopacific.cl\/en\/wp-json\/wp\/v2\/pages\/204","targetHints":{"allow":["GET"]}}],"collection":[{"href":"https:\/\/andestopacific.cl\/en\/wp-json\/wp\/v2\/pages"}],"about":[{"href":"https:\/\/andestopacific.cl\/en\/wp-json\/wp\/v2\/types\/page"}],"author":[{"embeddable":true,"href":"https:\/\/andestopacific.cl\/en\/wp-json\/wp\/v2\/users\/1"}],"replies":[{"embeddable":true,"href":"https:\/\/andestopacific.cl\/en\/wp-json\/wp\/v2\/comments?post=204"}],"version-history":[{"count":37,"href":"https:\/\/andestopacific.cl\/en\/wp-json\/wp\/v2\/pages\/204\/revisions"}],"predecessor-version":[{"id":1830,"href":"https:\/\/andestopacific.cl\/en\/wp-json\/wp\/v2\/pages\/204\/revisions\/1830"}],"up":[{"embeddable":true,"href":"https:\/\/andestopacific.cl\/en\/wp-json\/wp\/v2\/pages\/22"}],"wp:featuredmedia":[{"embeddable":true,"href":"https:\/\/andestopacific.cl\/en\/wp-json\/wp\/v2\/media\/1775"}],"wp:attachment":[{"href":"https:\/\/andestopacific.cl\/en\/wp-json\/wp\/v2\/media?parent=204"}],"curies":[{"name":"wp","href":"https:\/\/api.w.org\/{rel}","templated":true}]}}