{"id":1972,"date":"2025-09-10T21:05:05","date_gmt":"2025-09-10T21:05:05","guid":{"rendered":"https:\/\/andestopacific.cl\/escalada\/torrecillas-copy\/"},"modified":"2025-10-03T21:39:45","modified_gmt":"2025-10-03T21:39:45","slug":"escalada-en-cochamo-patagonia","status":"publish","type":"page","link":"https:\/\/andestopacific.cl\/en\/escalada\/escalada-en-cochamo-patagonia\/","title":{"rendered":"Escalada guiada en Cocham\u00f3 &#8211; Patagonia Norte"},"content":{"rendered":"<p><\/p>\n\n\n\n<h2 class=\"wp-block-heading\">Cocham\u00f3: a remote valley, an experience that changes everything.<\/h2>\n\n\n\n<p>Cocham\u00f3 no es Yosemite. Cocham\u00f3 es Cocham\u00f3.<br>Un lugar remoto, sin carreteras, donde solo se llega caminando por un antiguo sendero arriero. Aqu\u00ed los caballos cargan el equipo, los bosques h\u00famedos esconden \u00e1rboles milenarios, y las paredes de granito se levantan hasta el cielo.<\/p>\n\n\n\n<p>In Cocham\u00f3, climbing goes beyond big walls\u2014it\u2019s about connecting with local culture, experiencing Patagonia\u2019s raw wilderness, and enjoying world-class days on the rock.<\/p>\n\n\n\n<p>\ud83d\udc49 <strong>Enero y febrero 202<\/strong>6 \u00b7 Cupos limitados<\/p>\n\n\n\n<p><\/p>\n\n\n\n<hr class=\"wp-block-separator has-alpha-channel-opacity\"\/>\n\n\n\n<h2 class=\"wp-block-heading\">So, what\u2019s this adventure really about?<\/h2>\n\n\n\n<p>This trip is designed so you can enjoy Cocham\u00f3 without worrying about logistics. Just get to Puerto Varas or Puerto Montt\u2014we\u2019ll take care of the rest.<\/p>\n\n\n\n<ul class=\"wp-block-list\">\n<li class=\" translation-block\">Round-trip transport Puerto Montt \u2013 Cocham\u00f3<\/li>\n\n\n\n<li>Camping reservation at La Junta<\/li>\n\n\n\n<li>Climbing rack, ropes, and InReach SOS provided<\/li>\n\n\n\n<li class=\" translation-block\">Local arriero &amp; pack horses included (carry up to 60 kg)<\/li>\n\n\n\n<li>Certified local guides, with experience guiding in the valley<\/li>\n<\/ul>\n\n\n\n<p>Your trip begins with gear loaded onto pack horses\u2014arranged in advance\u2014so you can walk the 13 km approach unburdened. In the valley, a reserved campsite and a welcoming, safe environment await, shared with climbers worldwide.<\/p>\n\n\n\n<p class=\" translation-block\">Each day starts early: approaches to valleys like Trinidad and the Amphitheater, classic routes such as Mister M, Homo Santa, Camp Farm, or Onomatopeya, and afternoons back at camp to rest beneath a star-filled sky.<\/p>\n\n\n\n<p>At the end of your journey, your gear goes down on horseback, and we\u2019ll take you back to Puerto Varas, prepared to keep discovering Chile.<\/p>\n\n\n\n<p><\/p>\n\n\n\n<hr class=\"wp-block-separator has-alpha-channel-opacity\"\/>\n\n\n\n<h2 class=\"wp-block-heading\">The Team: guides and arrieros<\/h2>\n\n\n\n<p class=\" translation-block\">At Andes to Pacific, we work with local guides who are not only certified professionals, but have also lived and climbed through multiple seasons in Cocham\u00f3. They know the routes, understand the weather, and are deeply connected to the arriero culture that keeps the valley alive.<\/p>\n\n\n\n<p class=\" translation-block\">Our team is led by Alan Winter, Expedition &amp; Ecotourism Engineer and Apprentice Rock Guide with the Association of Canadian Mountain Guides (ACMG), with over 10 years of climbing experience in Chile and around the world.<\/p>\n\n\n\n<p class=\" translation-block\">Added to this is the invaluable support of the local arrieros, who not only manage the logistics with horses but also share their deep knowledge of the land and its history. Climbing in Cocham\u00f3 also means knowing and respecting their culture.<\/p>\n\n\n\n<p><\/p>\n\n\n\n<hr class=\"wp-block-separator has-alpha-channel-opacity\"\/>\n\n\n\n<h2 class=\"wp-block-heading\">Dates and weather<\/h2>\n\n\n\n<ul class=\"wp-block-list\">\n<li class=\" translation-block\">Climbing season: January\u2013February 2026<\/li>\n\n\n\n<li class=\" translation-block\">Conditions: long days, highs around 25 \u00b0C, lows around 10 \u00b0C.<\/li>\n\n\n\n<li class=\" translation-block\">Patagonian weather: rain is part of the game. Our team plans each day to make the most of good weather windows, always with backup options ready (like climbing at Pared Seca on rainy days).<\/li>\n<\/ul>\n\n\n\n<p><\/p>\n\n\n\n<hr class=\"wp-block-separator has-alpha-channel-opacity\"\/>\n\n\n\n<h2 class=\"wp-block-heading\">Cancellation &amp; Refund Policy<\/h2>\n\n\n\n<p class=\" translation-block\">Patagonia is unpredictable. That\u2019s why we offer a flexible policy that allows you to adjust your trip if the weather prevents climbing. We want you to experience it fully\u2014without worries.<\/p>\n\n\n\n<p><\/p>\n\n\n\n<hr class=\"wp-block-separator has-alpha-channel-opacity\"\/>\n\n\n\n<h2 class=\"wp-block-heading\">Logistics covered<\/h2>\n\n\n\n<p>Cocham\u00f3 is wild and complex. There are no roads here, no services within reach:<\/p>\n\n\n\n<ul class=\"wp-block-list\">\n<li class=\" translation-block\">Camping, arrieros, transport: we solve that for you.<\/li>\n\n\n\n<li class=\" translation-block\">Rock climbing equipment  \u2192 you have all the rack and ropes, just let us know if you need a harness and helmet.<\/li>\n\n\n\n<li class=\" translation-block\">Climbing routes\u2192  we chose the best climb adequate to your level and weather conditions.<\/li>\n<\/ul>\n\n\n\n<p>T\u00fa solo necesitas traer tu equipo personal y tus ganas de escalar.<\/p>","protected":false},"excerpt":{"rendered":"<p>Descubre la escalada en Cocham\u00f3 con gu\u00edas locales. Vive la cultura arriera, rutas m\u00edticas y naturaleza pr\u00edstina en la Patagonia Norte.<\/p>","protected":false},"author":1,"featured_media":1817,"parent":24,"menu_order":0,"comment_status":"closed","ping_status":"closed","template":"","meta":{"footnotes":""},"class_list":["post-1972","page","type-page","status-publish","has-post-thumbnail","hentry"],"yoast_head":"<!-- This site is optimized with the Yoast SEO plugin v24.4 - https:\/\/yoast.com\/wordpress\/plugins\/seo\/ -->\n<title>Escalada guiada en Cocham\u00f3 - Patagonia Norte - Andes to pacific<\/title>\n<meta name=\"description\" content=\"Descubre la escalada en Cocham\u00f3 con gu\u00edas locales. Vive la cultura arriera, rutas m\u00edticas y naturaleza pr\u00edstina en la Patagonia Norte.\" \/>\n<meta name=\"robots\" content=\"index, follow, max-snippet:-1, max-image-preview:large, max-video-preview:-1\" \/>\n<link rel=\"canonical\" href=\"https:\/\/andestopacific.cl\/en\/escalada\/escalada-en-cochamo-patagonia\/\" \/>\n<meta property=\"og:locale\" content=\"en_US\" \/>\n<meta property=\"og:type\" content=\"article\" \/>\n<meta property=\"og:title\" content=\"Escalada guiada en Cocham\u00f3 - Patagonia Norte - Andes to pacific\" \/>\n<meta property=\"og:description\" content=\"Descubre la escalada en Cocham\u00f3 con gu\u00edas locales. Vive la cultura arriera, rutas m\u00edticas y naturaleza pr\u00edstina en la Patagonia Norte.\" \/>\n<meta property=\"og:url\" content=\"https:\/\/andestopacific.cl\/en\/escalada\/escalada-en-cochamo-patagonia\/\" \/>\n<meta property=\"og:site_name\" content=\"Andes to pacific\" \/>\n<meta property=\"article:modified_time\" content=\"2025-10-03T21:39:45+00:00\" \/>\n<meta property=\"og:image\" content=\"https:\/\/andestopacific.cl\/wp-content\/uploads\/2025\/08\/IMG_5263-scaled.jpg\" \/>\n\t<meta property=\"og:image:width\" content=\"2560\" \/>\n\t<meta property=\"og:image:height\" content=\"1920\" \/>\n\t<meta property=\"og:image:type\" content=\"image\/jpeg\" \/>\n<meta name=\"twitter:card\" content=\"summary_large_image\" \/>\n<meta name=\"twitter:label1\" content=\"Est. reading time\" \/>\n\t<meta name=\"twitter:data1\" content=\"3 minutes\" \/>\n<script type=\"application\/ld+json\" class=\"yoast-schema-graph\">{\"@context\":\"https:\/\/schema.org\",\"@graph\":[{\"@type\":\"WebPage\",\"@id\":\"https:\/\/andestopacific.cl\/escalada\/escalada-en-cochamo-patagonia\/\",\"url\":\"https:\/\/andestopacific.cl\/escalada\/escalada-en-cochamo-patagonia\/\",\"name\":\"Escalada guiada en Cocham\u00f3 - Patagonia Norte - Andes to pacific\",\"isPartOf\":{\"@id\":\"https:\/\/andestopacific.cl\/#website\"},\"primaryImageOfPage\":{\"@id\":\"https:\/\/andestopacific.cl\/escalada\/escalada-en-cochamo-patagonia\/#primaryimage\"},\"image\":{\"@id\":\"https:\/\/andestopacific.cl\/escalada\/escalada-en-cochamo-patagonia\/#primaryimage\"},\"thumbnailUrl\":\"https:\/\/andestopacific.cl\/wp-content\/uploads\/2025\/08\/IMG_5263-scaled.jpg\",\"datePublished\":\"2025-09-10T21:05:05+00:00\",\"dateModified\":\"2025-10-03T21:39:45+00:00\",\"description\":\"Descubre la escalada en Cocham\u00f3 con gu\u00edas locales. Vive la cultura arriera, rutas m\u00edticas y naturaleza pr\u00edstina en la Patagonia Norte.\",\"breadcrumb\":{\"@id\":\"https:\/\/andestopacific.cl\/escalada\/escalada-en-cochamo-patagonia\/#breadcrumb\"},\"inLanguage\":\"en-US\",\"potentialAction\":[{\"@type\":\"ReadAction\",\"target\":[\"https:\/\/andestopacific.cl\/escalada\/escalada-en-cochamo-patagonia\/\"]}]},{\"@type\":\"ImageObject\",\"inLanguage\":\"en-US\",\"@id\":\"https:\/\/andestopacific.cl\/escalada\/escalada-en-cochamo-patagonia\/#primaryimage\",\"url\":\"https:\/\/andestopacific.cl\/wp-content\/uploads\/2025\/08\/IMG_5263-scaled.jpg\",\"contentUrl\":\"https:\/\/andestopacific.cl\/wp-content\/uploads\/2025\/08\/IMG_5263-scaled.jpg\",\"width\":2560,\"height\":1920},{\"@type\":\"BreadcrumbList\",\"@id\":\"https:\/\/andestopacific.cl\/escalada\/escalada-en-cochamo-patagonia\/#breadcrumb\",\"itemListElement\":[{\"@type\":\"ListItem\",\"position\":1,\"name\":\"Portada\",\"item\":\"https:\/\/andestopacific.cl\/\"},{\"@type\":\"ListItem\",\"position\":2,\"name\":\"Escalada\",\"item\":\"https:\/\/andestopacific.cl\/escalada\/\"},{\"@type\":\"ListItem\",\"position\":3,\"name\":\"Escalada guiada en Cocham\u00f3 &#8211; Patagonia Norte\"}]},{\"@type\":\"WebSite\",\"@id\":\"https:\/\/andestopacific.cl\/#website\",\"url\":\"https:\/\/andestopacific.cl\/\",\"name\":\"Andes to pacific\",\"description\":\"\",\"publisher\":{\"@id\":\"https:\/\/andestopacific.cl\/#organization\"},\"potentialAction\":[{\"@type\":\"SearchAction\",\"target\":{\"@type\":\"EntryPoint\",\"urlTemplate\":\"https:\/\/andestopacific.cl\/?s={search_term_string}\"},\"query-input\":{\"@type\":\"PropertyValueSpecification\",\"valueRequired\":true,\"valueName\":\"search_term_string\"}}],\"inLanguage\":\"en-US\"},{\"@type\":\"Organization\",\"@id\":\"https:\/\/andestopacific.cl\/#organization\",\"name\":\"Andes to pacific\",\"url\":\"https:\/\/andestopacific.cl\/\",\"logo\":{\"@type\":\"ImageObject\",\"inLanguage\":\"en-US\",\"@id\":\"https:\/\/andestopacific.cl\/#\/schema\/logo\/image\/\",\"url\":\"https:\/\/andestopacific.cl\/wp-content\/uploads\/2024\/01\/faviconandes.png\",\"contentUrl\":\"https:\/\/andestopacific.cl\/wp-content\/uploads\/2024\/01\/faviconandes.png\",\"width\":512,\"height\":512,\"caption\":\"Andes to pacific\"},\"image\":{\"@id\":\"https:\/\/andestopacific.cl\/#\/schema\/logo\/image\/\"}}]}<\/script>\n<!-- \/ Yoast SEO plugin. -->","yoast_head_json":{"title":"Escalada guiada en Cocham\u00f3 - Patagonia Norte - Andes to pacific","description":"Descubre la escalada en Cocham\u00f3 con gu\u00edas locales. Vive la cultura arriera, rutas m\u00edticas y naturaleza pr\u00edstina en la Patagonia Norte.","robots":{"index":"index","follow":"follow","max-snippet":"max-snippet:-1","max-image-preview":"max-image-preview:large","max-video-preview":"max-video-preview:-1"},"canonical":"https:\/\/andestopacific.cl\/en\/escalada\/escalada-en-cochamo-patagonia\/","og_locale":"en_US","og_type":"article","og_title":"Escalada guiada en Cocham\u00f3 - Patagonia Norte - Andes to pacific","og_description":"Descubre la escalada en Cocham\u00f3 con gu\u00edas locales. Vive la cultura arriera, rutas m\u00edticas y naturaleza pr\u00edstina en la Patagonia Norte.","og_url":"https:\/\/andestopacific.cl\/en\/escalada\/escalada-en-cochamo-patagonia\/","og_site_name":"Andes to pacific","article_modified_time":"2025-10-03T21:39:45+00:00","og_image":[{"width":2560,"height":1920,"url":"https:\/\/andestopacific.cl\/wp-content\/uploads\/2025\/08\/IMG_5263-scaled.jpg","type":"image\/jpeg"}],"twitter_card":"summary_large_image","twitter_misc":{"Est. reading time":"3 minutes"},"schema":{"@context":"https:\/\/schema.org","@graph":[{"@type":"WebPage","@id":"https:\/\/andestopacific.cl\/escalada\/escalada-en-cochamo-patagonia\/","url":"https:\/\/andestopacific.cl\/escalada\/escalada-en-cochamo-patagonia\/","name":"Escalada guiada en Cocham\u00f3 - Patagonia Norte - Andes to pacific","isPartOf":{"@id":"https:\/\/andestopacific.cl\/#website"},"primaryImageOfPage":{"@id":"https:\/\/andestopacific.cl\/escalada\/escalada-en-cochamo-patagonia\/#primaryimage"},"image":{"@id":"https:\/\/andestopacific.cl\/escalada\/escalada-en-cochamo-patagonia\/#primaryimage"},"thumbnailUrl":"https:\/\/andestopacific.cl\/wp-content\/uploads\/2025\/08\/IMG_5263-scaled.jpg","datePublished":"2025-09-10T21:05:05+00:00","dateModified":"2025-10-03T21:39:45+00:00","description":"Descubre la escalada en Cocham\u00f3 con gu\u00edas locales. Vive la cultura arriera, rutas m\u00edticas y naturaleza pr\u00edstina en la Patagonia Norte.","breadcrumb":{"@id":"https:\/\/andestopacific.cl\/escalada\/escalada-en-cochamo-patagonia\/#breadcrumb"},"inLanguage":"en-US","potentialAction":[{"@type":"ReadAction","target":["https:\/\/andestopacific.cl\/escalada\/escalada-en-cochamo-patagonia\/"]}]},{"@type":"ImageObject","inLanguage":"en-US","@id":"https:\/\/andestopacific.cl\/escalada\/escalada-en-cochamo-patagonia\/#primaryimage","url":"https:\/\/andestopacific.cl\/wp-content\/uploads\/2025\/08\/IMG_5263-scaled.jpg","contentUrl":"https:\/\/andestopacific.cl\/wp-content\/uploads\/2025\/08\/IMG_5263-scaled.jpg","width":2560,"height":1920},{"@type":"BreadcrumbList","@id":"https:\/\/andestopacific.cl\/escalada\/escalada-en-cochamo-patagonia\/#breadcrumb","itemListElement":[{"@type":"ListItem","position":1,"name":"Portada","item":"https:\/\/andestopacific.cl\/"},{"@type":"ListItem","position":2,"name":"Escalada","item":"https:\/\/andestopacific.cl\/escalada\/"},{"@type":"ListItem","position":3,"name":"Escalada guiada en Cocham\u00f3 &#8211; Patagonia Norte"}]},{"@type":"WebSite","@id":"https:\/\/andestopacific.cl\/#website","url":"https:\/\/andestopacific.cl\/","name":"Andes to pacific","description":"","publisher":{"@id":"https:\/\/andestopacific.cl\/#organization"},"potentialAction":[{"@type":"SearchAction","target":{"@type":"EntryPoint","urlTemplate":"https:\/\/andestopacific.cl\/?s={search_term_string}"},"query-input":{"@type":"PropertyValueSpecification","valueRequired":true,"valueName":"search_term_string"}}],"inLanguage":"en-US"},{"@type":"Organization","@id":"https:\/\/andestopacific.cl\/#organization","name":"Andes to pacific","url":"https:\/\/andestopacific.cl\/","logo":{"@type":"ImageObject","inLanguage":"en-US","@id":"https:\/\/andestopacific.cl\/#\/schema\/logo\/image\/","url":"https:\/\/andestopacific.cl\/wp-content\/uploads\/2024\/01\/faviconandes.png","contentUrl":"https:\/\/andestopacific.cl\/wp-content\/uploads\/2024\/01\/faviconandes.png","width":512,"height":512,"caption":"Andes to pacific"},"image":{"@id":"https:\/\/andestopacific.cl\/#\/schema\/logo\/image\/"}}]}},"_links":{"self":[{"href":"https:\/\/andestopacific.cl\/en\/wp-json\/wp\/v2\/pages\/1972","targetHints":{"allow":["GET"]}}],"collection":[{"href":"https:\/\/andestopacific.cl\/en\/wp-json\/wp\/v2\/pages"}],"about":[{"href":"https:\/\/andestopacific.cl\/en\/wp-json\/wp\/v2\/types\/page"}],"author":[{"embeddable":true,"href":"https:\/\/andestopacific.cl\/en\/wp-json\/wp\/v2\/users\/1"}],"replies":[{"embeddable":true,"href":"https:\/\/andestopacific.cl\/en\/wp-json\/wp\/v2\/comments?post=1972"}],"version-history":[{"count":9,"href":"https:\/\/andestopacific.cl\/en\/wp-json\/wp\/v2\/pages\/1972\/revisions"}],"predecessor-version":[{"id":2044,"href":"https:\/\/andestopacific.cl\/en\/wp-json\/wp\/v2\/pages\/1972\/revisions\/2044"}],"up":[{"embeddable":true,"href":"https:\/\/andestopacific.cl\/en\/wp-json\/wp\/v2\/pages\/24"}],"wp:featuredmedia":[{"embeddable":true,"href":"https:\/\/andestopacific.cl\/en\/wp-json\/wp\/v2\/media\/1817"}],"wp:attachment":[{"href":"https:\/\/andestopacific.cl\/en\/wp-json\/wp\/v2\/media?parent=1972"}],"curies":[{"name":"wp","href":"https:\/\/api.w.org\/{rel}","templated":true}]}}