{"id":1939,"date":"2025-09-02T00:47:37","date_gmt":"2025-09-02T00:47:37","guid":{"rendered":"https:\/\/andestopacific.cl\/cursos\/curso-auto-rescate-copy\/"},"modified":"2025-09-02T00:58:04","modified_gmt":"2025-09-02T00:58:04","slug":"talleres-escalada-indoor","status":"publish","type":"page","link":"https:\/\/andestopacific.cl\/en\/cursos\/talleres-escalada-indoor\/","title":{"rendered":"Talleres indoor"},"content":{"rendered":"<p><strong>Nudos aplicados a la escalada<\/strong><strong><br><\/strong>Aprende los nudos esenciales para la escalada, entendiendo su funci\u00f3n, aplicaciones reales y ventajas en distintas situaciones. Este taller no se trata solo de memorizar nudos, sino de comprender cu\u00e1ndo y por qu\u00e9 usarlos.<\/p>\n\n\n\n<p>Valor: $ 25.000<\/p>\n\n\n\n<p>Cupos: 10<\/p>\n\n\n\n<p><strong>&nbsp;Eficiencia en Multilargos<\/strong><strong><br><\/strong>En este taller nos enfocamos en optimizar cada maniobra durante una escalada de varios largos. Transiciones, montaje de reuniones, orden de cuerdas, aseguramiento desde arriba, r\u00e1peles y comunicaci\u00f3n en la cordada: todo pensado para escalar de forma fluida, segura y con criterio. Ideal para quienes buscan autonom\u00eda y orden en la pared.<\/p>\n\n\n\n<p>Valor: $40.000<\/p>\n\n\n\n<p>Cupos: 4<\/p>\n\n\n\n<p><strong>Anclajes y Reuniones<\/strong><\/p>\n\n\n\n<p>Exploramos en profundidad distintas configuraciones de reuniones, tanto fijas como m\u00f3viles, sus fundamentos t\u00e9cnicos, ventajas y limitaciones. Aprender\u00e1s a elegir la mejor configuraci\u00f3n seg\u00fan el terreno, tipo de anclaje y objetivos de la cordada, entendiendo los principios fundamentales<\/p>\n\n\n\n<p>Valor: $40.000<\/p>\n\n\n\n<p>Cupos: 4<\/p>\n\n\n\n<p><strong>T\u00e9cnicas de autorrescate nivel 1<\/strong><\/p>\n\n\n\n<p>Este taller es una introducci\u00f3n a las maniobras b\u00e1sicas de autorrescate. Aprender\u00e1s a resolver situaciones comunes que pasan en el descenso,como pasar un nudo en r\u00e1pel, bloqueos de sistemas y m\u00e1s. Un paso fundamental para cualquier escalador que quiera estar preparado ante imprevistos.<\/p>\n\n\n\n<p>Valor: $45.000<\/p>\n\n\n\n<p>Cupos: 4<\/p>\n\n\n\n<p><strong>T\u00e9cnicas de autorrescate nivel 2<\/strong><strong><br><\/strong> En este nivel avanzamos hacia maniobras m\u00e1s complejas para asistir al segundo de cordada para subirlo o bajarlo y traspasos de carga<\/p>\n\n\n\n<p>Valor: $ 45.000<\/p>\n\n\n\n<p>Cupos: 4<\/p>\n\n\n\n<p><strong>Planificaci\u00f3n de multilargos<\/strong><strong><br><\/strong> M\u00e1s all\u00e1 de la t\u00e9cnica, la planificaci\u00f3n es clave. En este taller aprender\u00e1s a preparar una salida de multilargos desde cero: elecci\u00f3n de la ruta, an\u00e1lisis de topos, log\u00edstica, material, estrategia de escalada, tiempos y planes de emergencia. Fundamental para minimizar riesgos y tomar decisiones informadas.<\/p>\n\n\n\n<p>Valor: $25.000<\/p>\n\n\n\n<p>Cupos: 10<\/p>\n\n\n\n<p><strong>Equipo de escalada tradicional y anclajes m\u00f3viles<\/strong><strong><br><\/strong>Conocer\u00e1s en detalle el funcionamiento, colocaci\u00f3n y evaluaci\u00f3n de empotradores pasivos (nuts) y activos (friends). Practicar\u00e1s c\u00f3mo integrarlos en sistemas de anclaje seguros y aprender\u00e1s a leer el terreno para proteger con criterio en escalada tradicional.<\/p>\n\n\n\n<p>Valor: $40.000<\/p>\n\n\n\n<p>Cupos: 4<\/p>\n\n\n\n<p><strong>R\u00e1pel y desequipar una ruta en r\u00e1pel<\/strong><strong><br><\/strong>Este taller te ense\u00f1a a montar r\u00e1peles seguros, con backup y sistemas extendidos, y a recuperar tu equipo mientras desciendes. Ideal para rutas sin caminata de salida o donde el descenso se realiza por la misma l\u00ednea de escalada. Incluye soluci\u00f3n de problemas comunes y gesti\u00f3n del riesgo.<\/p>\n\n\n\n<p>Valor: $40.000<\/p>\n\n\n\n<p>Cupos: 4<\/p>\n\n\n\n<p><strong>C\u00f3mo desequipar una ruta<\/strong><strong><br><\/strong>Aprender\u00e1s las maniobras est\u00e1ndar para desmontar correctamente y de forma segura una ruta deportiva, recuperando todo tu equipo.&nbsp;<\/p>\n\n\n\n<p>Valor: $40.000\u00a0<\/p>\n\n\n\n<p>Cupos: 4<\/p>\n\n\n\n<p><\/p>","protected":false},"excerpt":{"rendered":"<p>Talleres indoor de escalada: aprende maniobras, nudos y r\u00e1peles en un espacio seguro y pr\u00e1ctico. Para principiantes y avanzados.<\/p>","protected":false},"author":1,"featured_media":1941,"parent":22,"menu_order":0,"comment_status":"closed","ping_status":"closed","template":"","meta":{"footnotes":""},"class_list":["post-1939","page","type-page","status-publish","has-post-thumbnail","hentry"],"yoast_head":"<!-- This site is optimized with the Yoast SEO plugin v24.4 - https:\/\/yoast.com\/wordpress\/plugins\/seo\/ -->\n<title>Talleres indoor - Andes to pacific<\/title>\n<meta name=\"description\" content=\"Talleres indoor de escalada: aprende maniobras, nudos y r\u00e1peles en un espacio seguro y pr\u00e1ctico. Para principiantes y avanzados.\" \/>\n<meta name=\"robots\" content=\"index, follow, max-snippet:-1, max-image-preview:large, max-video-preview:-1\" \/>\n<link rel=\"canonical\" href=\"https:\/\/andestopacific.cl\/en\/cursos\/talleres-escalada-indoor\/\" \/>\n<meta property=\"og:locale\" content=\"en_US\" \/>\n<meta property=\"og:type\" content=\"article\" \/>\n<meta property=\"og:title\" content=\"Talleres indoor - Andes to pacific\" \/>\n<meta property=\"og:description\" content=\"Talleres indoor de escalada: aprende maniobras, nudos y r\u00e1peles en un espacio seguro y pr\u00e1ctico. Para principiantes y avanzados.\" \/>\n<meta property=\"og:url\" content=\"https:\/\/andestopacific.cl\/en\/cursos\/talleres-escalada-indoor\/\" \/>\n<meta property=\"og:site_name\" content=\"Andes to pacific\" \/>\n<meta property=\"article:modified_time\" content=\"2025-09-02T00:58:04+00:00\" \/>\n<meta property=\"og:image\" content=\"https:\/\/andestopacific.cl\/wp-content\/uploads\/2025\/09\/IMG_3499.jpg\" \/>\n\t<meta property=\"og:image:width\" content=\"1170\" \/>\n\t<meta property=\"og:image:height\" content=\"1840\" \/>\n\t<meta property=\"og:image:type\" content=\"image\/jpeg\" \/>\n<meta name=\"twitter:card\" content=\"summary_large_image\" \/>\n<meta name=\"twitter:label1\" content=\"Est. reading time\" \/>\n\t<meta name=\"twitter:data1\" content=\"3 minutes\" \/>\n<script type=\"application\/ld+json\" class=\"yoast-schema-graph\">{\"@context\":\"https:\/\/schema.org\",\"@graph\":[{\"@type\":\"WebPage\",\"@id\":\"https:\/\/andestopacific.cl\/cursos\/talleres-escalada-indoor\/\",\"url\":\"https:\/\/andestopacific.cl\/cursos\/talleres-escalada-indoor\/\",\"name\":\"Talleres indoor - Andes to pacific\",\"isPartOf\":{\"@id\":\"https:\/\/andestopacific.cl\/#website\"},\"primaryImageOfPage\":{\"@id\":\"https:\/\/andestopacific.cl\/cursos\/talleres-escalada-indoor\/#primaryimage\"},\"image\":{\"@id\":\"https:\/\/andestopacific.cl\/cursos\/talleres-escalada-indoor\/#primaryimage\"},\"thumbnailUrl\":\"https:\/\/andestopacific.cl\/wp-content\/uploads\/2025\/09\/IMG_3499.jpg\",\"datePublished\":\"2025-09-02T00:47:37+00:00\",\"dateModified\":\"2025-09-02T00:58:04+00:00\",\"description\":\"Talleres indoor de escalada: aprende maniobras, nudos y r\u00e1peles en un espacio seguro y pr\u00e1ctico. Para principiantes y avanzados.\",\"breadcrumb\":{\"@id\":\"https:\/\/andestopacific.cl\/cursos\/talleres-escalada-indoor\/#breadcrumb\"},\"inLanguage\":\"en-US\",\"potentialAction\":[{\"@type\":\"ReadAction\",\"target\":[\"https:\/\/andestopacific.cl\/cursos\/talleres-escalada-indoor\/\"]}]},{\"@type\":\"ImageObject\",\"inLanguage\":\"en-US\",\"@id\":\"https:\/\/andestopacific.cl\/cursos\/talleres-escalada-indoor\/#primaryimage\",\"url\":\"https:\/\/andestopacific.cl\/wp-content\/uploads\/2025\/09\/IMG_3499.jpg\",\"contentUrl\":\"https:\/\/andestopacific.cl\/wp-content\/uploads\/2025\/09\/IMG_3499.jpg\",\"width\":1170,\"height\":1840},{\"@type\":\"BreadcrumbList\",\"@id\":\"https:\/\/andestopacific.cl\/cursos\/talleres-escalada-indoor\/#breadcrumb\",\"itemListElement\":[{\"@type\":\"ListItem\",\"position\":1,\"name\":\"Portada\",\"item\":\"https:\/\/andestopacific.cl\/\"},{\"@type\":\"ListItem\",\"position\":2,\"name\":\"Cursos\",\"item\":\"https:\/\/andestopacific.cl\/cursos\/\"},{\"@type\":\"ListItem\",\"position\":3,\"name\":\"Talleres indoor\"}]},{\"@type\":\"WebSite\",\"@id\":\"https:\/\/andestopacific.cl\/#website\",\"url\":\"https:\/\/andestopacific.cl\/\",\"name\":\"Andes to pacific\",\"description\":\"\",\"publisher\":{\"@id\":\"https:\/\/andestopacific.cl\/#organization\"},\"potentialAction\":[{\"@type\":\"SearchAction\",\"target\":{\"@type\":\"EntryPoint\",\"urlTemplate\":\"https:\/\/andestopacific.cl\/?s={search_term_string}\"},\"query-input\":{\"@type\":\"PropertyValueSpecification\",\"valueRequired\":true,\"valueName\":\"search_term_string\"}}],\"inLanguage\":\"en-US\"},{\"@type\":\"Organization\",\"@id\":\"https:\/\/andestopacific.cl\/#organization\",\"name\":\"Andes to pacific\",\"url\":\"https:\/\/andestopacific.cl\/\",\"logo\":{\"@type\":\"ImageObject\",\"inLanguage\":\"en-US\",\"@id\":\"https:\/\/andestopacific.cl\/#\/schema\/logo\/image\/\",\"url\":\"https:\/\/andestopacific.cl\/wp-content\/uploads\/2024\/01\/faviconandes.png\",\"contentUrl\":\"https:\/\/andestopacific.cl\/wp-content\/uploads\/2024\/01\/faviconandes.png\",\"width\":512,\"height\":512,\"caption\":\"Andes to pacific\"},\"image\":{\"@id\":\"https:\/\/andestopacific.cl\/#\/schema\/logo\/image\/\"}}]}<\/script>\n<!-- \/ Yoast SEO plugin. -->","yoast_head_json":{"title":"Talleres indoor - Andes to pacific","description":"Talleres indoor de escalada: aprende maniobras, nudos y r\u00e1peles en un espacio seguro y pr\u00e1ctico. Para principiantes y avanzados.","robots":{"index":"index","follow":"follow","max-snippet":"max-snippet:-1","max-image-preview":"max-image-preview:large","max-video-preview":"max-video-preview:-1"},"canonical":"https:\/\/andestopacific.cl\/en\/cursos\/talleres-escalada-indoor\/","og_locale":"en_US","og_type":"article","og_title":"Talleres indoor - Andes to pacific","og_description":"Talleres indoor de escalada: aprende maniobras, nudos y r\u00e1peles en un espacio seguro y pr\u00e1ctico. Para principiantes y avanzados.","og_url":"https:\/\/andestopacific.cl\/en\/cursos\/talleres-escalada-indoor\/","og_site_name":"Andes to pacific","article_modified_time":"2025-09-02T00:58:04+00:00","og_image":[{"width":1170,"height":1840,"url":"https:\/\/andestopacific.cl\/wp-content\/uploads\/2025\/09\/IMG_3499.jpg","type":"image\/jpeg"}],"twitter_card":"summary_large_image","twitter_misc":{"Est. reading time":"3 minutes"},"schema":{"@context":"https:\/\/schema.org","@graph":[{"@type":"WebPage","@id":"https:\/\/andestopacific.cl\/cursos\/talleres-escalada-indoor\/","url":"https:\/\/andestopacific.cl\/cursos\/talleres-escalada-indoor\/","name":"Talleres indoor - Andes to pacific","isPartOf":{"@id":"https:\/\/andestopacific.cl\/#website"},"primaryImageOfPage":{"@id":"https:\/\/andestopacific.cl\/cursos\/talleres-escalada-indoor\/#primaryimage"},"image":{"@id":"https:\/\/andestopacific.cl\/cursos\/talleres-escalada-indoor\/#primaryimage"},"thumbnailUrl":"https:\/\/andestopacific.cl\/wp-content\/uploads\/2025\/09\/IMG_3499.jpg","datePublished":"2025-09-02T00:47:37+00:00","dateModified":"2025-09-02T00:58:04+00:00","description":"Talleres indoor de escalada: aprende maniobras, nudos y r\u00e1peles en un espacio seguro y pr\u00e1ctico. Para principiantes y avanzados.","breadcrumb":{"@id":"https:\/\/andestopacific.cl\/cursos\/talleres-escalada-indoor\/#breadcrumb"},"inLanguage":"en-US","potentialAction":[{"@type":"ReadAction","target":["https:\/\/andestopacific.cl\/cursos\/talleres-escalada-indoor\/"]}]},{"@type":"ImageObject","inLanguage":"en-US","@id":"https:\/\/andestopacific.cl\/cursos\/talleres-escalada-indoor\/#primaryimage","url":"https:\/\/andestopacific.cl\/wp-content\/uploads\/2025\/09\/IMG_3499.jpg","contentUrl":"https:\/\/andestopacific.cl\/wp-content\/uploads\/2025\/09\/IMG_3499.jpg","width":1170,"height":1840},{"@type":"BreadcrumbList","@id":"https:\/\/andestopacific.cl\/cursos\/talleres-escalada-indoor\/#breadcrumb","itemListElement":[{"@type":"ListItem","position":1,"name":"Portada","item":"https:\/\/andestopacific.cl\/"},{"@type":"ListItem","position":2,"name":"Cursos","item":"https:\/\/andestopacific.cl\/cursos\/"},{"@type":"ListItem","position":3,"name":"Talleres indoor"}]},{"@type":"WebSite","@id":"https:\/\/andestopacific.cl\/#website","url":"https:\/\/andestopacific.cl\/","name":"Andes to pacific","description":"","publisher":{"@id":"https:\/\/andestopacific.cl\/#organization"},"potentialAction":[{"@type":"SearchAction","target":{"@type":"EntryPoint","urlTemplate":"https:\/\/andestopacific.cl\/?s={search_term_string}"},"query-input":{"@type":"PropertyValueSpecification","valueRequired":true,"valueName":"search_term_string"}}],"inLanguage":"en-US"},{"@type":"Organization","@id":"https:\/\/andestopacific.cl\/#organization","name":"Andes to pacific","url":"https:\/\/andestopacific.cl\/","logo":{"@type":"ImageObject","inLanguage":"en-US","@id":"https:\/\/andestopacific.cl\/#\/schema\/logo\/image\/","url":"https:\/\/andestopacific.cl\/wp-content\/uploads\/2024\/01\/faviconandes.png","contentUrl":"https:\/\/andestopacific.cl\/wp-content\/uploads\/2024\/01\/faviconandes.png","width":512,"height":512,"caption":"Andes to pacific"},"image":{"@id":"https:\/\/andestopacific.cl\/#\/schema\/logo\/image\/"}}]}},"_links":{"self":[{"href":"https:\/\/andestopacific.cl\/en\/wp-json\/wp\/v2\/pages\/1939","targetHints":{"allow":["GET"]}}],"collection":[{"href":"https:\/\/andestopacific.cl\/en\/wp-json\/wp\/v2\/pages"}],"about":[{"href":"https:\/\/andestopacific.cl\/en\/wp-json\/wp\/v2\/types\/page"}],"author":[{"embeddable":true,"href":"https:\/\/andestopacific.cl\/en\/wp-json\/wp\/v2\/users\/1"}],"replies":[{"embeddable":true,"href":"https:\/\/andestopacific.cl\/en\/wp-json\/wp\/v2\/comments?post=1939"}],"version-history":[{"count":2,"href":"https:\/\/andestopacific.cl\/en\/wp-json\/wp\/v2\/pages\/1939\/revisions"}],"predecessor-version":[{"id":1943,"href":"https:\/\/andestopacific.cl\/en\/wp-json\/wp\/v2\/pages\/1939\/revisions\/1943"}],"up":[{"embeddable":true,"href":"https:\/\/andestopacific.cl\/en\/wp-json\/wp\/v2\/pages\/22"}],"wp:featuredmedia":[{"embeddable":true,"href":"https:\/\/andestopacific.cl\/en\/wp-json\/wp\/v2\/media\/1941"}],"wp:attachment":[{"href":"https:\/\/andestopacific.cl\/en\/wp-json\/wp\/v2\/media?parent=1939"}],"curies":[{"name":"wp","href":"https:\/\/api.w.org\/{rel}","templated":true}]}}