{"id":182,"date":"2024-01-10T21:47:09","date_gmt":"2024-01-10T21:47:09","guid":{"rendered":"https:\/\/andestopacific.cl\/index.php\/cursos\/curso-1-copy\/"},"modified":"2025-09-05T14:30:19","modified_gmt":"2025-09-05T14:30:19","slug":"curso-de-multilargos","status":"publish","type":"page","link":"https:\/\/andestopacific.cl\/en\/cursos\/curso-de-multilargos\/","title":{"rendered":"Multipitch course"},"content":{"rendered":"<p><br>La escalada de multilargos implica escalar rutas con varios  largos de cuerda, cada uno con su dificultad y caracter\u00edsticas \u00fanicas. Requiere habilidades t\u00e9cnicas m\u00e1s avanzadas que las utilizadas en la escalada deportiva maniobras de aseguramiento, descenso, prevenci\u00f3n y resoluci\u00f3n  de problemas, un buen manejo de cuerdas, entre otros aspectos. El tener los conocimientos necesarios te pueden llevar a escalar grandes paredes. <\/p>\n\n\n\n<p>Este curso est\u00e1 dise\u00f1ado para gente que ya tiene conocimientos s\u00f3lidos sobre la escalada deportiva y quiere comenzar a escalar multilargos de forma segura y eficiente.<\/p>\n\n\n\n<p><strong>Objetivo<\/strong><br>Se tiene como objetivo que al t\u00e9rmino del curso los alumnos puedan iniciarse a escalar multilargos de escalada deportiva de manera aut\u00f3noma y segura.<\/p>\n\n\n\n<p><strong>Requisitos:<\/strong> Salud, estado f\u00edsico y mental compatible con la actividad. Tener experiencia escalando deportiva y haber escalado m\u00ednimo una ruta de graduaci\u00f3n 5.10b.<\/p>\n\n\n\n<p><strong>Contenidos<\/strong><br>Para lograr el objetivo del curso se pasar\u00e1n estos contenidos que luego se evaluar\u00e1n personalmente por alumno.<\/p>\n\n\n\n<ul class=\"wp-block-list\">\n<li>Seguridad<\/li>\n\n\n\n<li>Equipo a utilizar en multilargos<\/li>\n\n\n\n<li>Comandos<\/li>\n\n\n\n<li>Planificaci\u00f3n de un multilargo<\/li>\n\n\n\n<li>Nudos<\/li>\n\n\n\n<li>Tipos de reuniones<\/li>\n\n\n\n<li>Escalada con 2 cuerdas<\/li>\n\n\n\n<li>Asegurar al segundo de cordada<\/li>\n\n\n\n<li>Escalada de a 3<\/li>\n\n\n\n<li>Rapel<\/li>\n\n\n\n<li>Auto-Rescate b\u00e1sico<\/li>\n\n\n\n<li>Eficiencia en un multilargo<\/li>\n<\/ul>\n\n\n\n<p><\/p>\n\n\n\n<p><strong>Equipo personal b\u00e1sico que debes tener:<\/strong><\/p>\n\n\n\n<ul class=\"wp-block-list\">\n<li>Casco<\/li>\n\n\n\n<li>Arn\u00e9s<\/li>\n\n\n\n<li>Zapatillas escalada<\/li>\n\n\n\n<li>L\u00ednea de vida<\/li>\n\n\n\n<li>Magnesera<\/li>\n\n\n\n<li>Sistema de aseguramiento; ATC o grigri.<\/li>\n\n\n\n<li>Dos mosquetones con seguro HMS<\/li>\n\n\n\n<li>2 Cordines de 1.5 metros de 6mm.<\/li>\n\n\n\n<li>Cordin de 5mts de 7mm.<\/li>\n\n\n\n<li>Cintas expres (opcional)<\/li>\n\n\n\n<li>Cuerdas simple (opcional)<\/li>\n\n\n\n<li>Reuni\u00f3n; Anilla cosida m\u00ednimo de 120 mm,<br>4 mosquetones con seguro<\/li>\n\n\n\n<li>Mochila 30-40 lts<\/li>\n<\/ul>\n\n\n\n<p><\/p>\n\n\n\n<p><strong>Recomendaciones para llevar al curso<\/strong><\/p>\n\n\n\n<ul class=\"wp-block-list\">\n<li>Ropa adecuada a la meteorolog\u00eda<\/li>\n\n\n\n<li>Zapatos de trekking con ca\u00f1a<\/li>\n\n\n\n<li>Gorro de sol<\/li>\n\n\n\n<li>Lentes y bloqueador solar<\/li>\n\n\n\n<li>Raci\u00f3n de marcha o snack liviano para<br>comer durante las clases<\/li>\n\n\n\n<li>Almuerzo r\u00e1pido de hacer para los break<\/li>\n\n\n\n<li>Recipiente de 2 lts de agua m\u00ednimo<\/li>\n\n\n\n<li>Equipo completo de camping<\/li>\n<\/ul>\n\n\n\n<p><strong>Reglas del curso<\/strong><\/p>\n\n\n\n<ul class=\"wp-block-list\">\n<li>Est\u00e1 prohibido consumir cualquier tipo de droga y alcohol durante las horas pedag\u00f3gicas.<\/li>\n\n\n\n<li>Se exige puntualidad para el buen desarrollo de las clases.<\/li>\n\n\n\n<li>Cada alumno es responsable de estudiar el material de apoyo y resolver sus dudas con el profesor.<\/li>\n\n\n\n<li>Si el alumno no se presenta a clases y no da aviso con anticipaci\u00f3n, ser\u00e1 su responsabilidad ponerse al d\u00eda con los contenidos pasados.<\/li>\n<\/ul>","protected":false},"excerpt":{"rendered":"<p>La escalada de multilargos implica escalar rutas con varios largos de cuerda, cada uno con su dificultad y caracter\u00edsticas \u00fanicas. Requiere habilidades t\u00e9cnicas m\u00e1s avanzadas que las utilizadas en la escalada deportiva maniobras de aseguramiento, descenso, prevenci\u00f3n y resoluci\u00f3n de problemas, un buen manejo de cuerdas, entre otros aspectos. El tener los conocimientos necesarios te [&hellip;]<\/p>","protected":false},"author":1,"featured_media":0,"parent":22,"menu_order":0,"comment_status":"closed","ping_status":"closed","template":"","meta":{"footnotes":""},"class_list":["post-182","page","type-page","status-publish","hentry"],"yoast_head":"<!-- This site is optimized with the Yoast SEO plugin v24.4 - https:\/\/yoast.com\/wordpress\/plugins\/seo\/ -->\n<title>Curso de multilargos - Andes to pacific<\/title>\n<meta name=\"description\" content=\"curso de multilargos, ofrecemos cursos blabal de multilargos hola\" \/>\n<meta name=\"robots\" content=\"index, follow, max-snippet:-1, max-image-preview:large, max-video-preview:-1\" \/>\n<link rel=\"canonical\" href=\"https:\/\/andestopacific.cl\/en\/cursos\/curso-de-multilargos\/\" \/>\n<meta property=\"og:locale\" content=\"en_US\" \/>\n<meta property=\"og:type\" content=\"article\" \/>\n<meta property=\"og:title\" content=\"Curso de multilargos - Andes to pacific\" \/>\n<meta property=\"og:description\" content=\"curso de multilargos, ofrecemos cursos blabal de multilargos hola\" \/>\n<meta property=\"og:url\" content=\"https:\/\/andestopacific.cl\/en\/cursos\/curso-de-multilargos\/\" \/>\n<meta property=\"og:site_name\" content=\"Andes to pacific\" \/>\n<meta property=\"article:modified_time\" content=\"2025-09-05T14:30:19+00:00\" \/>\n<meta property=\"og:image\" content=\"https:\/\/andestopacific.cl\/wp-content\/uploads\/2024\/01\/faviconandes.png\" \/>\n\t<meta property=\"og:image:width\" content=\"512\" \/>\n\t<meta property=\"og:image:height\" content=\"512\" \/>\n\t<meta property=\"og:image:type\" content=\"image\/png\" \/>\n<meta name=\"twitter:card\" content=\"summary_large_image\" \/>\n<meta name=\"twitter:label1\" content=\"Est. reading time\" \/>\n\t<meta name=\"twitter:data1\" content=\"2 minutes\" \/>\n<script type=\"application\/ld+json\" class=\"yoast-schema-graph\">{\"@context\":\"https:\/\/schema.org\",\"@graph\":[{\"@type\":\"WebPage\",\"@id\":\"https:\/\/andestopacific.cl\/cursos\/curso-de-multilargos\/\",\"url\":\"https:\/\/andestopacific.cl\/cursos\/curso-de-multilargos\/\",\"name\":\"Curso de multilargos - Andes to pacific\",\"isPartOf\":{\"@id\":\"https:\/\/andestopacific.cl\/#website\"},\"datePublished\":\"2024-01-10T21:47:09+00:00\",\"dateModified\":\"2025-09-05T14:30:19+00:00\",\"description\":\"curso de multilargos, ofrecemos cursos blabal de multilargos hola\",\"breadcrumb\":{\"@id\":\"https:\/\/andestopacific.cl\/cursos\/curso-de-multilargos\/#breadcrumb\"},\"inLanguage\":\"en-US\",\"potentialAction\":[{\"@type\":\"ReadAction\",\"target\":[\"https:\/\/andestopacific.cl\/cursos\/curso-de-multilargos\/\"]}]},{\"@type\":\"BreadcrumbList\",\"@id\":\"https:\/\/andestopacific.cl\/cursos\/curso-de-multilargos\/#breadcrumb\",\"itemListElement\":[{\"@type\":\"ListItem\",\"position\":1,\"name\":\"Portada\",\"item\":\"https:\/\/andestopacific.cl\/\"},{\"@type\":\"ListItem\",\"position\":2,\"name\":\"Cursos\",\"item\":\"https:\/\/andestopacific.cl\/cursos\/\"},{\"@type\":\"ListItem\",\"position\":3,\"name\":\"Curso de multilargos\"}]},{\"@type\":\"WebSite\",\"@id\":\"https:\/\/andestopacific.cl\/#website\",\"url\":\"https:\/\/andestopacific.cl\/\",\"name\":\"Andes to pacific\",\"description\":\"\",\"publisher\":{\"@id\":\"https:\/\/andestopacific.cl\/#organization\"},\"potentialAction\":[{\"@type\":\"SearchAction\",\"target\":{\"@type\":\"EntryPoint\",\"urlTemplate\":\"https:\/\/andestopacific.cl\/?s={search_term_string}\"},\"query-input\":{\"@type\":\"PropertyValueSpecification\",\"valueRequired\":true,\"valueName\":\"search_term_string\"}}],\"inLanguage\":\"en-US\"},{\"@type\":\"Organization\",\"@id\":\"https:\/\/andestopacific.cl\/#organization\",\"name\":\"Andes to pacific\",\"url\":\"https:\/\/andestopacific.cl\/\",\"logo\":{\"@type\":\"ImageObject\",\"inLanguage\":\"en-US\",\"@id\":\"https:\/\/andestopacific.cl\/#\/schema\/logo\/image\/\",\"url\":\"https:\/\/andestopacific.cl\/wp-content\/uploads\/2024\/01\/faviconandes.png\",\"contentUrl\":\"https:\/\/andestopacific.cl\/wp-content\/uploads\/2024\/01\/faviconandes.png\",\"width\":512,\"height\":512,\"caption\":\"Andes to pacific\"},\"image\":{\"@id\":\"https:\/\/andestopacific.cl\/#\/schema\/logo\/image\/\"}}]}<\/script>\n<!-- \/ Yoast SEO plugin. -->","yoast_head_json":{"title":"Curso de multilargos - Andes to pacific","description":"curso de multilargos, ofrecemos cursos blabal de multilargos hola","robots":{"index":"index","follow":"follow","max-snippet":"max-snippet:-1","max-image-preview":"max-image-preview:large","max-video-preview":"max-video-preview:-1"},"canonical":"https:\/\/andestopacific.cl\/en\/cursos\/curso-de-multilargos\/","og_locale":"en_US","og_type":"article","og_title":"Curso de multilargos - Andes to pacific","og_description":"curso de multilargos, ofrecemos cursos blabal de multilargos hola","og_url":"https:\/\/andestopacific.cl\/en\/cursos\/curso-de-multilargos\/","og_site_name":"Andes to pacific","article_modified_time":"2025-09-05T14:30:19+00:00","og_image":[{"width":512,"height":512,"url":"https:\/\/andestopacific.cl\/wp-content\/uploads\/2024\/01\/faviconandes.png","type":"image\/png"}],"twitter_card":"summary_large_image","twitter_misc":{"Est. reading time":"2 minutes"},"schema":{"@context":"https:\/\/schema.org","@graph":[{"@type":"WebPage","@id":"https:\/\/andestopacific.cl\/cursos\/curso-de-multilargos\/","url":"https:\/\/andestopacific.cl\/cursos\/curso-de-multilargos\/","name":"Curso de multilargos - Andes to pacific","isPartOf":{"@id":"https:\/\/andestopacific.cl\/#website"},"datePublished":"2024-01-10T21:47:09+00:00","dateModified":"2025-09-05T14:30:19+00:00","description":"curso de multilargos, ofrecemos cursos blabal de multilargos hola","breadcrumb":{"@id":"https:\/\/andestopacific.cl\/cursos\/curso-de-multilargos\/#breadcrumb"},"inLanguage":"en-US","potentialAction":[{"@type":"ReadAction","target":["https:\/\/andestopacific.cl\/cursos\/curso-de-multilargos\/"]}]},{"@type":"BreadcrumbList","@id":"https:\/\/andestopacific.cl\/cursos\/curso-de-multilargos\/#breadcrumb","itemListElement":[{"@type":"ListItem","position":1,"name":"Portada","item":"https:\/\/andestopacific.cl\/"},{"@type":"ListItem","position":2,"name":"Cursos","item":"https:\/\/andestopacific.cl\/cursos\/"},{"@type":"ListItem","position":3,"name":"Curso de multilargos"}]},{"@type":"WebSite","@id":"https:\/\/andestopacific.cl\/#website","url":"https:\/\/andestopacific.cl\/","name":"Andes to pacific","description":"","publisher":{"@id":"https:\/\/andestopacific.cl\/#organization"},"potentialAction":[{"@type":"SearchAction","target":{"@type":"EntryPoint","urlTemplate":"https:\/\/andestopacific.cl\/?s={search_term_string}"},"query-input":{"@type":"PropertyValueSpecification","valueRequired":true,"valueName":"search_term_string"}}],"inLanguage":"en-US"},{"@type":"Organization","@id":"https:\/\/andestopacific.cl\/#organization","name":"Andes to pacific","url":"https:\/\/andestopacific.cl\/","logo":{"@type":"ImageObject","inLanguage":"en-US","@id":"https:\/\/andestopacific.cl\/#\/schema\/logo\/image\/","url":"https:\/\/andestopacific.cl\/wp-content\/uploads\/2024\/01\/faviconandes.png","contentUrl":"https:\/\/andestopacific.cl\/wp-content\/uploads\/2024\/01\/faviconandes.png","width":512,"height":512,"caption":"Andes to pacific"},"image":{"@id":"https:\/\/andestopacific.cl\/#\/schema\/logo\/image\/"}}]}},"_links":{"self":[{"href":"https:\/\/andestopacific.cl\/en\/wp-json\/wp\/v2\/pages\/182","targetHints":{"allow":["GET"]}}],"collection":[{"href":"https:\/\/andestopacific.cl\/en\/wp-json\/wp\/v2\/pages"}],"about":[{"href":"https:\/\/andestopacific.cl\/en\/wp-json\/wp\/v2\/types\/page"}],"author":[{"embeddable":true,"href":"https:\/\/andestopacific.cl\/en\/wp-json\/wp\/v2\/users\/1"}],"replies":[{"embeddable":true,"href":"https:\/\/andestopacific.cl\/en\/wp-json\/wp\/v2\/comments?post=182"}],"version-history":[{"count":26,"href":"https:\/\/andestopacific.cl\/en\/wp-json\/wp\/v2\/pages\/182\/revisions"}],"predecessor-version":[{"id":1948,"href":"https:\/\/andestopacific.cl\/en\/wp-json\/wp\/v2\/pages\/182\/revisions\/1948"}],"up":[{"embeddable":true,"href":"https:\/\/andestopacific.cl\/en\/wp-json\/wp\/v2\/pages\/22"}],"wp:attachment":[{"href":"https:\/\/andestopacific.cl\/en\/wp-json\/wp\/v2\/media?parent=182"}],"curies":[{"name":"wp","href":"https:\/\/api.w.org\/{rel}","templated":true}]}}