{"id":1660,"date":"2024-05-12T00:19:10","date_gmt":"2024-05-12T00:19:10","guid":{"rendered":"https:\/\/andestopacific.cl\/escalada\/el-alfalfal-copy\/"},"modified":"2024-05-12T00:44:25","modified_gmt":"2024-05-12T00:44:25","slug":"lo-curro","status":"publish","type":"page","link":"https:\/\/andestopacific.cl\/en\/escalada\/lo-curro\/","title":{"rendered":"Lo Curro"},"content":{"rendered":"<p>\u200bLo Curro, es un sector de escalada con las vistas m\u00e1s  impresionantes de Santiago, se encuentra en medio de la ciudad de Santiago en uno de los cerros isla m\u00e1s emblem\u00e1ticos de la ciudad. A pesar de que el sector est\u00e1 literalmente en la ciudad uno puede sentir que est\u00e1 muy lejos cuando llegas a los pies de v\u00eda, ya que est\u00e1s inserto en un bosque escler\u00f3filo, se puede escuchar la fauna del lugar y se deja de lado el ruido de ciudad. El sector cuenta con 26 rutas de escalada con una vista espectacular a la ciudad y el cerro Manquehue, estas rutas var\u00edan en su dificultad entre el &#8211; 5 y 5.12a.<\/p>\n\n\n\n<p><br>Este sector tiene la facilidad de llegar en auto muy cerca de los pies de v\u00eda, dej\u00e1ndote a solo unos 10min aprox de aproximaci\u00f3n desde el auto.<br><br>En el lugar donde se realiza la actividad no hay lugar para acampar ni agua por lo que hay que llevar agua suficiente para toda la actividad.<\/p>\n\n\n\n<p><\/p>\n\n\n\n<p>Esta es una salida dise\u00f1ada para tener un gran d\u00eda de escalada en Chile y llevarte a escalar de forma segura las mejores rutas que est\u00e9n a tu nivel y a la experiencia que tengas escalando.<\/p>\n\n\n\n<p>You will climb on top-rope or lead depending on the experience you have in rock climbing.<\/p>\n\n\n\n<p>\u00a1Ven a escalar a este incre\u00edble lugar con las mejores vistas a la ciudad y sus monta\u00f1as!<\/p>\n\n\n\n<p><strong>Requirements<\/strong><\/p>\n\n\n\n<ul class=\"wp-block-list\">\n<li>Health, physical and mental state compatible with the activity.<\/li>\n<\/ul>\n\n\n\n<p><strong>Itinerary<\/strong><\/p>\n\n\n\n<ul class=\"wp-block-list\">\n<li>06:30 Pick up<\/li>\n\n\n\n<li>08:30 Begining of the activity<\/li>\n\n\n\n<li>9:00 -16:30 Rock climbing cracks!<\/li>\n\n\n\n<li>16:30 End of the activity<\/li>\n\n\n\n<li>17:00 Drop in<\/li>\n<\/ul>\n\n\n\n<p><\/p>\n\n\n\n<p><strong>What you need to bring?<\/strong><\/p>\n\n\n\n<ul class=\"wp-block-list\">\n<li>Comfortable clothing, appropriate for the activity and weather conditions of the day<\/li>\n\n\n\n<li>Climbing shoes<\/li>\n\n\n\n<li>Backpack of 20-30 liters<\/li>\n\n\n\n<li>Food for the day<\/li>\n\n\n\n<li>At least 2 liters of water<\/li>\n\n\n\n<li>Trekking or approach shoes<\/li>\n<\/ul>\n\n\n\n<p><\/p>","protected":false},"excerpt":{"rendered":"<p>Do you want to climb in Santiago? Lo Curro is one of the climbing sectors located on the most iconic island hill in Santiago. Climb in the middle of the sclerophyllous forest with the best views of the city!<\/p>","protected":false},"author":1,"featured_media":1665,"parent":24,"menu_order":0,"comment_status":"closed","ping_status":"closed","template":"","meta":{"footnotes":""},"class_list":["post-1660","page","type-page","status-publish","has-post-thumbnail","hentry"],"yoast_head":"<!-- This site is optimized with the Yoast SEO plugin v24.4 - https:\/\/yoast.com\/wordpress\/plugins\/seo\/ -->\n<title>Lo Curro - Andes to pacific<\/title>\n<meta name=\"description\" content=\"\u00bfQuieres escalar en Santiago? Lo Curro es uno de los sector de escalada que se encuentra en el cerro isla mas ic\u00f3nico de Santiago. Escala en medio del bosque escler\u00f3filo con las mejores vistas a la ciudad!\" \/>\n<meta name=\"robots\" content=\"index, follow, max-snippet:-1, max-image-preview:large, max-video-preview:-1\" \/>\n<link rel=\"canonical\" href=\"https:\/\/andestopacific.cl\/en\/escalada\/lo-curro\/\" \/>\n<meta property=\"og:locale\" content=\"en_US\" \/>\n<meta property=\"og:type\" content=\"article\" \/>\n<meta property=\"og:title\" content=\"Lo Curro - Andes to pacific\" \/>\n<meta property=\"og:description\" content=\"\u00bfQuieres escalar en Santiago? Lo Curro es uno de los sector de escalada que se encuentra en el cerro isla mas ic\u00f3nico de Santiago. Escala en medio del bosque escler\u00f3filo con las mejores vistas a la ciudad!\" \/>\n<meta property=\"og:url\" content=\"https:\/\/andestopacific.cl\/en\/escalada\/lo-curro\/\" \/>\n<meta property=\"og:site_name\" content=\"Andes to pacific\" \/>\n<meta property=\"article:modified_time\" content=\"2024-05-12T00:44:25+00:00\" \/>\n<meta property=\"og:image\" content=\"https:\/\/andestopacific.cl\/wp-content\/uploads\/2024\/05\/IMG_8932-scaled.jpg\" \/>\n\t<meta property=\"og:image:width\" content=\"2560\" \/>\n\t<meta property=\"og:image:height\" content=\"1707\" \/>\n\t<meta property=\"og:image:type\" content=\"image\/jpeg\" \/>\n<meta name=\"twitter:card\" content=\"summary_large_image\" \/>\n<meta name=\"twitter:label1\" content=\"Est. reading time\" \/>\n\t<meta name=\"twitter:data1\" content=\"2 minutes\" \/>\n<script type=\"application\/ld+json\" class=\"yoast-schema-graph\">{\"@context\":\"https:\/\/schema.org\",\"@graph\":[{\"@type\":\"WebPage\",\"@id\":\"https:\/\/andestopacific.cl\/escalada\/lo-curro\/\",\"url\":\"https:\/\/andestopacific.cl\/escalada\/lo-curro\/\",\"name\":\"Lo Curro - Andes to pacific\",\"isPartOf\":{\"@id\":\"https:\/\/andestopacific.cl\/#website\"},\"primaryImageOfPage\":{\"@id\":\"https:\/\/andestopacific.cl\/escalada\/lo-curro\/#primaryimage\"},\"image\":{\"@id\":\"https:\/\/andestopacific.cl\/escalada\/lo-curro\/#primaryimage\"},\"thumbnailUrl\":\"https:\/\/andestopacific.cl\/wp-content\/uploads\/2024\/05\/IMG_8932-scaled.jpg\",\"datePublished\":\"2024-05-12T00:19:10+00:00\",\"dateModified\":\"2024-05-12T00:44:25+00:00\",\"description\":\"\u00bfQuieres escalar en Santiago? Lo Curro es uno de los sector de escalada que se encuentra en el cerro isla mas ic\u00f3nico de Santiago. Escala en medio del bosque escler\u00f3filo con las mejores vistas a la ciudad!\",\"breadcrumb\":{\"@id\":\"https:\/\/andestopacific.cl\/escalada\/lo-curro\/#breadcrumb\"},\"inLanguage\":\"en-US\",\"potentialAction\":[{\"@type\":\"ReadAction\",\"target\":[\"https:\/\/andestopacific.cl\/escalada\/lo-curro\/\"]}]},{\"@type\":\"ImageObject\",\"inLanguage\":\"en-US\",\"@id\":\"https:\/\/andestopacific.cl\/escalada\/lo-curro\/#primaryimage\",\"url\":\"https:\/\/andestopacific.cl\/wp-content\/uploads\/2024\/05\/IMG_8932-scaled.jpg\",\"contentUrl\":\"https:\/\/andestopacific.cl\/wp-content\/uploads\/2024\/05\/IMG_8932-scaled.jpg\",\"width\":2560,\"height\":1707},{\"@type\":\"BreadcrumbList\",\"@id\":\"https:\/\/andestopacific.cl\/escalada\/lo-curro\/#breadcrumb\",\"itemListElement\":[{\"@type\":\"ListItem\",\"position\":1,\"name\":\"Portada\",\"item\":\"https:\/\/andestopacific.cl\/\"},{\"@type\":\"ListItem\",\"position\":2,\"name\":\"Escalada\",\"item\":\"https:\/\/andestopacific.cl\/escalada\/\"},{\"@type\":\"ListItem\",\"position\":3,\"name\":\"Lo Curro\"}]},{\"@type\":\"WebSite\",\"@id\":\"https:\/\/andestopacific.cl\/#website\",\"url\":\"https:\/\/andestopacific.cl\/\",\"name\":\"Andes to pacific\",\"description\":\"\",\"publisher\":{\"@id\":\"https:\/\/andestopacific.cl\/#organization\"},\"potentialAction\":[{\"@type\":\"SearchAction\",\"target\":{\"@type\":\"EntryPoint\",\"urlTemplate\":\"https:\/\/andestopacific.cl\/?s={search_term_string}\"},\"query-input\":{\"@type\":\"PropertyValueSpecification\",\"valueRequired\":true,\"valueName\":\"search_term_string\"}}],\"inLanguage\":\"en-US\"},{\"@type\":\"Organization\",\"@id\":\"https:\/\/andestopacific.cl\/#organization\",\"name\":\"Andes to pacific\",\"url\":\"https:\/\/andestopacific.cl\/\",\"logo\":{\"@type\":\"ImageObject\",\"inLanguage\":\"en-US\",\"@id\":\"https:\/\/andestopacific.cl\/#\/schema\/logo\/image\/\",\"url\":\"https:\/\/andestopacific.cl\/wp-content\/uploads\/2024\/01\/faviconandes.png\",\"contentUrl\":\"https:\/\/andestopacific.cl\/wp-content\/uploads\/2024\/01\/faviconandes.png\",\"width\":512,\"height\":512,\"caption\":\"Andes to pacific\"},\"image\":{\"@id\":\"https:\/\/andestopacific.cl\/#\/schema\/logo\/image\/\"}}]}<\/script>\n<!-- \/ Yoast SEO plugin. -->","yoast_head_json":{"title":"Lo Curro - Andes to pacific","description":"\u00bfQuieres escalar en Santiago? Lo Curro es uno de los sector de escalada que se encuentra en el cerro isla mas ic\u00f3nico de Santiago. Escala en medio del bosque escler\u00f3filo con las mejores vistas a la ciudad!","robots":{"index":"index","follow":"follow","max-snippet":"max-snippet:-1","max-image-preview":"max-image-preview:large","max-video-preview":"max-video-preview:-1"},"canonical":"https:\/\/andestopacific.cl\/en\/escalada\/lo-curro\/","og_locale":"en_US","og_type":"article","og_title":"Lo Curro - Andes to pacific","og_description":"\u00bfQuieres escalar en Santiago? Lo Curro es uno de los sector de escalada que se encuentra en el cerro isla mas ic\u00f3nico de Santiago. Escala en medio del bosque escler\u00f3filo con las mejores vistas a la ciudad!","og_url":"https:\/\/andestopacific.cl\/en\/escalada\/lo-curro\/","og_site_name":"Andes to pacific","article_modified_time":"2024-05-12T00:44:25+00:00","og_image":[{"width":2560,"height":1707,"url":"https:\/\/andestopacific.cl\/wp-content\/uploads\/2024\/05\/IMG_8932-scaled.jpg","type":"image\/jpeg"}],"twitter_card":"summary_large_image","twitter_misc":{"Est. reading time":"2 minutes"},"schema":{"@context":"https:\/\/schema.org","@graph":[{"@type":"WebPage","@id":"https:\/\/andestopacific.cl\/escalada\/lo-curro\/","url":"https:\/\/andestopacific.cl\/escalada\/lo-curro\/","name":"Lo Curro - Andes to pacific","isPartOf":{"@id":"https:\/\/andestopacific.cl\/#website"},"primaryImageOfPage":{"@id":"https:\/\/andestopacific.cl\/escalada\/lo-curro\/#primaryimage"},"image":{"@id":"https:\/\/andestopacific.cl\/escalada\/lo-curro\/#primaryimage"},"thumbnailUrl":"https:\/\/andestopacific.cl\/wp-content\/uploads\/2024\/05\/IMG_8932-scaled.jpg","datePublished":"2024-05-12T00:19:10+00:00","dateModified":"2024-05-12T00:44:25+00:00","description":"\u00bfQuieres escalar en Santiago? Lo Curro es uno de los sector de escalada que se encuentra en el cerro isla mas ic\u00f3nico de Santiago. Escala en medio del bosque escler\u00f3filo con las mejores vistas a la ciudad!","breadcrumb":{"@id":"https:\/\/andestopacific.cl\/escalada\/lo-curro\/#breadcrumb"},"inLanguage":"en-US","potentialAction":[{"@type":"ReadAction","target":["https:\/\/andestopacific.cl\/escalada\/lo-curro\/"]}]},{"@type":"ImageObject","inLanguage":"en-US","@id":"https:\/\/andestopacific.cl\/escalada\/lo-curro\/#primaryimage","url":"https:\/\/andestopacific.cl\/wp-content\/uploads\/2024\/05\/IMG_8932-scaled.jpg","contentUrl":"https:\/\/andestopacific.cl\/wp-content\/uploads\/2024\/05\/IMG_8932-scaled.jpg","width":2560,"height":1707},{"@type":"BreadcrumbList","@id":"https:\/\/andestopacific.cl\/escalada\/lo-curro\/#breadcrumb","itemListElement":[{"@type":"ListItem","position":1,"name":"Portada","item":"https:\/\/andestopacific.cl\/"},{"@type":"ListItem","position":2,"name":"Escalada","item":"https:\/\/andestopacific.cl\/escalada\/"},{"@type":"ListItem","position":3,"name":"Lo Curro"}]},{"@type":"WebSite","@id":"https:\/\/andestopacific.cl\/#website","url":"https:\/\/andestopacific.cl\/","name":"Andes to pacific","description":"","publisher":{"@id":"https:\/\/andestopacific.cl\/#organization"},"potentialAction":[{"@type":"SearchAction","target":{"@type":"EntryPoint","urlTemplate":"https:\/\/andestopacific.cl\/?s={search_term_string}"},"query-input":{"@type":"PropertyValueSpecification","valueRequired":true,"valueName":"search_term_string"}}],"inLanguage":"en-US"},{"@type":"Organization","@id":"https:\/\/andestopacific.cl\/#organization","name":"Andes to pacific","url":"https:\/\/andestopacific.cl\/","logo":{"@type":"ImageObject","inLanguage":"en-US","@id":"https:\/\/andestopacific.cl\/#\/schema\/logo\/image\/","url":"https:\/\/andestopacific.cl\/wp-content\/uploads\/2024\/01\/faviconandes.png","contentUrl":"https:\/\/andestopacific.cl\/wp-content\/uploads\/2024\/01\/faviconandes.png","width":512,"height":512,"caption":"Andes to pacific"},"image":{"@id":"https:\/\/andestopacific.cl\/#\/schema\/logo\/image\/"}}]}},"_links":{"self":[{"href":"https:\/\/andestopacific.cl\/en\/wp-json\/wp\/v2\/pages\/1660","targetHints":{"allow":["GET"]}}],"collection":[{"href":"https:\/\/andestopacific.cl\/en\/wp-json\/wp\/v2\/pages"}],"about":[{"href":"https:\/\/andestopacific.cl\/en\/wp-json\/wp\/v2\/types\/page"}],"author":[{"embeddable":true,"href":"https:\/\/andestopacific.cl\/en\/wp-json\/wp\/v2\/users\/1"}],"replies":[{"embeddable":true,"href":"https:\/\/andestopacific.cl\/en\/wp-json\/wp\/v2\/comments?post=1660"}],"version-history":[{"count":4,"href":"https:\/\/andestopacific.cl\/en\/wp-json\/wp\/v2\/pages\/1660\/revisions"}],"predecessor-version":[{"id":1671,"href":"https:\/\/andestopacific.cl\/en\/wp-json\/wp\/v2\/pages\/1660\/revisions\/1671"}],"up":[{"embeddable":true,"href":"https:\/\/andestopacific.cl\/en\/wp-json\/wp\/v2\/pages\/24"}],"wp:featuredmedia":[{"embeddable":true,"href":"https:\/\/andestopacific.cl\/en\/wp-json\/wp\/v2\/media\/1665"}],"wp:attachment":[{"href":"https:\/\/andestopacific.cl\/en\/wp-json\/wp\/v2\/media?parent=1660"}],"curies":[{"name":"wp","href":"https:\/\/api.w.org\/{rel}","templated":true}]}}