{"id":1191,"date":"2024-02-28T20:57:57","date_gmt":"2024-02-28T20:57:57","guid":{"rendered":"https:\/\/andestopacific.cl\/index.php\/escalada\/curso-1-copy-copy-2-copy-copy-3\/"},"modified":"2024-03-25T10:13:16","modified_gmt":"2024-03-25T10:13:16","slug":"curso-1-copy-copy-2-copy-copy-3","status":"publish","type":"page","link":"https:\/\/andestopacific.cl\/en\/escalada\/curso-1-copy-copy-2-copy-copy-3\/","title":{"rendered":"Cerro pintor asdasd"},"content":{"rendered":"<p>\u00bfBuscas conocer y adentrarte en la Cordillera De Los Andes? \u00bfQuieres comenzar a conquistar y<br>adentrarte en la monta\u00f1a de altura? \u00a1El trekking al Cerro El Pintor es ideal para aquello y m\u00e1s!<br>Contactanos para llevarte a la cumbre de esta hermosa e ic\u00f3nica monta\u00f1a de la cordillera<br>central. Sus paisajes y postales recorriendo desde los 2.900 msnm hasta su cumbre en los<br>4.180 msnm te dejar\u00e1n encantado y maravillado.<br>Nos adecuamos a t\u00fa condici\u00f3n f\u00edsica para esta excursi\u00f3n de un d\u00eda. Nuestros gu\u00edas expertos<br>en trekking estar\u00e1n con ustedes durante todo el trayecto, ofreciendo informaci\u00f3n valiosa sobre<br>la flora y fauna local, as\u00ed como tambi\u00e9n brind\u00e1ndoles la seguridad y la confianza necesarias<br>para disfrutar de la caminata de manera segura y agradable. La caminata al Cerro el Pintor es<br>una de las experiencias m\u00e1s memorables que se pueden tener en la zona central de Chile, y<br>estamos emocionados de poder compartirla con ustedes.<br>No importa si eres un experto en trekking o simplemente un amante de la naturaleza, esta<br>excursi\u00f3n te dejar\u00e1 con recuerdos inolvidables y la satisfacci\u00f3n de haber alcanzado la cima del<br>Cerro el Pintor. \u00a1No esperes<\/p>\n\n\n\n<p><strong>Requirements<\/strong><\/p>\n\n\n\n<ul class=\"wp-block-list\">\n<li>Health, physical and mental state compatible with the activity.<\/li>\n<\/ul>\n\n\n\n<p><strong>What you need to bring?<\/strong><\/p>\n\n\n\n<ul class=\"wp-block-list\">\n<li>Comfortable clothing, appropriate for the activity and weather conditions of the day<\/li>\n\n\n\n<li>Backpack of 20-30 liters<\/li>\n\n\n\n<li>Food for the day<\/li>\n\n\n\n<li>At least 2 liters of water<\/li>\n\n\n\n<li>Bototos de trekking<\/li>\n<\/ul>\n\n\n\n<p><strong>Incluye<\/strong><\/p>\n\n\n\n<ul class=\"wp-block-list\">\n<li>Gu\u00eda<\/li>\n\n\n\n<li>Botiqu\u00edn<\/li>\n\n\n\n<li>Equipo Inreach con sistema SOS<\/li>\n<\/ul>\n\n\n\n<p><strong>No incluye:<\/strong><\/p>\n\n\n\n<ul class=\"wp-block-list\">\n<li>Transporte.<\/li>\n\n\n\n<li>Alimentaci\u00f3n.<\/li>\n\n\n\n<li>Seguro de accidentes<\/li>\n<\/ul>","protected":false},"excerpt":{"rendered":"<p>\u00bfBuscas conocer y adentrarte en la Cordillera De Los Andes? \u00bfQuieres comenzar a conquistar yadentrarte en la monta\u00f1a de altura? \u00a1El trekking al Cerro El Pintor es ideal para aquello y m\u00e1s!Contactanos para llevarte a la cumbre de esta hermosa e ic\u00f3nica monta\u00f1a de la cordilleracentral. Sus paisajes y postales recorriendo desde los 2.900 msnm [&hellip;]<\/p>","protected":false},"author":1,"featured_media":0,"parent":24,"menu_order":0,"comment_status":"closed","ping_status":"closed","template":"","meta":{"footnotes":""},"class_list":["post-1191","page","type-page","status-publish","hentry"],"yoast_head":"<!-- This site is optimized with the Yoast SEO plugin v24.4 - https:\/\/yoast.com\/wordpress\/plugins\/seo\/ -->\n<title>Cerro Pintor - Andes to pacific<\/title>\n<meta name=\"robots\" content=\"index, follow, max-snippet:-1, max-image-preview:large, max-video-preview:-1\" \/>\n<link rel=\"canonical\" href=\"https:\/\/andestopacific.cl\/en\/escalada\/curso-1-copy-copy-2-copy-copy-3\/\" \/>\n<meta property=\"og:locale\" content=\"en_US\" \/>\n<meta property=\"og:type\" content=\"article\" \/>\n<meta property=\"og:title\" content=\"Cerro Pintor - Andes to pacific\" \/>\n<meta property=\"og:description\" content=\"\u00bfBuscas conocer y adentrarte en la Cordillera De Los Andes? \u00bfQuieres comenzar a conquistar yadentrarte en la monta\u00f1a de altura? \u00a1El trekking al Cerro El Pintor es ideal para aquello y m\u00e1s!Contactanos para llevarte a la cumbre de esta hermosa e ic\u00f3nica monta\u00f1a de la cordilleracentral. Sus paisajes y postales recorriendo desde los 2.900 msnm [&hellip;]\" \/>\n<meta property=\"og:url\" content=\"https:\/\/andestopacific.cl\/en\/escalada\/curso-1-copy-copy-2-copy-copy-3\/\" \/>\n<meta property=\"og:site_name\" content=\"Andes to pacific\" \/>\n<meta property=\"article:modified_time\" content=\"2024-03-25T10:13:16+00:00\" \/>\n<meta property=\"og:image\" content=\"https:\/\/andestopacific.cl\/wp-content\/uploads\/2024\/01\/faviconandes.png\" \/>\n\t<meta property=\"og:image:width\" content=\"512\" \/>\n\t<meta property=\"og:image:height\" content=\"512\" \/>\n\t<meta property=\"og:image:type\" content=\"image\/png\" \/>\n<meta name=\"twitter:card\" content=\"summary_large_image\" \/>\n<meta name=\"twitter:label1\" content=\"Est. reading time\" \/>\n\t<meta name=\"twitter:data1\" content=\"2 minutes\" \/>\n<script type=\"application\/ld+json\" class=\"yoast-schema-graph\">{\"@context\":\"https:\/\/schema.org\",\"@graph\":[{\"@type\":\"WebPage\",\"@id\":\"https:\/\/andestopacific.cl\/escalada\/curso-1-copy-copy-2-copy-copy-3\/\",\"url\":\"https:\/\/andestopacific.cl\/escalada\/curso-1-copy-copy-2-copy-copy-3\/\",\"name\":\"Cerro Pintor - Andes to pacific\",\"isPartOf\":{\"@id\":\"https:\/\/andestopacific.cl\/#website\"},\"datePublished\":\"2024-02-28T20:57:57+00:00\",\"dateModified\":\"2024-03-25T10:13:16+00:00\",\"breadcrumb\":{\"@id\":\"https:\/\/andestopacific.cl\/escalada\/curso-1-copy-copy-2-copy-copy-3\/#breadcrumb\"},\"inLanguage\":\"en-US\",\"potentialAction\":[{\"@type\":\"ReadAction\",\"target\":[\"https:\/\/andestopacific.cl\/escalada\/curso-1-copy-copy-2-copy-copy-3\/\"]}]},{\"@type\":\"BreadcrumbList\",\"@id\":\"https:\/\/andestopacific.cl\/escalada\/curso-1-copy-copy-2-copy-copy-3\/#breadcrumb\",\"itemListElement\":[{\"@type\":\"ListItem\",\"position\":1,\"name\":\"Portada\",\"item\":\"https:\/\/andestopacific.cl\/\"},{\"@type\":\"ListItem\",\"position\":2,\"name\":\"Escalada\",\"item\":\"https:\/\/andestopacific.cl\/escalada\/\"},{\"@type\":\"ListItem\",\"position\":3,\"name\":\"Cerro Pintor\"}]},{\"@type\":\"WebSite\",\"@id\":\"https:\/\/andestopacific.cl\/#website\",\"url\":\"https:\/\/andestopacific.cl\/\",\"name\":\"Andes to pacific\",\"description\":\"\",\"publisher\":{\"@id\":\"https:\/\/andestopacific.cl\/#organization\"},\"potentialAction\":[{\"@type\":\"SearchAction\",\"target\":{\"@type\":\"EntryPoint\",\"urlTemplate\":\"https:\/\/andestopacific.cl\/?s={search_term_string}\"},\"query-input\":{\"@type\":\"PropertyValueSpecification\",\"valueRequired\":true,\"valueName\":\"search_term_string\"}}],\"inLanguage\":\"en-US\"},{\"@type\":\"Organization\",\"@id\":\"https:\/\/andestopacific.cl\/#organization\",\"name\":\"Andes to pacific\",\"url\":\"https:\/\/andestopacific.cl\/\",\"logo\":{\"@type\":\"ImageObject\",\"inLanguage\":\"en-US\",\"@id\":\"https:\/\/andestopacific.cl\/#\/schema\/logo\/image\/\",\"url\":\"https:\/\/andestopacific.cl\/wp-content\/uploads\/2024\/01\/faviconandes.png\",\"contentUrl\":\"https:\/\/andestopacific.cl\/wp-content\/uploads\/2024\/01\/faviconandes.png\",\"width\":512,\"height\":512,\"caption\":\"Andes to pacific\"},\"image\":{\"@id\":\"https:\/\/andestopacific.cl\/#\/schema\/logo\/image\/\"}}]}<\/script>\n<!-- \/ Yoast SEO plugin. -->","yoast_head_json":{"title":"Cerro Pintor - Andes to pacific","robots":{"index":"index","follow":"follow","max-snippet":"max-snippet:-1","max-image-preview":"max-image-preview:large","max-video-preview":"max-video-preview:-1"},"canonical":"https:\/\/andestopacific.cl\/en\/escalada\/curso-1-copy-copy-2-copy-copy-3\/","og_locale":"en_US","og_type":"article","og_title":"Cerro Pintor - Andes to pacific","og_description":"\u00bfBuscas conocer y adentrarte en la Cordillera De Los Andes? \u00bfQuieres comenzar a conquistar yadentrarte en la monta\u00f1a de altura? \u00a1El trekking al Cerro El Pintor es ideal para aquello y m\u00e1s!Contactanos para llevarte a la cumbre de esta hermosa e ic\u00f3nica monta\u00f1a de la cordilleracentral. Sus paisajes y postales recorriendo desde los 2.900 msnm [&hellip;]","og_url":"https:\/\/andestopacific.cl\/en\/escalada\/curso-1-copy-copy-2-copy-copy-3\/","og_site_name":"Andes to pacific","article_modified_time":"2024-03-25T10:13:16+00:00","og_image":[{"width":512,"height":512,"url":"https:\/\/andestopacific.cl\/wp-content\/uploads\/2024\/01\/faviconandes.png","type":"image\/png"}],"twitter_card":"summary_large_image","twitter_misc":{"Est. reading time":"2 minutes"},"schema":{"@context":"https:\/\/schema.org","@graph":[{"@type":"WebPage","@id":"https:\/\/andestopacific.cl\/escalada\/curso-1-copy-copy-2-copy-copy-3\/","url":"https:\/\/andestopacific.cl\/escalada\/curso-1-copy-copy-2-copy-copy-3\/","name":"Cerro Pintor - Andes to pacific","isPartOf":{"@id":"https:\/\/andestopacific.cl\/#website"},"datePublished":"2024-02-28T20:57:57+00:00","dateModified":"2024-03-25T10:13:16+00:00","breadcrumb":{"@id":"https:\/\/andestopacific.cl\/escalada\/curso-1-copy-copy-2-copy-copy-3\/#breadcrumb"},"inLanguage":"en-US","potentialAction":[{"@type":"ReadAction","target":["https:\/\/andestopacific.cl\/escalada\/curso-1-copy-copy-2-copy-copy-3\/"]}]},{"@type":"BreadcrumbList","@id":"https:\/\/andestopacific.cl\/escalada\/curso-1-copy-copy-2-copy-copy-3\/#breadcrumb","itemListElement":[{"@type":"ListItem","position":1,"name":"Portada","item":"https:\/\/andestopacific.cl\/"},{"@type":"ListItem","position":2,"name":"Escalada","item":"https:\/\/andestopacific.cl\/escalada\/"},{"@type":"ListItem","position":3,"name":"Cerro Pintor"}]},{"@type":"WebSite","@id":"https:\/\/andestopacific.cl\/#website","url":"https:\/\/andestopacific.cl\/","name":"Andes to pacific","description":"","publisher":{"@id":"https:\/\/andestopacific.cl\/#organization"},"potentialAction":[{"@type":"SearchAction","target":{"@type":"EntryPoint","urlTemplate":"https:\/\/andestopacific.cl\/?s={search_term_string}"},"query-input":{"@type":"PropertyValueSpecification","valueRequired":true,"valueName":"search_term_string"}}],"inLanguage":"en-US"},{"@type":"Organization","@id":"https:\/\/andestopacific.cl\/#organization","name":"Andes to pacific","url":"https:\/\/andestopacific.cl\/","logo":{"@type":"ImageObject","inLanguage":"en-US","@id":"https:\/\/andestopacific.cl\/#\/schema\/logo\/image\/","url":"https:\/\/andestopacific.cl\/wp-content\/uploads\/2024\/01\/faviconandes.png","contentUrl":"https:\/\/andestopacific.cl\/wp-content\/uploads\/2024\/01\/faviconandes.png","width":512,"height":512,"caption":"Andes to pacific"},"image":{"@id":"https:\/\/andestopacific.cl\/#\/schema\/logo\/image\/"}}]}},"_links":{"self":[{"href":"https:\/\/andestopacific.cl\/en\/wp-json\/wp\/v2\/pages\/1191","targetHints":{"allow":["GET"]}}],"collection":[{"href":"https:\/\/andestopacific.cl\/en\/wp-json\/wp\/v2\/pages"}],"about":[{"href":"https:\/\/andestopacific.cl\/en\/wp-json\/wp\/v2\/types\/page"}],"author":[{"embeddable":true,"href":"https:\/\/andestopacific.cl\/en\/wp-json\/wp\/v2\/users\/1"}],"replies":[{"embeddable":true,"href":"https:\/\/andestopacific.cl\/en\/wp-json\/wp\/v2\/comments?post=1191"}],"version-history":[{"count":4,"href":"https:\/\/andestopacific.cl\/en\/wp-json\/wp\/v2\/pages\/1191\/revisions"}],"predecessor-version":[{"id":1336,"href":"https:\/\/andestopacific.cl\/en\/wp-json\/wp\/v2\/pages\/1191\/revisions\/1336"}],"up":[{"embeddable":true,"href":"https:\/\/andestopacific.cl\/en\/wp-json\/wp\/v2\/pages\/24"}],"wp:attachment":[{"href":"https:\/\/andestopacific.cl\/en\/wp-json\/wp\/v2\/media?parent=1191"}],"curies":[{"name":"wp","href":"https:\/\/api.w.org\/{rel}","templated":true}]}}