{"id":1146,"date":"2024-02-28T17:27:16","date_gmt":"2024-02-28T17:27:16","guid":{"rendered":"https:\/\/andestopacific.cl\/index.php\/escalada\/curso-1-copy-copy-2-copy-copy-copy\/"},"modified":"2024-02-28T20:56:22","modified_gmt":"2024-02-28T20:56:22","slug":"curso-1-copy-copy-2-copy-copy-copy","status":"publish","type":"page","link":"https:\/\/andestopacific.cl\/en\/escalada\/curso-1-copy-copy-2-copy-copy-copy\/","title":{"rendered":"Ride with a local"},"content":{"rendered":"<p>\u00bfEst\u00e1s buscando una experiencia \u00fanica y emocionante en los centros de ski de Santiago, Chile? \u00danete a nosotros para disfrutar de la mejor nieve en una aventura guiada por instructores locales que te llevaran a los mejores lugares.<\/p>\n\n\n\n<p>Los centros de ski de Santiago, Chile est\u00e1n situados en una de las regiones m\u00e1s bellas y espectaculares del mundo para los deportes de nieve, cuentan con vistas impresionantes de los Andes y con la mejor calidad de nieve en Chile. Los paisajes son simplemente alucinantes, pero lo que realmente te dejar\u00e1 sin aliento es el esqu\u00ed.<\/p>\n\n\n\n<p>Nuestros instructores de ski y snowboard son locales de la zona, conocen todos los secretos y las mejores pistas, por lo que te guiar\u00e1n a trav\u00e9s de las pistas m\u00e1s emocionantes y desafiantes que se ajusten a tu nivel de habilidad. Nuestros instructores te brindar\u00e1n consejos y sugerencias para que puedas mejorar tu t\u00e9cnica mientras te diviertes esquiando.<\/p>\n\n\n\n<p>Nuestro programa&nbsp; incluye:<\/p>\n\n\n\n<ul class=\"wp-block-list\">\n<li>Selecci\u00f3n del centro de ski m\u00e1s adecuado para tu nivel de habilidad.<\/li>\n\n\n\n<li>Asesor\u00eda en la selecci\u00f3n del equipo de ski o snowboard m\u00e1s adecuado para ti, en caso de que no tengas tu propio equipo.<\/li>\n\n\n\n<li>D\u00eda guiado por las pistas y lugares de acuerdo a tu nivel del centro de ski y seleccionado.<\/li>\n\n\n\n<li>Parada intermedia en un lugar panor\u00e1mico para que puedas disfrutar de las vistas y tomar fotos.<\/li>\n\n\n\n<li>Consejos y sugerencias para mejorar tu t\u00e9cnica de ski o snowboard por instructores profesionales.<\/li>\n\n\n\n<li>Instructor certificado de ski o snowboard con certificaci\u00f3n en primeros auxilios.<\/li>\n\n\n\n<li>Asesoramiento en caso de que quieras mejorar tu t\u00e9cnica.<\/li>\n<\/ul>\n\n\n\n<p><\/p>\n\n\n\n<p>Nuestro programa es flexible y puede adaptarse a tus necesidades y habilidades. Adem\u00e1s, est\u00e1 sujeto a cambios dependiendo de las condiciones clim\u00e1ticas y otros factores externos que puedan afectar la seguridad de los clientes.<\/p>\n\n\n\n<p>Cuando agendes nuestro programa, agendamos una reuni\u00f3n contigo para conocerte y ver cual es tu experiencia en el ski o snowboard. Tambi\u00e9n veremos que es lo que te gustar\u00eda lograr en estos d\u00edas de ski y asi con esta informaci\u00f3n podremos planificar de forma personalizada tus d\u00edas de ski<\/p>\n\n\n\n<p>\u00a1No pierdas la oportunidad de esquiar en los centros de ski de Santiago, Chile con instructores locales experimentados y disfrutar de la mejor nieve con vistas alucinantes a la cordillera de los Andes! \u00a1Cont\u00e1ctanos para programar tu salida guiada y vive la aventura de tu vida!<\/p>\n\n\n\n<p>Itinerario desde Farellones:<\/p>\n\n\n\n<p>8:30 Pick up en tu hotel en farellones<\/p>\n\n\n\n<p>9:00 Comienza el d\u00eda de ski!<\/p>\n\n\n\n<p>12:00 Break de snack o almuerzo<\/p>\n\n\n\n<p>17:00 T\u00e9rmino del d\u00eda y drop off<\/p>\n\n\n\n<p>Itinerario desde Santiago:<\/p>\n\n\n\n<p>6:30 Pick up en tu hotel en farellones<\/p>\n\n\n\n<p>9:00 Comienza el d\u00eda de ski!<\/p>\n\n\n\n<p>12:00 Break de snack o almuerzo<\/p>\n\n\n\n<p>17:00 T\u00e9rmino del d\u00eda y drop off<\/p>","protected":false},"excerpt":{"rendered":"<p>\u00bfEst\u00e1s buscando una experiencia \u00fanica y emocionante en los centros de ski de Santiago, Chile? \u00danete a nosotros para disfrutar de la mejor nieve en una aventura guiada por instructores locales que te llevaran a los mejores lugares. Los centros de ski de Santiago, Chile est\u00e1n situados en una de las regiones m\u00e1s bellas y [&hellip;]<\/p>","protected":false},"author":1,"featured_media":0,"parent":24,"menu_order":0,"comment_status":"closed","ping_status":"closed","template":"","meta":{"footnotes":""},"class_list":["post-1146","page","type-page","status-publish","hentry"],"yoast_head":"<!-- This site is optimized with the Yoast SEO plugin v24.4 - https:\/\/yoast.com\/wordpress\/plugins\/seo\/ -->\n<title>Ride with a local - Andes to pacific<\/title>\n<meta name=\"robots\" content=\"index, follow, max-snippet:-1, max-image-preview:large, max-video-preview:-1\" \/>\n<link rel=\"canonical\" href=\"https:\/\/andestopacific.cl\/en\/escalada\/curso-1-copy-copy-2-copy-copy-copy\/\" \/>\n<meta property=\"og:locale\" content=\"en_US\" \/>\n<meta property=\"og:type\" content=\"article\" \/>\n<meta property=\"og:title\" content=\"Ride with a local - Andes to pacific\" \/>\n<meta property=\"og:description\" content=\"\u00bfEst\u00e1s buscando una experiencia \u00fanica y emocionante en los centros de ski de Santiago, Chile? \u00danete a nosotros para disfrutar de la mejor nieve en una aventura guiada por instructores locales que te llevaran a los mejores lugares. Los centros de ski de Santiago, Chile est\u00e1n situados en una de las regiones m\u00e1s bellas y [&hellip;]\" \/>\n<meta property=\"og:url\" content=\"https:\/\/andestopacific.cl\/en\/escalada\/curso-1-copy-copy-2-copy-copy-copy\/\" \/>\n<meta property=\"og:site_name\" content=\"Andes to pacific\" \/>\n<meta property=\"article:modified_time\" content=\"2024-02-28T20:56:22+00:00\" \/>\n<meta property=\"og:image\" content=\"https:\/\/andestopacific.cl\/wp-content\/uploads\/2024\/01\/faviconandes.png\" \/>\n\t<meta property=\"og:image:width\" content=\"512\" \/>\n\t<meta property=\"og:image:height\" content=\"512\" \/>\n\t<meta property=\"og:image:type\" content=\"image\/png\" \/>\n<meta name=\"twitter:card\" content=\"summary_large_image\" \/>\n<meta name=\"twitter:label1\" content=\"Est. reading time\" \/>\n\t<meta name=\"twitter:data1\" content=\"3 minutes\" \/>\n<script type=\"application\/ld+json\" class=\"yoast-schema-graph\">{\"@context\":\"https:\/\/schema.org\",\"@graph\":[{\"@type\":\"WebPage\",\"@id\":\"https:\/\/andestopacific.cl\/escalada\/curso-1-copy-copy-2-copy-copy-copy\/\",\"url\":\"https:\/\/andestopacific.cl\/escalada\/curso-1-copy-copy-2-copy-copy-copy\/\",\"name\":\"Ride with a local - Andes to pacific\",\"isPartOf\":{\"@id\":\"https:\/\/andestopacific.cl\/#website\"},\"datePublished\":\"2024-02-28T17:27:16+00:00\",\"dateModified\":\"2024-02-28T20:56:22+00:00\",\"breadcrumb\":{\"@id\":\"https:\/\/andestopacific.cl\/escalada\/curso-1-copy-copy-2-copy-copy-copy\/#breadcrumb\"},\"inLanguage\":\"en-US\",\"potentialAction\":[{\"@type\":\"ReadAction\",\"target\":[\"https:\/\/andestopacific.cl\/escalada\/curso-1-copy-copy-2-copy-copy-copy\/\"]}]},{\"@type\":\"BreadcrumbList\",\"@id\":\"https:\/\/andestopacific.cl\/escalada\/curso-1-copy-copy-2-copy-copy-copy\/#breadcrumb\",\"itemListElement\":[{\"@type\":\"ListItem\",\"position\":1,\"name\":\"Portada\",\"item\":\"https:\/\/andestopacific.cl\/\"},{\"@type\":\"ListItem\",\"position\":2,\"name\":\"Escalada\",\"item\":\"https:\/\/andestopacific.cl\/escalada\/\"},{\"@type\":\"ListItem\",\"position\":3,\"name\":\"Ride with a local\"}]},{\"@type\":\"WebSite\",\"@id\":\"https:\/\/andestopacific.cl\/#website\",\"url\":\"https:\/\/andestopacific.cl\/\",\"name\":\"Andes to pacific\",\"description\":\"\",\"publisher\":{\"@id\":\"https:\/\/andestopacific.cl\/#organization\"},\"potentialAction\":[{\"@type\":\"SearchAction\",\"target\":{\"@type\":\"EntryPoint\",\"urlTemplate\":\"https:\/\/andestopacific.cl\/?s={search_term_string}\"},\"query-input\":{\"@type\":\"PropertyValueSpecification\",\"valueRequired\":true,\"valueName\":\"search_term_string\"}}],\"inLanguage\":\"en-US\"},{\"@type\":\"Organization\",\"@id\":\"https:\/\/andestopacific.cl\/#organization\",\"name\":\"Andes to pacific\",\"url\":\"https:\/\/andestopacific.cl\/\",\"logo\":{\"@type\":\"ImageObject\",\"inLanguage\":\"en-US\",\"@id\":\"https:\/\/andestopacific.cl\/#\/schema\/logo\/image\/\",\"url\":\"https:\/\/andestopacific.cl\/wp-content\/uploads\/2024\/01\/faviconandes.png\",\"contentUrl\":\"https:\/\/andestopacific.cl\/wp-content\/uploads\/2024\/01\/faviconandes.png\",\"width\":512,\"height\":512,\"caption\":\"Andes to pacific\"},\"image\":{\"@id\":\"https:\/\/andestopacific.cl\/#\/schema\/logo\/image\/\"}}]}<\/script>\n<!-- \/ Yoast SEO plugin. -->","yoast_head_json":{"title":"Ride with a local - Andes to pacific","robots":{"index":"index","follow":"follow","max-snippet":"max-snippet:-1","max-image-preview":"max-image-preview:large","max-video-preview":"max-video-preview:-1"},"canonical":"https:\/\/andestopacific.cl\/en\/escalada\/curso-1-copy-copy-2-copy-copy-copy\/","og_locale":"en_US","og_type":"article","og_title":"Ride with a local - Andes to pacific","og_description":"\u00bfEst\u00e1s buscando una experiencia \u00fanica y emocionante en los centros de ski de Santiago, Chile? \u00danete a nosotros para disfrutar de la mejor nieve en una aventura guiada por instructores locales que te llevaran a los mejores lugares. Los centros de ski de Santiago, Chile est\u00e1n situados en una de las regiones m\u00e1s bellas y [&hellip;]","og_url":"https:\/\/andestopacific.cl\/en\/escalada\/curso-1-copy-copy-2-copy-copy-copy\/","og_site_name":"Andes to pacific","article_modified_time":"2024-02-28T20:56:22+00:00","og_image":[{"width":512,"height":512,"url":"https:\/\/andestopacific.cl\/wp-content\/uploads\/2024\/01\/faviconandes.png","type":"image\/png"}],"twitter_card":"summary_large_image","twitter_misc":{"Est. reading time":"3 minutes"},"schema":{"@context":"https:\/\/schema.org","@graph":[{"@type":"WebPage","@id":"https:\/\/andestopacific.cl\/escalada\/curso-1-copy-copy-2-copy-copy-copy\/","url":"https:\/\/andestopacific.cl\/escalada\/curso-1-copy-copy-2-copy-copy-copy\/","name":"Ride with a local - Andes to pacific","isPartOf":{"@id":"https:\/\/andestopacific.cl\/#website"},"datePublished":"2024-02-28T17:27:16+00:00","dateModified":"2024-02-28T20:56:22+00:00","breadcrumb":{"@id":"https:\/\/andestopacific.cl\/escalada\/curso-1-copy-copy-2-copy-copy-copy\/#breadcrumb"},"inLanguage":"en-US","potentialAction":[{"@type":"ReadAction","target":["https:\/\/andestopacific.cl\/escalada\/curso-1-copy-copy-2-copy-copy-copy\/"]}]},{"@type":"BreadcrumbList","@id":"https:\/\/andestopacific.cl\/escalada\/curso-1-copy-copy-2-copy-copy-copy\/#breadcrumb","itemListElement":[{"@type":"ListItem","position":1,"name":"Portada","item":"https:\/\/andestopacific.cl\/"},{"@type":"ListItem","position":2,"name":"Escalada","item":"https:\/\/andestopacific.cl\/escalada\/"},{"@type":"ListItem","position":3,"name":"Ride with a local"}]},{"@type":"WebSite","@id":"https:\/\/andestopacific.cl\/#website","url":"https:\/\/andestopacific.cl\/","name":"Andes to pacific","description":"","publisher":{"@id":"https:\/\/andestopacific.cl\/#organization"},"potentialAction":[{"@type":"SearchAction","target":{"@type":"EntryPoint","urlTemplate":"https:\/\/andestopacific.cl\/?s={search_term_string}"},"query-input":{"@type":"PropertyValueSpecification","valueRequired":true,"valueName":"search_term_string"}}],"inLanguage":"en-US"},{"@type":"Organization","@id":"https:\/\/andestopacific.cl\/#organization","name":"Andes to pacific","url":"https:\/\/andestopacific.cl\/","logo":{"@type":"ImageObject","inLanguage":"en-US","@id":"https:\/\/andestopacific.cl\/#\/schema\/logo\/image\/","url":"https:\/\/andestopacific.cl\/wp-content\/uploads\/2024\/01\/faviconandes.png","contentUrl":"https:\/\/andestopacific.cl\/wp-content\/uploads\/2024\/01\/faviconandes.png","width":512,"height":512,"caption":"Andes to pacific"},"image":{"@id":"https:\/\/andestopacific.cl\/#\/schema\/logo\/image\/"}}]}},"_links":{"self":[{"href":"https:\/\/andestopacific.cl\/en\/wp-json\/wp\/v2\/pages\/1146","targetHints":{"allow":["GET"]}}],"collection":[{"href":"https:\/\/andestopacific.cl\/en\/wp-json\/wp\/v2\/pages"}],"about":[{"href":"https:\/\/andestopacific.cl\/en\/wp-json\/wp\/v2\/types\/page"}],"author":[{"embeddable":true,"href":"https:\/\/andestopacific.cl\/en\/wp-json\/wp\/v2\/users\/1"}],"replies":[{"embeddable":true,"href":"https:\/\/andestopacific.cl\/en\/wp-json\/wp\/v2\/comments?post=1146"}],"version-history":[{"count":11,"href":"https:\/\/andestopacific.cl\/en\/wp-json\/wp\/v2\/pages\/1146\/revisions"}],"predecessor-version":[{"id":1190,"href":"https:\/\/andestopacific.cl\/en\/wp-json\/wp\/v2\/pages\/1146\/revisions\/1190"}],"up":[{"embeddable":true,"href":"https:\/\/andestopacific.cl\/en\/wp-json\/wp\/v2\/pages\/24"}],"wp:attachment":[{"href":"https:\/\/andestopacific.cl\/en\/wp-json\/wp\/v2\/media?parent=1146"}],"curies":[{"name":"wp","href":"https:\/\/api.w.org\/{rel}","templated":true}]}}